{"id":989,"date":"2022-03-10T22:44:01","date_gmt":"2022-03-11T03:44:01","guid":{"rendered":"https:\/\/essb.jolistage.com\/our-organization\/governance\/council-of-commissioners\/members\/"},"modified":"2025-09-10T10:14:43","modified_gmt":"2025-09-10T14:14:43","slug":"membres","status":"publish","type":"page","link":"https:\/\/www.essb.qc.ca\/fr\/notre-organisation\/gouvernance\/membres\/","title":{"rendered":"Membres"},"content":{"rendered":"<div class=\"wpb-content-wrapper\"><p>[vc_row][vc_column width=&#8221;2\/3&#8243; css=&#8221;.vc_custom_1642549408860{padding-top: 37px !important;padding-right: 50px !important;}&#8221;]<div class='es_text_container es_font-regular '><\/p>\n<h1>Liste des membres<\/h1>\n<p><strong>CIRCONSCRIPTION COMMISSAIRE CIRCONSCRIPTION \u00c9LECTORALE CHAIR<\/strong><\/p>\n<p><strong>M. Wade Gifford<\/strong><br \/>\n418-752-5328<br \/>\nwade.gifford@essb.qc.ca<\/p>\n<p><strong>Commission scolaire Eastern Shores<\/strong><br \/>\n<strong><br \/>\nMme. Mary Ellen Beaulieu<\/strong><br \/>\nTel : <a href=\"tel:14182966422\">418-296-6422<\/a><br \/>\n<a href=\"mailto:maryellen.beaulieu@essb.qc.ca\">maryellen.beaulieu@essb.qc.ca<\/a><br \/>\nIncluant la ville de Baie-Comeau et une partie de la ville de Sept-\u00celes ainsi que la ville de Fermont<\/p>\n<p><strong>Mr. Mederic O\u2019Brien<\/strong><br \/>\nTel: <a href=\"tel:14184098533\">418-409-8533<\/a><br \/>\n<a href=\"mailto:mederic.obrien@essb.qc.ca\">mederic.obrien@essb.qc.ca<\/a><br \/>\nIncluant une partie de la ville de Sept-\u00celes jusqu\u2019\u00e0 la limite de Petit-M\u00e9catina<\/p>\n<p><strong>Ms. Julie McWhirter<\/strong><br \/>\nTel: <a href=\"tel:4183917725\">418-391-7725<\/a><br \/>\n<a href=\"mailto:j.mcwhirter@essb.qc.ca\">j.mcwhirter@essb.qc.ca<\/a><\/p>\n<p>Incluant les municipalit\u00e9s de Maria, jusqu\u2019\u00e0 Pointe-\u00e0-la-Croix ainsi que Matap\u00e9dia jusqu\u2019\u00e0 Rimouski incluant M\u00e9tis-sur-Mer jusqu\u2019\u00e0 La Pocati\u00e8re<\/p>\n<p><strong>Ms. France Bujold<\/strong><br \/>\nTel: <a href=\"tel:14183920854\">418-392-0854<\/a><br \/>\nIncluant les municipalit\u00e9s de Cascap\u00e9dia-St-Jules, la ville de New Richmond, la r\u00e9serve Gesgapegiag et les villages de Caplan et St-Alphonse<\/p>\n<p><strong>Mr. Kenneth Ward<\/strong><br \/>\nTel: <a href=\"tel:14187528260\">418-752-8260<\/a><br \/>\n<a href=\"mailto:kenneth.ward@essb.qc.ca\">kenneth.ward@essb.qc.ca<\/a><br \/>\nInclus la municipalit\u00e9 de Saint-Elz\u00e9ar, la ville de Bonaventure, et la municipalit\u00e9 de New Carlisle<\/p>\n<p><strong>M. George Hayes<\/strong><br \/>\n<a href=\"tel:14187524743\">418-752-4743<\/a><br \/>\n<a href=\"tel:14187526772\">418-752-6772 <\/a><br \/>\n<a href=\"mailto:george.hayes@essb.qc.ca\">george.hayes@essb.qc.ca<\/a><br \/>\nIncluant la municipalit\u00e9 de Pasp\u00e9biac, jusqu\u2019\u00e0 Port-Daniel-Gascons<\/p>\n<p><strong>Mr. Doug Hunt<\/strong><br \/>\nTel: <a href=\"tel:14186805511\">418-680-5511<\/a><br \/>\n<a href=\"mailto:doug.hunt@essb.qc.ca\">doug.hunt@essb.qc.ca<\/a><br \/>\nIncluant les municipalit\u00e9s Chandler jusqu\u2019au Sainte-Th\u00e9r\u00e8se de Gasp\u00e9<\/p>\n<p><strong>M. Donald Bourgouin<\/strong><br \/>\nTel: <a href=\"tel:14183683054\">418-368-3054<\/a><br \/>\n<a href=\"mailto:donald.bourgouin@essb.qc.ca\">donald.bourgouin@essb.qc.ca<\/a><br \/>\nUne partie de la ville de Gasp\u00e9 situ\u00e9 au sud du bassin de la rivi\u00e8re York et de cette rivi\u00e8re.<\/p>\n<p><strong>M. Ronald Mundle<\/strong><br \/>\nTel: <a href=\"tel:14183685227\">418-368-5227<\/a><br \/>\nFax: <a href=\"tel:14183682284\">418-368-2284<\/a><br \/>\n<a href=\"mailto:ronald.mundle@essb.qc.ca\">ronald.mundle@essb.qc.ca<\/a><br \/>\nIncluant les municipalit\u00e9s de Matane jusqu\u2019\u00e0 et une partie de la ville de Gasp\u00e9 situ\u00e9 au nord du bassin de la rivi\u00e8re York et de cette rivi\u00e8re<br \/>\nainsi que la ville de Murdochville<\/p>\n<p><strong>M. Kerry Dickson<\/strong><br \/>\nTel: <a href=\"tel:14189852311\">418-985-2311<\/a><br \/>\n<a href=\"mailto:kerry.dickson@essb.qc.ca\">kerry.dickson@essb.qc.ca<\/a><br \/>\nLes \u00celes-de-la-Madeleine<\/p>\n<p><strong>Commissaire Parent Kathy Mackenzie<\/strong><br \/>\nTel: <a href=\"tel:14183962065\">418-396-2065<\/a><br \/>\n<a href=\"mailto:kathy.mackenzie@essb.qc.ca\">kathy.mackenzie@essb.qc.ca<\/a><br \/>\nRepr\u00e9sentant \u00e9l\u00e9mentaire<\/p>\n<p><strong>Commissaire Parent Jackie Bizeau<br \/>\nTel: <\/strong><a href=\"tel:14189654912\">418-965-4912<\/a><strong><br \/>\n<\/strong><a href=\"mailto:jackie.bizeau@essb.qc.ca\">jackie.bizeau@essb.qc.ca<\/a><br \/>\nRepr\u00e9sentant secondaire<\/p>\n<p><strong>Commissaire Parent Maude Ouellet <\/strong><br \/>\nTel: <a href=\"tel:14187226100\">418-689-6365<\/a><br \/>\n<a href=\"mailto:maude.ouellet@essb.qc.ca\">maude.ouellet@essb.qc.ca<\/a><br \/>\nRepr\u00e9sentant EHDAA<\/p>\n<p><strong>Commissaire Parent Rhonda Stewart<\/strong><br \/>\nTel: <a href=\"tel:14183607367\">418-360-7367<\/a><br \/>\n<a href=\"mailto:rhonda.stewart@essb.qc.ca\">rhonda.stewart@essb.qc.ca<\/a><br \/>\nRepr\u00e9sentante g\u00e9n\u00e9rale<\/div><div class='es_text_container es_font-regular '><\/p>\n<h1>Le r\u00f4le des commissaires<\/h1>\n<p>Les commissaires scolaires jouent un r\u00f4le cl\u00e9. \u00c9lus par les citoyens, ils d\u00e9terminent les orientations de la commission scolaire en tenant compte des int\u00e9r\u00eats des \u00e9l\u00e8ves, des parents et des \u00e9lecteurs de leur communaut\u00e9. La commission scolaire \u00e9tant un gouvernement local autonome, les commissaires, qui forment ensemble le conseil des commissaires, exercent des responsabilit\u00e9s comparables \u00e0 celles des conseillers municipaux. Depuis 2014, les pr\u00e9sidents des commissions scolaires sont \u00e9lus au suffrage universel, ce qui signifie que les \u00e9lecteurs choisissent la personne qui pr\u00e9sidera leur commission scolaire locale. Le commissaire prend des d\u00e9cisions dans les domaines suivants :<\/p>\n<p><strong>1- Les orientations et les priorit\u00e9s de la commission scolaire;<\/strong><br \/>\nLes politiques \u00e9ducatives et administratives;<\/p>\n<p><strong>2- Le plan strat\u00e9gique de la commission scolaire;<\/strong><\/p>\n<ul style=\"margin-top: -20px;\">\n<li>l&#8217;utilisation des \u00e9coles et des centres de formation relevant de la comp\u00e9tence de la commission scolaire;<\/li>\n<li>la r\u00e9partition \u00e9quitable des ressources humaines, mat\u00e9rielles et financi\u00e8res entre les \u00e9coles et les centres de formation;<\/li>\n<li>la politique de transport scolaire (incluant les frais et les distances de marche);<\/li>\n<li>les cours d&#8217;\u00e9t\u00e9 offerts et les frais aff\u00e9rents;<\/li>\n<li>l&#8217;attribution de contrats de services professionnels (par exemple, en architecture ou en ing\u00e9nierie) ou de services d&#8217;hygi\u00e8ne et d&#8217;assainissement;<\/li>\n<li>les orientations budg\u00e9taires et les d\u00e9penses \u00e0 autoriser;<\/li>\n<li>la Politique sur les services de garde en milieu scolaire;<\/li>\n<li>l&#8217;affiliation \u00e0 des organisations nationales ou internationales (ex. : Baccalaur\u00e9at international) ou le retrait de ces organisations;<\/li>\n<li>les frais de location de salles ou d&#8217;espaces \u00e0 des organismes municipaux ou communautaires;<\/li>\n<li>les projets sociaux visant \u00e0 pr\u00e9venir le d\u00e9crochage scolaire ou \u00e0 \u00e9liminer la violence et l&#8217;intimidation.<\/li>\n<\/ul>\n<p><\/div><div class='es_text_container es_font-regular '><strong>CONSEIL EX\u00c9CUTIF<\/strong><\/p>\n<p>Wade Gifford \/ Pr\u00e9sident<br \/>\nKerry Dickson \/ Vice-Pr\u00e9sidente<br \/>\nMary Ellen Beaulieu \/ Membre<br \/>\nMederic O&#8217;Brien \/ Membre<br \/>\nKenneth Ward \/ Membre<br \/>\nRhonda Stewart \/ Membre<\/div>[\/vc_column][vc_column width=&#8221;1\/3&#8243; css=&#8221;.vc_custom_1643307697934{padding-top: 37px !important;padding-bottom: 65px !important;padding-left: 30px !important;}&#8221; el_class=&#8221;sidebar-primary&#8221;]    <div class=\"es_quick-links \">\n        <h2 class=\"es_quick-links-title\">Acc\u00e8s rapide<\/h2>\n        <div class=\"menu-quick-links-french-container\"><ul id=\"menu-quick-links-french\" class=\"menu-quick-links\"><li id=\"menu-item-1262\" class=\"menu-item menu-item-type-post_type menu-item-object-page menu-item-1262\"><a href=\"https:\/\/www.essb.qc.ca\/fr\/informations-parent\/\" class=\"menu-link\">Information parents<\/a><\/li>\n<li id=\"menu-item-30856\" class=\"menu-item menu-item-type-post_type menu-item-object-post menu-item-30856\"><a href=\"https:\/\/www.essb.qc.ca\/fr\/processus-de-traitement-des-plaintes\/\" class=\"menu-link\">Traitement des plaintes<\/a><\/li>\n<li id=\"menu-item-1263\" class=\"menu-item menu-item-type-post_type menu-item-object-page menu-item-1263\"><a href=\"https:\/\/www.essb.qc.ca\/fr\/carrieres\/\" class=\"menu-link\">Carri\u00e8res \/ Stages<\/a><\/li>\n<li id=\"menu-item-1806\" class=\"menu-item menu-item-type-post_type menu-item-object-page menu-item-1806\"><a href=\"https:\/\/www.essb.qc.ca\/fr\/taxe-scolaire\/\" class=\"menu-link\">Taxe scolaire<\/a><\/li>\n<li id=\"menu-item-21482\" class=\"menu-item menu-item-type-custom menu-item-object-custom menu-item-21482\"><a href=\"https:\/\/www.essb.qc.ca\/adult-and-vocational-education\/service-to-business\" class=\"menu-link\">Service aux entreprises<\/a><\/li>\n<\/ul><\/div>    <\/div>\n    [\/vc_column][\/vc_row]<\/p>\n<\/div>","protected":false},"excerpt":{"rendered":"<p>[vc_row][vc_column width=&#8221;2\/3&#8243; css=&#8221;.vc_custom_1642549408860{padding-top: 37px !important;padding-right: 50px !important;}&#8221;][\/vc_column][vc_column width=&#8221;1\/3&#8243; css=&#8221;.vc_custom_1643307697934{padding-top: 37px !important;padding-bottom: 65px !important;padding-left: 30px !important;}&#8221; el_class=&#8221;sidebar-primary&#8221;][\/vc_column][\/vc_row]<\/p>\n","protected":false},"author":1,"featured_media":0,"parent":982,"menu_order":0,"comment_status":"closed","ping_status":"closed","template":"","meta":{"_acf_changed":false,"site-sidebar-layout":"no-sidebar","site-content-layout":"default","ast-site-content-layout":"default","site-content-style":"default","site-sidebar-style":"default","ast-global-header-display":"","ast-banner-title-visibility":"","ast-main-header-display":"","ast-hfb-above-header-display":"","ast-hfb-below-header-display":"","ast-hfb-mobile-header-display":"","site-post-title":"","ast-breadcrumbs-content":"","ast-featured-img":"","footer-sml-layout":"","ast-disable-related-posts":"","theme-transparent-header-meta":"default","adv-header-id-meta":"","stick-header-meta":"","header-above-stick-meta":"","header-main-stick-meta":"","header-below-stick-meta":"","astra-migrate-meta-layouts":"set","ast-page-background-enabled":"default","ast-page-background-meta":{"desktop":{"background-color":"var(--ast-global-color-4)","background-image":"","background-repeat":"repeat","background-position":"center center","background-size":"auto","background-attachment":"scroll","background-type":"","background-media":"","overlay-type":"","overlay-color":"","overlay-opacity":"","overlay-gradient":""},"tablet":{"background-color":"","background-image":"","background-repeat":"repeat","background-position":"center center","background-size":"auto","background-attachment":"scroll","background-type":"","background-media":"","overlay-type":"","overlay-color":"","overlay-opacity":"","overlay-gradient":""},"mobile":{"background-color":"","background-image":"","background-repeat":"repeat","background-position":"center center","background-size":"auto","background-attachment":"scroll","background-type":"","background-media":"","overlay-type":"","overlay-color":"","overlay-opacity":"","overlay-gradient":""}},"ast-content-background-meta":{"desktop":{"background-color":"var(--ast-global-color-5)","background-image":"","background-repeat":"repeat","background-position":"center center","background-size":"auto","background-attachment":"scroll","background-type":"","background-media":"","overlay-type":"","overlay-color":"","overlay-opacity":"","overlay-gradient":""},"tablet":{"background-color":"var(--ast-global-color-5)","background-image":"","background-repeat":"repeat","background-position":"center center","background-size":"auto","background-attachment":"scroll","background-type":"","background-media":"","overlay-type":"","overlay-color":"","overlay-opacity":"","overlay-gradient":""},"mobile":{"background-color":"var(--ast-global-color-5)","background-image":"","background-repeat":"repeat","background-position":"center center","background-size":"auto","background-attachment":"scroll","background-type":"","background-media":"","overlay-type":"","overlay-color":"","overlay-opacity":"","overlay-gradient":""}},"footnotes":""},"class_list":["post-989","page","type-page","status-publish","hentry"],"acf":[],"yoast_head":"<!-- This site is optimized with the Yoast SEO plugin v26.8 - https:\/\/yoast.com\/product\/yoast-seo-wordpress\/ -->\n<title>Membres - Eastern Shores<\/title>\n<meta name=\"robots\" content=\"index, follow, max-snippet:-1, max-image-preview:large, max-video-preview:-1\" \/>\n<link rel=\"canonical\" href=\"https:\/\/www.essb.qc.ca\/fr\/notre-organisation\/gouvernance\/membres\/\" \/>\n<meta property=\"og:locale\" content=\"fr_FR\" \/>\n<meta property=\"og:type\" content=\"article\" \/>\n<meta property=\"og:title\" content=\"Membres - Eastern Shores\" \/>\n<meta property=\"og:description\" content=\"[vc_row][vc_column width=&#8221;2\/3&#8243; css=&#8221;.vc_custom_1642549408860{padding-top: 37px !important;padding-right: 50px !important;}&#8221;][\/vc_column][vc_column width=&#8221;1\/3&#8243; css=&#8221;.vc_custom_1643307697934{padding-top: 37px !important;padding-bottom: 65px !important;padding-left: 30px !important;}&#8221; el_class=&#8221;sidebar-primary&#8221;][\/vc_column][\/vc_row]\" \/>\n<meta property=\"og:url\" content=\"https:\/\/www.essb.qc.ca\/fr\/notre-organisation\/gouvernance\/membres\/\" \/>\n<meta property=\"og:site_name\" content=\"Eastern Shores\" \/>\n<meta property=\"article:modified_time\" content=\"2025-09-10T14:14:43+00:00\" \/>\n<meta property=\"og:image\" content=\"https:\/\/www.essb.qc.ca\/wp-content\/uploads\/2022\/10\/easternshores.jpg\" \/>\n\t<meta property=\"og:image:width\" content=\"1439\" \/>\n\t<meta property=\"og:image:height\" content=\"1080\" \/>\n\t<meta property=\"og:image:type\" content=\"image\/jpeg\" \/>\n<meta name=\"twitter:card\" content=\"summary_large_image\" \/>\n<meta name=\"twitter:label1\" content=\"Dur\u00e9e de lecture estim\u00e9e\" \/>\n\t<meta name=\"twitter:data1\" content=\"3 minutes\" \/>\n<script type=\"application\/ld+json\" class=\"yoast-schema-graph\">{\"@context\":\"https:\/\/schema.org\",\"@graph\":[{\"@type\":\"WebPage\",\"@id\":\"https:\/\/www.essb.qc.ca\/fr\/notre-organisation\/gouvernance\/membres\/\",\"url\":\"https:\/\/www.essb.qc.ca\/fr\/notre-organisation\/gouvernance\/membres\/\",\"name\":\"Membres - Eastern Shores\",\"isPartOf\":{\"@id\":\"https:\/\/www.essb.qc.ca\/fr\/#website\"},\"datePublished\":\"2022-03-11T03:44:01+00:00\",\"dateModified\":\"2025-09-10T14:14:43+00:00\",\"breadcrumb\":{\"@id\":\"https:\/\/www.essb.qc.ca\/fr\/notre-organisation\/gouvernance\/membres\/#breadcrumb\"},\"inLanguage\":\"fr-FR\",\"potentialAction\":[{\"@type\":\"ReadAction\",\"target\":[\"https:\/\/www.essb.qc.ca\/fr\/notre-organisation\/gouvernance\/membres\/\"]}]},{\"@type\":\"BreadcrumbList\",\"@id\":\"https:\/\/www.essb.qc.ca\/fr\/notre-organisation\/gouvernance\/membres\/#breadcrumb\",\"itemListElement\":[{\"@type\":\"ListItem\",\"position\":1,\"name\":\"Home\",\"item\":\"https:\/\/www.essb.qc.ca\/fr\/\"},{\"@type\":\"ListItem\",\"position\":2,\"name\":\"Notre organisation\",\"item\":\"https:\/\/www.essb.qc.ca\/fr\/notre-organisation\/\"},{\"@type\":\"ListItem\",\"position\":3,\"name\":\"Gouvernance\",\"item\":\"https:\/\/www.essb.qc.ca\/fr\/notre-organisation\/gouvernance\/\"},{\"@type\":\"ListItem\",\"position\":4,\"name\":\"Membres\"}]},{\"@type\":\"WebSite\",\"@id\":\"https:\/\/www.essb.qc.ca\/fr\/#website\",\"url\":\"https:\/\/www.essb.qc.ca\/fr\/\",\"name\":\"Eastern Shores\",\"description\":\"\",\"publisher\":{\"@id\":\"https:\/\/www.essb.qc.ca\/fr\/#organization\"},\"potentialAction\":[{\"@type\":\"SearchAction\",\"target\":{\"@type\":\"EntryPoint\",\"urlTemplate\":\"https:\/\/www.essb.qc.ca\/fr\/?s={search_term_string}\"},\"query-input\":{\"@type\":\"PropertyValueSpecification\",\"valueRequired\":true,\"valueName\":\"search_term_string\"}}],\"inLanguage\":\"fr-FR\"},{\"@type\":\"Organization\",\"@id\":\"https:\/\/www.essb.qc.ca\/fr\/#organization\",\"name\":\"Eastern Shores\",\"url\":\"https:\/\/www.essb.qc.ca\/fr\/\",\"logo\":{\"@type\":\"ImageObject\",\"inLanguage\":\"fr-FR\",\"@id\":\"https:\/\/www.essb.qc.ca\/fr\/#\/schema\/logo\/image\/\",\"url\":\"https:\/\/www.essb.qc.ca\/wp-content\/uploads\/2022\/10\/easternshores.jpg\",\"contentUrl\":\"https:\/\/www.essb.qc.ca\/wp-content\/uploads\/2022\/10\/easternshores.jpg\",\"width\":1439,\"height\":1080,\"caption\":\"Eastern Shores\"},\"image\":{\"@id\":\"https:\/\/www.essb.qc.ca\/fr\/#\/schema\/logo\/image\/\"}}]}<\/script>\n<!-- \/ Yoast SEO plugin. -->","yoast_head_json":{"title":"Membres - Eastern Shores","robots":{"index":"index","follow":"follow","max-snippet":"max-snippet:-1","max-image-preview":"max-image-preview:large","max-video-preview":"max-video-preview:-1"},"canonical":"https:\/\/www.essb.qc.ca\/fr\/notre-organisation\/gouvernance\/membres\/","og_locale":"fr_FR","og_type":"article","og_title":"Membres - Eastern Shores","og_description":"[vc_row][vc_column width=&#8221;2\/3&#8243; css=&#8221;.vc_custom_1642549408860{padding-top: 37px !important;padding-right: 50px !important;}&#8221;][\/vc_column][vc_column width=&#8221;1\/3&#8243; css=&#8221;.vc_custom_1643307697934{padding-top: 37px !important;padding-bottom: 65px !important;padding-left: 30px !important;}&#8221; el_class=&#8221;sidebar-primary&#8221;][\/vc_column][\/vc_row]","og_url":"https:\/\/www.essb.qc.ca\/fr\/notre-organisation\/gouvernance\/membres\/","og_site_name":"Eastern Shores","article_modified_time":"2025-09-10T14:14:43+00:00","og_image":[{"width":1439,"height":1080,"url":"https:\/\/www.essb.qc.ca\/wp-content\/uploads\/2022\/10\/easternshores.jpg","type":"image\/jpeg"}],"twitter_card":"summary_large_image","twitter_misc":{"Dur\u00e9e de lecture estim\u00e9e":"3 minutes"},"schema":{"@context":"https:\/\/schema.org","@graph":[{"@type":"WebPage","@id":"https:\/\/www.essb.qc.ca\/fr\/notre-organisation\/gouvernance\/membres\/","url":"https:\/\/www.essb.qc.ca\/fr\/notre-organisation\/gouvernance\/membres\/","name":"Membres - Eastern Shores","isPartOf":{"@id":"https:\/\/www.essb.qc.ca\/fr\/#website"},"datePublished":"2022-03-11T03:44:01+00:00","dateModified":"2025-09-10T14:14:43+00:00","breadcrumb":{"@id":"https:\/\/www.essb.qc.ca\/fr\/notre-organisation\/gouvernance\/membres\/#breadcrumb"},"inLanguage":"fr-FR","potentialAction":[{"@type":"ReadAction","target":["https:\/\/www.essb.qc.ca\/fr\/notre-organisation\/gouvernance\/membres\/"]}]},{"@type":"BreadcrumbList","@id":"https:\/\/www.essb.qc.ca\/fr\/notre-organisation\/gouvernance\/membres\/#breadcrumb","itemListElement":[{"@type":"ListItem","position":1,"name":"Home","item":"https:\/\/www.essb.qc.ca\/fr\/"},{"@type":"ListItem","position":2,"name":"Notre organisation","item":"https:\/\/www.essb.qc.ca\/fr\/notre-organisation\/"},{"@type":"ListItem","position":3,"name":"Gouvernance","item":"https:\/\/www.essb.qc.ca\/fr\/notre-organisation\/gouvernance\/"},{"@type":"ListItem","position":4,"name":"Membres"}]},{"@type":"WebSite","@id":"https:\/\/www.essb.qc.ca\/fr\/#website","url":"https:\/\/www.essb.qc.ca\/fr\/","name":"Eastern Shores","description":"","publisher":{"@id":"https:\/\/www.essb.qc.ca\/fr\/#organization"},"potentialAction":[{"@type":"SearchAction","target":{"@type":"EntryPoint","urlTemplate":"https:\/\/www.essb.qc.ca\/fr\/?s={search_term_string}"},"query-input":{"@type":"PropertyValueSpecification","valueRequired":true,"valueName":"search_term_string"}}],"inLanguage":"fr-FR"},{"@type":"Organization","@id":"https:\/\/www.essb.qc.ca\/fr\/#organization","name":"Eastern Shores","url":"https:\/\/www.essb.qc.ca\/fr\/","logo":{"@type":"ImageObject","inLanguage":"fr-FR","@id":"https:\/\/www.essb.qc.ca\/fr\/#\/schema\/logo\/image\/","url":"https:\/\/www.essb.qc.ca\/wp-content\/uploads\/2022\/10\/easternshores.jpg","contentUrl":"https:\/\/www.essb.qc.ca\/wp-content\/uploads\/2022\/10\/easternshores.jpg","width":1439,"height":1080,"caption":"Eastern Shores"},"image":{"@id":"https:\/\/www.essb.qc.ca\/fr\/#\/schema\/logo\/image\/"}}]}},"_links":{"self":[{"href":"https:\/\/www.essb.qc.ca\/fr\/wp-json\/wp\/v2\/pages\/989","targetHints":{"allow":["GET"]}}],"collection":[{"href":"https:\/\/www.essb.qc.ca\/fr\/wp-json\/wp\/v2\/pages"}],"about":[{"href":"https:\/\/www.essb.qc.ca\/fr\/wp-json\/wp\/v2\/types\/page"}],"author":[{"embeddable":true,"href":"https:\/\/www.essb.qc.ca\/fr\/wp-json\/wp\/v2\/users\/1"}],"replies":[{"embeddable":true,"href":"https:\/\/www.essb.qc.ca\/fr\/wp-json\/wp\/v2\/comments?post=989"}],"version-history":[{"count":18,"href":"https:\/\/www.essb.qc.ca\/fr\/wp-json\/wp\/v2\/pages\/989\/revisions"}],"predecessor-version":[{"id":64058,"href":"https:\/\/www.essb.qc.ca\/fr\/wp-json\/wp\/v2\/pages\/989\/revisions\/64058"}],"up":[{"embeddable":true,"href":"https:\/\/www.essb.qc.ca\/fr\/wp-json\/wp\/v2\/pages\/982"}],"wp:attachment":[{"href":"https:\/\/www.essb.qc.ca\/fr\/wp-json\/wp\/v2\/media?parent=989"}],"curies":[{"name":"wp","href":"https:\/\/api.w.org\/{rel}","templated":true}]}}