{"id":976,"date":"2022-03-10T21:48:38","date_gmt":"2022-03-11T02:48:38","guid":{"rendered":"https:\/\/essb.jolistage.com\/belief-and-values\/"},"modified":"2023-02-20T14:01:30","modified_gmt":"2023-02-20T19:01:30","slug":"croyance-et-valeurs","status":"publish","type":"page","link":"https:\/\/www.essb.qc.ca\/fr\/notre-organisation\/mission-et-valeur\/croyance-et-valeurs\/","title":{"rendered":"Croyance et valeurs"},"content":{"rendered":"<div class=\"wpb-content-wrapper\"><p>[vc_row][vc_column width=&#8221;2\/3&#8243; css=&#8221;.vc_custom_1642549408860{padding-top: 37px !important;padding-right: 50px !important;}&#8221;]<div class='es_text_container es_font-regular '><\/p>\n<h1><span data-sheets-value=\"{\" data-sheets-userformat=\"{\">Mission<\/span><\/h1>\n<p>\u00c0 la C.S. Eastern Shores, nous cultivons des communaut\u00e9s d&#8217;apprentissage inclusives d&#8217;une rive \u00e0 l&#8217;autre.<div class='es_text_image-container'><div class='es_text_image al-center' data-src='https:\/\/www.essb.qc.ca\/wp-content\/uploads\/2022\/02\/EvergreenGroup3.jpeg'><\/div><\/div><\/div><div class='es_text_container es_font-regular '><\/p>\n<h1>Vision<\/h1>\n<p>Nos apprenants sont \u00e9quip\u00e9s des langues et des comp\u00e9tences n\u00e9cessaires pour s&#8217;\u00e9panouir dans nos communaut\u00e9s multiculturelles et au-del\u00e0.<div class='es_text_image-container'><div class='es_text_image al-center' data-src='https:\/\/www.essb.qc.ca\/wp-content\/uploads\/2022\/02\/NRHSClass1.jpeg'><\/div><\/div><\/div>[\/vc_column][vc_column width=&#8221;1\/3&#8243; css=&#8221;.vc_custom_1643307697934{padding-top: 37px !important;padding-bottom: 65px !important;padding-left: 30px !important;}&#8221; el_class=&#8221;sidebar-primary&#8221;]    <div class=\"es_quick-links \">\n        <h2 class=\"es_quick-links-title\">Acc\u00e8s rapide<\/h2>\n        <div class=\"menu-quick-links-french-container\"><ul id=\"menu-quick-links-french\" class=\"menu-quick-links\"><li id=\"menu-item-1262\" class=\"menu-item menu-item-type-post_type menu-item-object-page menu-item-1262\"><a href=\"https:\/\/www.essb.qc.ca\/fr\/informations-parent\/\" class=\"menu-link\">Information parents<\/a><\/li>\n<li id=\"menu-item-30856\" class=\"menu-item menu-item-type-post_type menu-item-object-post menu-item-30856\"><a href=\"https:\/\/www.essb.qc.ca\/fr\/processus-de-traitement-des-plaintes\/\" class=\"menu-link\">Traitement des plaintes<\/a><\/li>\n<li id=\"menu-item-1263\" class=\"menu-item menu-item-type-post_type menu-item-object-page menu-item-1263\"><a href=\"https:\/\/www.essb.qc.ca\/fr\/carrieres\/\" class=\"menu-link\">Carri\u00e8res \/ Stages<\/a><\/li>\n<li id=\"menu-item-1806\" class=\"menu-item menu-item-type-post_type menu-item-object-page menu-item-1806\"><a href=\"https:\/\/www.essb.qc.ca\/fr\/taxe-scolaire\/\" class=\"menu-link\">Taxe scolaire<\/a><\/li>\n<li id=\"menu-item-21482\" class=\"menu-item menu-item-type-custom menu-item-object-custom menu-item-21482\"><a href=\"https:\/\/www.essb.qc.ca\/adult-and-vocational-education\/service-to-business\" class=\"menu-link\">Service aux entreprises<\/a><\/li>\n<\/ul><\/div>    <\/div>\n    [\/vc_column][\/vc_row][vc_row full_width=&#8221;stretch_row&#8221; css=&#8221;.vc_custom_1646406993775{margin-top: 60px !important;background-color: rgba(129,212,255,0.23) !important;*background-color: rgb(129,212,255) !important;}&#8221;][vc_column width=&#8221;2\/3&#8243;]<div class='es_text_container es_font-regular  vc_custom_1676918616648'><\/p>\n<h1>Vue d&#8217;ensemble<\/h1>\n<p>La Commission scolaire Eastern Shores est fort probablement la commission scolaire la plus diversifi\u00e9e g\u00e9ographiquement de la province de Qu\u00e9bec. S&#8217;\u00e9tendant de Fermont au nord jusqu&#8217;aux \u00celes-de-la-Madeleine au sud-est, son territoire administratif comprend \u00e9galement toute la p\u00e9ninsule gasp\u00e9sienne ainsi que les villes de Baie-Comeau, Sept-\u00celes et Port-Cartier le long de la c\u00f4te nord-est. Au 30 septembre 2022, on comptait 1078 \u00e9l\u00e8ves inscrits dans 16 \u00e9coles du secteur jeunes et 130 \u00e9l\u00e8ves inscrits dans 5 centres d&#8217;\u00e9ducation des adultes et de formation professionnelle. Parmi les 16 \u00e9coles, six sont primaires, trois sont secondaires et les sept autres sont des \u00e9coles combin\u00e9es primaire-secondaire.<div class='es_text_image-container'><div class='es_text_image al-center' data-src='https:\/\/www.essb.qc.ca\/wp-content\/uploads\/2022\/02\/BCHS-TrekL.jpeg'><\/div><div class='es_text_image al-center' data-src='https:\/\/www.essb.qc.ca\/wp-content\/uploads\/2022\/02\/NRHSHike.jpeg'><\/div><\/div><\/div><div class='es_columns_container '><\/p>\n<ul>\n<li><strong>\u00c9coles primaires<\/strong><\/li>\n<li>La majorit\u00e9 de nos \u00e9coles primaires b\u00e9n\u00e9ficient d&#8217;un ratio \u00e9l\u00e8ve\/enseignant favorable, offrant ainsi un environnement d&#8217;apprentissage sain et personalis\u00e9. Nous avons \u00e9t\u00e9 class\u00e9 dans la cat\u00e9gorie Nouvelles approches, nouvelles solutions&#8221; (NANS) et 12 de nos 16 \u00e9coles y participent. Dans de nombreux cas, cela a permis aux enseignants de bonifier et de renforcer les meilleures pratiques dans la classe.&#8221;<\/li>\n<\/ul>\n<ul>\n<li><strong>\u00c9coles secondaires<\/strong><\/li>\n<li>Tout comme les \u00e9coles primaires, nos \u00e9coles secondaires b\u00e9n\u00e9ficient \u00e9galement d&#8217;un ratio \u00e9l\u00e8ves\/enseignants favorable. Nous nous effor\u00e7ons d&#8217;offrir aux \u00e9l\u00e8ves toutes les possibilit\u00e9s de maximiser leur plein potentiel acad\u00e9mique et social dans un environnement sain et s\u00e9curitaire. Toutes nos \u00e9coles secondaires offrent un programme d&#8217;\u00e9tudes menant \u00e0 un dipl\u00f4me d&#8217;\u00e9tudes secondaires sanctionn\u00e9 par le Ministere de l&#8217;\u00c9ducation de Qu\u00e9bec.<\/li>\n<\/ul>\n<ul>\n<li><strong>\u00c9ducation des adultes et formation professionnelle<\/strong><\/li>\n<li>Les centres d&#8217;\u00e9ducation des adultes et de formation professionnelle offrent une grande vari\u00e9t\u00e9 de services aux clients du territoire de la C.S. Eastern Shores. Le portrait de l&#8217;\u00e9ducation des adultes et de la formation professionnelle continue de se d\u00e9velopper \u00e0 mesure que les initiatives d&#8217;apprentissage tout au long de la vie prennent racine avec les directeurs d&#8217;\u00e9cole locaux, les partenaires communautaires et le MEQ. Le passage du statut de jeune apprenant \u00e0 celui d&#8217;apprenant autonome tout au long de la vie contribuant au d\u00e9veloppement culturel, \u00e9conomique et social de sa communaut\u00e9 est un mantra op\u00e9rationnel pour l&#8217;\u00e9ducation des adultes.<\/li>\n<\/ul>\n<p><\/div>[\/vc_column][vc_column width=&#8221;1\/3&#8243;][\/vc_column][\/vc_row]<\/p>\n<\/div>","protected":false},"excerpt":{"rendered":"<p>[vc_row][vc_column width=&#8221;2\/3&#8243; css=&#8221;.vc_custom_1642549408860{padding-top: 37px !important;padding-right: 50px !important;}&#8221;][\/vc_column][vc_column width=&#8221;1\/3&#8243; css=&#8221;.vc_custom_1643307697934{padding-top: 37px !important;padding-bottom: 65px !important;padding-left: 30px !important;}&#8221; el_class=&#8221;sidebar-primary&#8221;][\/vc_column][\/vc_row][vc_row full_width=&#8221;stretch_row&#8221; css=&#8221;.vc_custom_1646406993775{margin-top: 60px !important;background-color: rgba(129,212,255,0.23) !important;*background-color: rgb(129,212,255) !important;}&#8221;][vc_column width=&#8221;2\/3&#8243;][\/vc_column][vc_column width=&#8221;1\/3&#8243;][\/vc_column][\/vc_row]<\/p>\n","protected":false},"author":1,"featured_media":0,"parent":1970,"menu_order":0,"comment_status":"closed","ping_status":"closed","template":"","meta":{"_acf_changed":false,"site-sidebar-layout":"no-sidebar","site-content-layout":"plain-container","ast-site-content-layout":"default","site-content-style":"default","site-sidebar-style":"default","ast-global-header-display":"","ast-banner-title-visibility":"","ast-main-header-display":"","ast-hfb-above-header-display":"","ast-hfb-below-header-display":"","ast-hfb-mobile-header-display":"","site-post-title":"","ast-breadcrumbs-content":"","ast-featured-img":"disabled","footer-sml-layout":"","ast-disable-related-posts":"","theme-transparent-header-meta":"default","adv-header-id-meta":"","stick-header-meta":"","header-above-stick-meta":"","header-main-stick-meta":"","header-below-stick-meta":"","astra-migrate-meta-layouts":"default","ast-page-background-enabled":"default","ast-page-background-meta":{"desktop":{"background-color":"var(--ast-global-color-4)","background-image":"","background-repeat":"repeat","background-position":"center center","background-size":"auto","background-attachment":"scroll","background-type":"","background-media":"","overlay-type":"","overlay-color":"","overlay-opacity":"","overlay-gradient":""},"tablet":{"background-color":"","background-image":"","background-repeat":"repeat","background-position":"center center","background-size":"auto","background-attachment":"scroll","background-type":"","background-media":"","overlay-type":"","overlay-color":"","overlay-opacity":"","overlay-gradient":""},"mobile":{"background-color":"","background-image":"","background-repeat":"repeat","background-position":"center center","background-size":"auto","background-attachment":"scroll","background-type":"","background-media":"","overlay-type":"","overlay-color":"","overlay-opacity":"","overlay-gradient":""}},"ast-content-background-meta":{"desktop":{"background-color":"var(--ast-global-color-5)","background-image":"","background-repeat":"repeat","background-position":"center center","background-size":"auto","background-attachment":"scroll","background-type":"","background-media":"","overlay-type":"","overlay-color":"","overlay-opacity":"","overlay-gradient":""},"tablet":{"background-color":"var(--ast-global-color-5)","background-image":"","background-repeat":"repeat","background-position":"center center","background-size":"auto","background-attachment":"scroll","background-type":"","background-media":"","overlay-type":"","overlay-color":"","overlay-opacity":"","overlay-gradient":""},"mobile":{"background-color":"var(--ast-global-color-5)","background-image":"","background-repeat":"repeat","background-position":"center center","background-size":"auto","background-attachment":"scroll","background-type":"","background-media":"","overlay-type":"","overlay-color":"","overlay-opacity":"","overlay-gradient":""}},"footnotes":""},"class_list":["post-976","page","type-page","status-publish","hentry"],"acf":[],"yoast_head":"<!-- This site is optimized with the Yoast SEO plugin v26.8 - https:\/\/yoast.com\/product\/yoast-seo-wordpress\/ -->\n<title>Croyance et valeurs - Eastern Shores<\/title>\n<meta name=\"robots\" content=\"index, follow, max-snippet:-1, max-image-preview:large, max-video-preview:-1\" \/>\n<link rel=\"canonical\" href=\"https:\/\/www.essb.qc.ca\/fr\/notre-organisation\/mission-et-valeur\/croyance-et-valeurs\/\" \/>\n<meta property=\"og:locale\" content=\"fr_FR\" \/>\n<meta property=\"og:type\" content=\"article\" \/>\n<meta property=\"og:title\" content=\"Croyance et valeurs - Eastern Shores\" \/>\n<meta property=\"og:description\" content=\"[vc_row][vc_column width=&#8221;2\/3&#8243; css=&#8221;.vc_custom_1642549408860{padding-top: 37px !important;padding-right: 50px !important;}&#8221;][\/vc_column][vc_column width=&#8221;1\/3&#8243; css=&#8221;.vc_custom_1643307697934{padding-top: 37px !important;padding-bottom: 65px !important;padding-left: 30px !important;}&#8221; el_class=&#8221;sidebar-primary&#8221;][\/vc_column][\/vc_row][vc_row full_width=&#8221;stretch_row&#8221; css=&#8221;.vc_custom_1646406993775{margin-top: 60px !important;background-color: rgba(129,212,255,0.23) !important;*background-color: rgb(129,212,255) !important;}&#8221;][vc_column width=&#8221;2\/3&#8243;][\/vc_column][vc_column width=&#8221;1\/3&#8243;][\/vc_column][\/vc_row]\" \/>\n<meta property=\"og:url\" content=\"https:\/\/www.essb.qc.ca\/fr\/notre-organisation\/mission-et-valeur\/croyance-et-valeurs\/\" \/>\n<meta property=\"og:site_name\" content=\"Eastern Shores\" \/>\n<meta property=\"article:modified_time\" content=\"2023-02-20T19:01:30+00:00\" \/>\n<meta property=\"og:image\" content=\"https:\/\/www.essb.qc.ca\/wp-content\/uploads\/2022\/10\/easternshores.jpg\" \/>\n\t<meta property=\"og:image:width\" content=\"1439\" \/>\n\t<meta property=\"og:image:height\" content=\"1080\" \/>\n\t<meta property=\"og:image:type\" content=\"image\/jpeg\" \/>\n<meta name=\"twitter:card\" content=\"summary_large_image\" \/>\n<meta name=\"twitter:label1\" content=\"Dur\u00e9e de lecture estim\u00e9e\" \/>\n\t<meta name=\"twitter:data1\" content=\"2 minutes\" \/>\n<script type=\"application\/ld+json\" class=\"yoast-schema-graph\">{\"@context\":\"https:\/\/schema.org\",\"@graph\":[{\"@type\":\"WebPage\",\"@id\":\"https:\/\/www.essb.qc.ca\/fr\/notre-organisation\/mission-et-valeur\/croyance-et-valeurs\/\",\"url\":\"https:\/\/www.essb.qc.ca\/fr\/notre-organisation\/mission-et-valeur\/croyance-et-valeurs\/\",\"name\":\"Croyance et valeurs - Eastern Shores\",\"isPartOf\":{\"@id\":\"https:\/\/www.essb.qc.ca\/fr\/#website\"},\"datePublished\":\"2022-03-11T02:48:38+00:00\",\"dateModified\":\"2023-02-20T19:01:30+00:00\",\"breadcrumb\":{\"@id\":\"https:\/\/www.essb.qc.ca\/fr\/notre-organisation\/mission-et-valeur\/croyance-et-valeurs\/#breadcrumb\"},\"inLanguage\":\"fr-FR\",\"potentialAction\":[{\"@type\":\"ReadAction\",\"target\":[\"https:\/\/www.essb.qc.ca\/fr\/notre-organisation\/mission-et-valeur\/croyance-et-valeurs\/\"]}]},{\"@type\":\"BreadcrumbList\",\"@id\":\"https:\/\/www.essb.qc.ca\/fr\/notre-organisation\/mission-et-valeur\/croyance-et-valeurs\/#breadcrumb\",\"itemListElement\":[{\"@type\":\"ListItem\",\"position\":1,\"name\":\"Home\",\"item\":\"https:\/\/www.essb.qc.ca\/fr\/\"},{\"@type\":\"ListItem\",\"position\":2,\"name\":\"Notre organisation\",\"item\":\"https:\/\/www.essb.qc.ca\/fr\/notre-organisation\/\"},{\"@type\":\"ListItem\",\"position\":3,\"name\":\"Mission et valeur\",\"item\":\"https:\/\/www.essb.qc.ca\/fr\/notre-organisation\/mission-et-valeur\/\"},{\"@type\":\"ListItem\",\"position\":4,\"name\":\"Croyance et valeurs\"}]},{\"@type\":\"WebSite\",\"@id\":\"https:\/\/www.essb.qc.ca\/fr\/#website\",\"url\":\"https:\/\/www.essb.qc.ca\/fr\/\",\"name\":\"Eastern Shores\",\"description\":\"\",\"publisher\":{\"@id\":\"https:\/\/www.essb.qc.ca\/fr\/#organization\"},\"potentialAction\":[{\"@type\":\"SearchAction\",\"target\":{\"@type\":\"EntryPoint\",\"urlTemplate\":\"https:\/\/www.essb.qc.ca\/fr\/?s={search_term_string}\"},\"query-input\":{\"@type\":\"PropertyValueSpecification\",\"valueRequired\":true,\"valueName\":\"search_term_string\"}}],\"inLanguage\":\"fr-FR\"},{\"@type\":\"Organization\",\"@id\":\"https:\/\/www.essb.qc.ca\/fr\/#organization\",\"name\":\"Eastern Shores\",\"url\":\"https:\/\/www.essb.qc.ca\/fr\/\",\"logo\":{\"@type\":\"ImageObject\",\"inLanguage\":\"fr-FR\",\"@id\":\"https:\/\/www.essb.qc.ca\/fr\/#\/schema\/logo\/image\/\",\"url\":\"https:\/\/www.essb.qc.ca\/wp-content\/uploads\/2022\/10\/easternshores.jpg\",\"contentUrl\":\"https:\/\/www.essb.qc.ca\/wp-content\/uploads\/2022\/10\/easternshores.jpg\",\"width\":1439,\"height\":1080,\"caption\":\"Eastern Shores\"},\"image\":{\"@id\":\"https:\/\/www.essb.qc.ca\/fr\/#\/schema\/logo\/image\/\"}}]}<\/script>\n<!-- \/ Yoast SEO plugin. -->","yoast_head_json":{"title":"Croyance et valeurs - Eastern Shores","robots":{"index":"index","follow":"follow","max-snippet":"max-snippet:-1","max-image-preview":"max-image-preview:large","max-video-preview":"max-video-preview:-1"},"canonical":"https:\/\/www.essb.qc.ca\/fr\/notre-organisation\/mission-et-valeur\/croyance-et-valeurs\/","og_locale":"fr_FR","og_type":"article","og_title":"Croyance et valeurs - Eastern Shores","og_description":"[vc_row][vc_column width=&#8221;2\/3&#8243; css=&#8221;.vc_custom_1642549408860{padding-top: 37px !important;padding-right: 50px !important;}&#8221;][\/vc_column][vc_column width=&#8221;1\/3&#8243; css=&#8221;.vc_custom_1643307697934{padding-top: 37px !important;padding-bottom: 65px !important;padding-left: 30px !important;}&#8221; el_class=&#8221;sidebar-primary&#8221;][\/vc_column][\/vc_row][vc_row full_width=&#8221;stretch_row&#8221; css=&#8221;.vc_custom_1646406993775{margin-top: 60px !important;background-color: rgba(129,212,255,0.23) !important;*background-color: rgb(129,212,255) !important;}&#8221;][vc_column width=&#8221;2\/3&#8243;][\/vc_column][vc_column width=&#8221;1\/3&#8243;][\/vc_column][\/vc_row]","og_url":"https:\/\/www.essb.qc.ca\/fr\/notre-organisation\/mission-et-valeur\/croyance-et-valeurs\/","og_site_name":"Eastern Shores","article_modified_time":"2023-02-20T19:01:30+00:00","og_image":[{"width":1439,"height":1080,"url":"https:\/\/www.essb.qc.ca\/wp-content\/uploads\/2022\/10\/easternshores.jpg","type":"image\/jpeg"}],"twitter_card":"summary_large_image","twitter_misc":{"Dur\u00e9e de lecture estim\u00e9e":"2 minutes"},"schema":{"@context":"https:\/\/schema.org","@graph":[{"@type":"WebPage","@id":"https:\/\/www.essb.qc.ca\/fr\/notre-organisation\/mission-et-valeur\/croyance-et-valeurs\/","url":"https:\/\/www.essb.qc.ca\/fr\/notre-organisation\/mission-et-valeur\/croyance-et-valeurs\/","name":"Croyance et valeurs - Eastern Shores","isPartOf":{"@id":"https:\/\/www.essb.qc.ca\/fr\/#website"},"datePublished":"2022-03-11T02:48:38+00:00","dateModified":"2023-02-20T19:01:30+00:00","breadcrumb":{"@id":"https:\/\/www.essb.qc.ca\/fr\/notre-organisation\/mission-et-valeur\/croyance-et-valeurs\/#breadcrumb"},"inLanguage":"fr-FR","potentialAction":[{"@type":"ReadAction","target":["https:\/\/www.essb.qc.ca\/fr\/notre-organisation\/mission-et-valeur\/croyance-et-valeurs\/"]}]},{"@type":"BreadcrumbList","@id":"https:\/\/www.essb.qc.ca\/fr\/notre-organisation\/mission-et-valeur\/croyance-et-valeurs\/#breadcrumb","itemListElement":[{"@type":"ListItem","position":1,"name":"Home","item":"https:\/\/www.essb.qc.ca\/fr\/"},{"@type":"ListItem","position":2,"name":"Notre organisation","item":"https:\/\/www.essb.qc.ca\/fr\/notre-organisation\/"},{"@type":"ListItem","position":3,"name":"Mission et valeur","item":"https:\/\/www.essb.qc.ca\/fr\/notre-organisation\/mission-et-valeur\/"},{"@type":"ListItem","position":4,"name":"Croyance et valeurs"}]},{"@type":"WebSite","@id":"https:\/\/www.essb.qc.ca\/fr\/#website","url":"https:\/\/www.essb.qc.ca\/fr\/","name":"Eastern Shores","description":"","publisher":{"@id":"https:\/\/www.essb.qc.ca\/fr\/#organization"},"potentialAction":[{"@type":"SearchAction","target":{"@type":"EntryPoint","urlTemplate":"https:\/\/www.essb.qc.ca\/fr\/?s={search_term_string}"},"query-input":{"@type":"PropertyValueSpecification","valueRequired":true,"valueName":"search_term_string"}}],"inLanguage":"fr-FR"},{"@type":"Organization","@id":"https:\/\/www.essb.qc.ca\/fr\/#organization","name":"Eastern Shores","url":"https:\/\/www.essb.qc.ca\/fr\/","logo":{"@type":"ImageObject","inLanguage":"fr-FR","@id":"https:\/\/www.essb.qc.ca\/fr\/#\/schema\/logo\/image\/","url":"https:\/\/www.essb.qc.ca\/wp-content\/uploads\/2022\/10\/easternshores.jpg","contentUrl":"https:\/\/www.essb.qc.ca\/wp-content\/uploads\/2022\/10\/easternshores.jpg","width":1439,"height":1080,"caption":"Eastern Shores"},"image":{"@id":"https:\/\/www.essb.qc.ca\/fr\/#\/schema\/logo\/image\/"}}]}},"_links":{"self":[{"href":"https:\/\/www.essb.qc.ca\/fr\/wp-json\/wp\/v2\/pages\/976","targetHints":{"allow":["GET"]}}],"collection":[{"href":"https:\/\/www.essb.qc.ca\/fr\/wp-json\/wp\/v2\/pages"}],"about":[{"href":"https:\/\/www.essb.qc.ca\/fr\/wp-json\/wp\/v2\/types\/page"}],"author":[{"embeddable":true,"href":"https:\/\/www.essb.qc.ca\/fr\/wp-json\/wp\/v2\/users\/1"}],"replies":[{"embeddable":true,"href":"https:\/\/www.essb.qc.ca\/fr\/wp-json\/wp\/v2\/comments?post=976"}],"version-history":[{"count":18,"href":"https:\/\/www.essb.qc.ca\/fr\/wp-json\/wp\/v2\/pages\/976\/revisions"}],"predecessor-version":[{"id":13434,"href":"https:\/\/www.essb.qc.ca\/fr\/wp-json\/wp\/v2\/pages\/976\/revisions\/13434"}],"up":[{"embeddable":true,"href":"https:\/\/www.essb.qc.ca\/fr\/wp-json\/wp\/v2\/pages\/1970"}],"wp:attachment":[{"href":"https:\/\/www.essb.qc.ca\/fr\/wp-json\/wp\/v2\/media?parent=976"}],"curies":[{"name":"wp","href":"https:\/\/api.w.org\/{rel}","templated":true}]}}