{"id":122,"date":"2022-01-18T17:12:09","date_gmt":"2022-01-18T22:12:09","guid":{"rendered":"https:\/\/essb.jolistage.com\/accueil\/"},"modified":"2023-02-23T15:38:21","modified_gmt":"2023-02-23T20:38:21","slug":"accueil","status":"publish","type":"page","link":"https:\/\/www.essb.qc.ca\/fr\/","title":{"rendered":"Accueil"},"content":{"rendered":"<div class=\"wpb-content-wrapper\"><p>[vc_row][vc_column width=&#8221;2\/3&#8243; css=&#8221;.vc_custom_1643481522430{padding-top: 37px !important;padding-right: 50px !important;}&#8221; el_class=&#8221;resetP-right-15&#8243;]<div class=\"es_page_title-container es_container-left \"><h1 class=\"es_page_title\">Nouvelles et \u00e9v\u00e9nements<\/h1><\/div>    <div class=\"es_news_loop-wrap  vc_custom_1643482098580 resetM-bottom\">\n\n                <div class=\"es_news_loop\">\n\n                    \n                <div class=\"es_news_loop--item\">\n                \n                    \n                    <span class=\"es_news_loop--item-date\">\n                        14 avril 2026                    <\/span>\n\n                    <h3 class=\"es_news_loop--item-title\">\n                        <a class=\"\" href=\"https:\/\/www.essb.qc.ca\/fr\/avis-public-32\/\">\n                            Avis public                        <\/a>\n                    <\/h3>\n\n                    <img fetchpriority=\"high\" decoding=\"async\" width=\"958\" height=\"797\" src=\"https:\/\/www.essb.qc.ca\/wp-content\/uploads\/2026\/04\/Screenshot-2026-04-14-093554.png\" class=\"attachment-post-thumbnail size-post-thumbnail wp-post-image\" alt=\"\" srcset=\"https:\/\/www.essb.qc.ca\/wp-content\/uploads\/2026\/04\/Screenshot-2026-04-14-093554.png 958w, https:\/\/www.essb.qc.ca\/wp-content\/uploads\/2026\/04\/Screenshot-2026-04-14-093554-300x250.png 300w, https:\/\/www.essb.qc.ca\/wp-content\/uploads\/2026\/04\/Screenshot-2026-04-14-093554-768x639.png 768w\" sizes=\"(max-width: 958px) 100vw, 958px\" \/>\n                    <div class=\"es_news_loop--item-expert 82090\">\n                                                <p class=\"read-more\">\n                            <a class=\"\" href=\"https:\/\/www.essb.qc.ca\/fr\/avis-public-32\/\">\n                            Lire la suite >                            <\/a>\n                        <\/p>\n                    <\/div>\n                \n                                    <\/div>\n                        \n                <div class=\"es_news_loop--item\">\n                \n                    \n                    <span class=\"es_news_loop--item-date\">\n                        25 f\u00e9vrier 2026                    <\/span>\n\n                    <h3 class=\"es_news_loop--item-title\">\n                        <a class=\"\" href=\"https:\/\/www.essb.qc.ca\/fr\/avis-public-31\/\">\n                            Avis Public                        <\/a>\n                    <\/h3>\n\n                    <img decoding=\"async\" width=\"876\" height=\"853\" src=\"https:\/\/www.essb.qc.ca\/wp-content\/uploads\/2026\/02\/Screenshot-2026-02-25-112253.png\" class=\"attachment-post-thumbnail size-post-thumbnail wp-post-image\" alt=\"\" srcset=\"https:\/\/www.essb.qc.ca\/wp-content\/uploads\/2026\/02\/Screenshot-2026-02-25-112253.png 876w, https:\/\/www.essb.qc.ca\/wp-content\/uploads\/2026\/02\/Screenshot-2026-02-25-112253-300x292.png 300w, https:\/\/www.essb.qc.ca\/wp-content\/uploads\/2026\/02\/Screenshot-2026-02-25-112253-768x748.png 768w\" sizes=\"(max-width: 876px) 100vw, 876px\" \/>\n                    <div class=\"es_news_loop--item-expert 78119\">\n                                                <p class=\"read-more\">\n                            <a class=\"\" href=\"https:\/\/www.essb.qc.ca\/fr\/avis-public-31\/\">\n                            Lire la suite >                            <\/a>\n                        <\/p>\n                    <\/div>\n                \n                                    <\/div>\n                        \n                <div class=\"es_news_loop--item\">\n                \n                    \n                    <span class=\"es_news_loop--item-date\">\n                        23 f\u00e9vrier 2026                    <\/span>\n\n                    <h3 class=\"es_news_loop--item-title\">\n                        <a class=\"\" href=\"https:\/\/www.essb.qc.ca\/fr\/avis-public-30\/\">\n                            Avis Public                        <\/a>\n                    <\/h3>\n\n                    \n                    <div class=\"es_news_loop--item-expert 77965\">\n                                                <p class=\"read-more\">\n                            <a class=\"\" href=\"https:\/\/www.essb.qc.ca\/fr\/avis-public-30\/\">\n                            Lire la suite >                            <\/a>\n                        <\/p>\n                    <\/div>\n                \n                                    <\/div>\n                                                    <\/div>\n                    <a href=\"\/fr\/nouvelles-et-evenements\/\" class=\"button\">Voir toutes les nouvelles<\/a>\n                <br \/>\n    <\/div>\n    [\/vc_column][vc_column width=&#8221;1\/3&#8243; css=&#8221;.vc_custom_1646887332325{padding-top: 37px !important;padding-bottom: 250px !important;padding-left: 30px !important;}&#8221; el_class=&#8221;sidebar-primary resetP-bottom-40&#8243;]    <div class=\"es_quick-links \">\n        <h2 class=\"es_quick-links-title\">Acc\u00e8s rapide<\/h2>\n        <div class=\"menu-quick-links-french-container\"><ul id=\"menu-quick-links-french\" class=\"menu-quick-links\"><li id=\"menu-item-1262\" class=\"menu-item menu-item-type-post_type menu-item-object-page menu-item-1262\"><a href=\"https:\/\/www.essb.qc.ca\/fr\/informations-parent\/\" class=\"menu-link\">Information parents<\/a><\/li>\n<li id=\"menu-item-30856\" class=\"menu-item menu-item-type-post_type menu-item-object-post menu-item-30856\"><a href=\"https:\/\/www.essb.qc.ca\/fr\/processus-de-traitement-des-plaintes\/\" class=\"menu-link\">Traitement des plaintes<\/a><\/li>\n<li id=\"menu-item-1263\" class=\"menu-item menu-item-type-post_type menu-item-object-page menu-item-1263\"><a href=\"https:\/\/www.essb.qc.ca\/fr\/carrieres\/\" class=\"menu-link\">Carri\u00e8res \/ Stages<\/a><\/li>\n<li id=\"menu-item-1806\" class=\"menu-item menu-item-type-post_type menu-item-object-page menu-item-1806\"><a href=\"https:\/\/www.essb.qc.ca\/fr\/taxe-scolaire\/\" class=\"menu-link\">Taxe scolaire<\/a><\/li>\n<li id=\"menu-item-21482\" class=\"menu-item menu-item-type-custom menu-item-object-custom menu-item-21482\"><a href=\"https:\/\/www.essb.qc.ca\/adult-and-vocational-education\/service-to-business\" class=\"menu-link\">Service aux entreprises<\/a><\/li>\n<\/ul><\/div>    <\/div>\n        <div class=\"es_events_loop-wrap  vc_custom_1649717720614\">\n        <h2 class=\"es_events-title\">\u00c9v\u00e9nements \u00e0 venir<\/h2>\n        <div class=\"es_events_loop\">\n                    <\/div>\n                <a href=\"\/fr\/events\/\" class=\"button\">Voir tous les \u00e9v\u00e9nements<\/a>\n    <\/div>\n    [\/vc_column][\/vc_row][vc_row full_width=&#8221;stretch_row&#8221; css=&#8221;.vc_custom_1646889366032{padding-top: 55px !important;background: #0066b5 url(https:\/\/www.essb.qc.ca\/wp-content\/uploads\/2022\/01\/bk-video2.png?id=132) !important;background-position: 0 0 !important;background-repeat: no-repeat !important;}&#8221; el_class=&#8221;resetP-top-0 video-wrap-bk&#8221;][vc_column el_class=&#8221;resetP-top-0&#8243;]<div class=\"video-wrap\"><div class=\"video-content\"><\/p>\n<h2><span style=\"color: #ffffff;\">Conduite d&#8217;engins de chantier<\/span><\/h2>\n<p><span style=\"color: #ffffff;\">La Commission scolaire Eastern Shores (CSES), situ\u00e9e dans la partie la plus \u00e0 l&#8217;est du Qu\u00e9bec, est fi\u00e8re d&#8217;offrir le programme de 1095 heures intitul\u00e9 Conduite d&#8217;engins de chantier.<\/span><br \/>\n<span style=\"color: #ffffff;\">Des simulateurs \u00e0 la fine pointe de la technologie ainsi qu&#8217;un environnement de formation qui pr\u00e9pare les \u00e9tudiants aux r\u00e9alit\u00e9s du travail, la CS Eastern Shores est \u00e9quip\u00e9e pour rendre l&#8217;exp\u00e9rience de formation positive.<\/span><br \/>\n<span style=\"color: #ffffff;\">Communiquez avec nous d\u00e8s aujourd&#8217;hui pour obtenir de plus amples renseignements : 418-752-3848 poste 221<\/span><div class='button-container'><a href='https:\/\/youtu.be\/o9BA_EuEa-I' class='button'>En savoir plus<\/a><\/div><\/div><div class=\"video-container\"><div class=\"video_wrapper\"><iframe src=\"https:\/\/www.youtube.com\/embed\/o9BA_EuEa-I\" title=\"YouTube video player\" frameborder=\"0\" allow=\"accelerometer; autoplay; clipboard-write; encrypted-media; gyroscope; picture-in-picture\" allowfullscreen><\/iframe><\/div><\/div><\/div>[\/vc_column][\/vc_row]<\/p>\n<\/div>","protected":false},"excerpt":{"rendered":"<p>[vc_row][vc_column width=&#8221;2\/3&#8243; css=&#8221;.vc_custom_1643481522430{padding-top: 37px !important;padding-right: 50px !important;}&#8221; el_class=&#8221;resetP-right-15&#8243;][\/vc_column][vc_column width=&#8221;1\/3&#8243; css=&#8221;.vc_custom_1646887332325{padding-top: 37px !important;padding-bottom: 250px !important;padding-left: 30px !important;}&#8221; el_class=&#8221;sidebar-primary resetP-bottom-40&#8243;][\/vc_column][\/vc_row][vc_row full_width=&#8221;stretch_row&#8221; css=&#8221;.vc_custom_1646889366032{padding-top: 55px !important;background: #0066b5 url(https:\/\/www.essb.qc.ca\/wp-content\/uploads\/2022\/01\/bk-video2.png?id=132) !important;background-position: 0 0 !important;background-repeat: no-repeat !important;}&#8221;<\/p>\n<p class=\"read-more\"> <a class=\"\" href=\"https:\/\/easternshore.rm.jolistage.com\/news-title-3\/\"> <span class=\"screen-reader-text\">News title<\/span> Read More ><\/a><\/p>\n","protected":false},"author":1,"featured_media":0,"parent":0,"menu_order":0,"comment_status":"closed","ping_status":"closed","template":"","meta":{"_acf_changed":false,"site-sidebar-layout":"no-sidebar","site-content-layout":"plain-container","ast-site-content-layout":"default","site-content-style":"default","site-sidebar-style":"default","ast-global-header-display":"","ast-banner-title-visibility":"","ast-main-header-display":"","ast-hfb-above-header-display":"","ast-hfb-below-header-display":"","ast-hfb-mobile-header-display":"","site-post-title":"disabled","ast-breadcrumbs-content":"disabled","ast-featured-img":"disabled","footer-sml-layout":"","ast-disable-related-posts":"","theme-transparent-header-meta":"default","adv-header-id-meta":"","stick-header-meta":"","header-above-stick-meta":"","header-main-stick-meta":"","header-below-stick-meta":"","astra-migrate-meta-layouts":"default","ast-page-background-enabled":"default","ast-page-background-meta":{"desktop":{"background-color":"var(--ast-global-color-4)","background-image":"","background-repeat":"repeat","background-position":"center center","background-size":"auto","background-attachment":"scroll","background-type":"","background-media":"","overlay-type":"","overlay-color":"","overlay-opacity":"","overlay-gradient":""},"tablet":{"background-color":"","background-image":"","background-repeat":"repeat","background-position":"center center","background-size":"auto","background-attachment":"scroll","background-type":"","background-media":"","overlay-type":"","overlay-color":"","overlay-opacity":"","overlay-gradient":""},"mobile":{"background-color":"","background-image":"","background-repeat":"repeat","background-position":"center center","background-size":"auto","background-attachment":"scroll","background-type":"","background-media":"","overlay-type":"","overlay-color":"","overlay-opacity":"","overlay-gradient":""}},"ast-content-background-meta":{"desktop":{"background-color":"var(--ast-global-color-5)","background-image":"","background-repeat":"repeat","background-position":"center center","background-size":"auto","background-attachment":"scroll","background-type":"","background-media":"","overlay-type":"","overlay-color":"","overlay-opacity":"","overlay-gradient":""},"tablet":{"background-color":"var(--ast-global-color-5)","background-image":"","background-repeat":"repeat","background-position":"center center","background-size":"auto","background-attachment":"scroll","background-type":"","background-media":"","overlay-type":"","overlay-color":"","overlay-opacity":"","overlay-gradient":""},"mobile":{"background-color":"var(--ast-global-color-5)","background-image":"","background-repeat":"repeat","background-position":"center center","background-size":"auto","background-attachment":"scroll","background-type":"","background-media":"","overlay-type":"","overlay-color":"","overlay-opacity":"","overlay-gradient":""}},"footnotes":""},"class_list":["post-122","page","type-page","status-publish","hentry"],"acf":[],"yoast_head":"<!-- This site is optimized with the Yoast SEO plugin v26.8 - https:\/\/yoast.com\/product\/yoast-seo-wordpress\/ -->\n<title>Accueil - Eastern Shores<\/title>\n<meta name=\"robots\" content=\"index, follow, max-snippet:-1, max-image-preview:large, max-video-preview:-1\" \/>\n<link rel=\"canonical\" href=\"https:\/\/www.essb.qc.ca\/fr\/\" \/>\n<meta property=\"og:locale\" content=\"fr_FR\" \/>\n<meta property=\"og:type\" content=\"article\" \/>\n<meta property=\"og:title\" content=\"Accueil - Eastern Shores\" \/>\n<meta property=\"og:description\" content=\"[vc_row][vc_column width=&#8221;2\/3&#8243; css=&#8221;.vc_custom_1643481522430{padding-top: 37px !important;padding-right: 50px !important;}&#8221; el_class=&#8221;resetP-right-15&#8243;][\/vc_column][vc_column width=&#8221;1\/3&#8243; css=&#8221;.vc_custom_1646887332325{padding-top: 37px !important;padding-bottom: 250px !important;padding-left: 30px !important;}&#8221; el_class=&#8221;sidebar-primary resetP-bottom-40&#8243;][\/vc_column][\/vc_row][vc_row full_width=&#8221;stretch_row&#8221; css=&#8221;.vc_custom_1646889366032{padding-top: 55px !important;background: #0066b5 url(https:\/\/www.essb.qc.ca\/wp-content\/uploads\/2022\/01\/bk-video2.png?id=132) !important;background-position: 0 0 !important;background-repeat: no-repeat !important;}&#8221; News title Read More &gt;\" \/>\n<meta property=\"og:url\" content=\"https:\/\/www.essb.qc.ca\/fr\/\" \/>\n<meta property=\"og:site_name\" content=\"Eastern Shores\" \/>\n<meta property=\"article:modified_time\" content=\"2023-02-23T20:38:21+00:00\" \/>\n<meta property=\"og:image\" content=\"https:\/\/www.essb.qc.ca\/wp-content\/uploads\/2022\/10\/easternshores.jpg\" \/>\n\t<meta property=\"og:image:width\" content=\"1439\" \/>\n\t<meta property=\"og:image:height\" content=\"1080\" \/>\n\t<meta property=\"og:image:type\" content=\"image\/jpeg\" \/>\n<meta name=\"twitter:card\" content=\"summary_large_image\" \/>\n<meta name=\"twitter:label1\" content=\"Dur\u00e9e de lecture estim\u00e9e\" \/>\n\t<meta name=\"twitter:data1\" content=\"1 minute\" \/>\n<script type=\"application\/ld+json\" class=\"yoast-schema-graph\">{\"@context\":\"https:\/\/schema.org\",\"@graph\":[{\"@type\":\"WebPage\",\"@id\":\"https:\/\/www.essb.qc.ca\/fr\/\",\"url\":\"https:\/\/www.essb.qc.ca\/fr\/\",\"name\":\"Accueil - Eastern Shores\",\"isPartOf\":{\"@id\":\"https:\/\/www.essb.qc.ca\/fr\/#website\"},\"datePublished\":\"2022-01-18T22:12:09+00:00\",\"dateModified\":\"2023-02-23T20:38:21+00:00\",\"breadcrumb\":{\"@id\":\"https:\/\/www.essb.qc.ca\/fr\/#breadcrumb\"},\"inLanguage\":\"fr-FR\",\"potentialAction\":[{\"@type\":\"ReadAction\",\"target\":[\"https:\/\/www.essb.qc.ca\/fr\/\"]}]},{\"@type\":\"BreadcrumbList\",\"@id\":\"https:\/\/www.essb.qc.ca\/fr\/#breadcrumb\",\"itemListElement\":[{\"@type\":\"ListItem\",\"position\":1,\"name\":\"Home\",\"item\":\"https:\/\/www.essb.qc.ca\/fr\/\"},{\"@type\":\"ListItem\",\"position\":2,\"name\":\"Accueil\"}]},{\"@type\":\"WebSite\",\"@id\":\"https:\/\/www.essb.qc.ca\/fr\/#website\",\"url\":\"https:\/\/www.essb.qc.ca\/fr\/\",\"name\":\"Eastern Shores\",\"description\":\"\",\"publisher\":{\"@id\":\"https:\/\/www.essb.qc.ca\/fr\/#organization\"},\"potentialAction\":[{\"@type\":\"SearchAction\",\"target\":{\"@type\":\"EntryPoint\",\"urlTemplate\":\"https:\/\/www.essb.qc.ca\/fr\/?s={search_term_string}\"},\"query-input\":{\"@type\":\"PropertyValueSpecification\",\"valueRequired\":true,\"valueName\":\"search_term_string\"}}],\"inLanguage\":\"fr-FR\"},{\"@type\":\"Organization\",\"@id\":\"https:\/\/www.essb.qc.ca\/fr\/#organization\",\"name\":\"Eastern Shores\",\"url\":\"https:\/\/www.essb.qc.ca\/fr\/\",\"logo\":{\"@type\":\"ImageObject\",\"inLanguage\":\"fr-FR\",\"@id\":\"https:\/\/www.essb.qc.ca\/fr\/#\/schema\/logo\/image\/\",\"url\":\"https:\/\/www.essb.qc.ca\/wp-content\/uploads\/2022\/10\/easternshores.jpg\",\"contentUrl\":\"https:\/\/www.essb.qc.ca\/wp-content\/uploads\/2022\/10\/easternshores.jpg\",\"width\":1439,\"height\":1080,\"caption\":\"Eastern Shores\"},\"image\":{\"@id\":\"https:\/\/www.essb.qc.ca\/fr\/#\/schema\/logo\/image\/\"}}]}<\/script>\n<!-- \/ Yoast SEO plugin. -->","yoast_head_json":{"title":"Accueil - Eastern Shores","robots":{"index":"index","follow":"follow","max-snippet":"max-snippet:-1","max-image-preview":"max-image-preview:large","max-video-preview":"max-video-preview:-1"},"canonical":"https:\/\/www.essb.qc.ca\/fr\/","og_locale":"fr_FR","og_type":"article","og_title":"Accueil - Eastern Shores","og_description":"[vc_row][vc_column width=&#8221;2\/3&#8243; css=&#8221;.vc_custom_1643481522430{padding-top: 37px !important;padding-right: 50px !important;}&#8221; el_class=&#8221;resetP-right-15&#8243;][\/vc_column][vc_column width=&#8221;1\/3&#8243; css=&#8221;.vc_custom_1646887332325{padding-top: 37px !important;padding-bottom: 250px !important;padding-left: 30px !important;}&#8221; el_class=&#8221;sidebar-primary resetP-bottom-40&#8243;][\/vc_column][\/vc_row][vc_row full_width=&#8221;stretch_row&#8221; css=&#8221;.vc_custom_1646889366032{padding-top: 55px !important;background: #0066b5 url(https:\/\/www.essb.qc.ca\/wp-content\/uploads\/2022\/01\/bk-video2.png?id=132) !important;background-position: 0 0 !important;background-repeat: no-repeat !important;}&#8221; News title Read More >","og_url":"https:\/\/www.essb.qc.ca\/fr\/","og_site_name":"Eastern Shores","article_modified_time":"2023-02-23T20:38:21+00:00","og_image":[{"width":1439,"height":1080,"url":"https:\/\/www.essb.qc.ca\/wp-content\/uploads\/2022\/10\/easternshores.jpg","type":"image\/jpeg"}],"twitter_card":"summary_large_image","twitter_misc":{"Dur\u00e9e de lecture estim\u00e9e":"1 minute"},"schema":{"@context":"https:\/\/schema.org","@graph":[{"@type":"WebPage","@id":"https:\/\/www.essb.qc.ca\/fr\/","url":"https:\/\/www.essb.qc.ca\/fr\/","name":"Accueil - Eastern Shores","isPartOf":{"@id":"https:\/\/www.essb.qc.ca\/fr\/#website"},"datePublished":"2022-01-18T22:12:09+00:00","dateModified":"2023-02-23T20:38:21+00:00","breadcrumb":{"@id":"https:\/\/www.essb.qc.ca\/fr\/#breadcrumb"},"inLanguage":"fr-FR","potentialAction":[{"@type":"ReadAction","target":["https:\/\/www.essb.qc.ca\/fr\/"]}]},{"@type":"BreadcrumbList","@id":"https:\/\/www.essb.qc.ca\/fr\/#breadcrumb","itemListElement":[{"@type":"ListItem","position":1,"name":"Home","item":"https:\/\/www.essb.qc.ca\/fr\/"},{"@type":"ListItem","position":2,"name":"Accueil"}]},{"@type":"WebSite","@id":"https:\/\/www.essb.qc.ca\/fr\/#website","url":"https:\/\/www.essb.qc.ca\/fr\/","name":"Eastern Shores","description":"","publisher":{"@id":"https:\/\/www.essb.qc.ca\/fr\/#organization"},"potentialAction":[{"@type":"SearchAction","target":{"@type":"EntryPoint","urlTemplate":"https:\/\/www.essb.qc.ca\/fr\/?s={search_term_string}"},"query-input":{"@type":"PropertyValueSpecification","valueRequired":true,"valueName":"search_term_string"}}],"inLanguage":"fr-FR"},{"@type":"Organization","@id":"https:\/\/www.essb.qc.ca\/fr\/#organization","name":"Eastern Shores","url":"https:\/\/www.essb.qc.ca\/fr\/","logo":{"@type":"ImageObject","inLanguage":"fr-FR","@id":"https:\/\/www.essb.qc.ca\/fr\/#\/schema\/logo\/image\/","url":"https:\/\/www.essb.qc.ca\/wp-content\/uploads\/2022\/10\/easternshores.jpg","contentUrl":"https:\/\/www.essb.qc.ca\/wp-content\/uploads\/2022\/10\/easternshores.jpg","width":1439,"height":1080,"caption":"Eastern Shores"},"image":{"@id":"https:\/\/www.essb.qc.ca\/fr\/#\/schema\/logo\/image\/"}}]}},"_links":{"self":[{"href":"https:\/\/www.essb.qc.ca\/fr\/wp-json\/wp\/v2\/pages\/122","targetHints":{"allow":["GET"]}}],"collection":[{"href":"https:\/\/www.essb.qc.ca\/fr\/wp-json\/wp\/v2\/pages"}],"about":[{"href":"https:\/\/www.essb.qc.ca\/fr\/wp-json\/wp\/v2\/types\/page"}],"author":[{"embeddable":true,"href":"https:\/\/www.essb.qc.ca\/fr\/wp-json\/wp\/v2\/users\/1"}],"replies":[{"embeddable":true,"href":"https:\/\/www.essb.qc.ca\/fr\/wp-json\/wp\/v2\/comments?post=122"}],"version-history":[{"count":14,"href":"https:\/\/www.essb.qc.ca\/fr\/wp-json\/wp\/v2\/pages\/122\/revisions"}],"predecessor-version":[{"id":13715,"href":"https:\/\/www.essb.qc.ca\/fr\/wp-json\/wp\/v2\/pages\/122\/revisions\/13715"}],"wp:attachment":[{"href":"https:\/\/www.essb.qc.ca\/fr\/wp-json\/wp\/v2\/media?parent=122"}],"curies":[{"name":"wp","href":"https:\/\/api.w.org\/{rel}","templated":true}]}}