{"id":1154,"date":"2022-03-13T17:37:12","date_gmt":"2022-03-13T21:37:12","guid":{"rendered":"https:\/\/essb.jolistage.com\/schools\/saint-patricks-elementary-school\/"},"modified":"2026-02-12T14:12:52","modified_gmt":"2026-02-12T19:12:52","slug":"ecole-elementaire-st-patrick","status":"publish","type":"page","link":"https:\/\/www.essb.qc.ca\/fr\/ecoles\/ecole-elementaire-st-patrick\/","title":{"rendered":"\u00c9cole primaire St-Patrick"},"content":{"rendered":"<div class=\"wpb-content-wrapper\"><p>[vc_row][vc_column width=&#8221;2\/3&#8243; css=&#8221;.vc_custom_1646194825181{margin-bottom: 80px !important;padding-top: 37px !important;padding-right: 50px !important;}&#8221;]<div class='es_text_container es_font-regular '>L&#8217;\u00e9cole \u00e9l\u00e9mentaire St-Patrick est une petite \u00e9cole de quarante et un \u00e9l\u00e8ves inscrits de la maternelle \u00e0 la sixi\u00e8me ann\u00e9e et nous avons une atmosph\u00e8re familiale. Nos familles sont impliqu\u00e9es dans la vie de leur enfant et ensemble nous formons une grande \u00e9quipe pour les aider \u00e0 grandir et \u00eatre l\u00e0 pour les soutenir. Beaucoup de nos \u00e9l\u00e8ves sont issus de familles fran\u00e7aises et ne parlaient donc pas anglais avant de commencer l&#8217;\u00e9cole. Nous sommes fiers de dire que tous nos \u00e9l\u00e8ves sont bilingues une fois qu&#8217;ils ont obtenu leur dipl\u00f4me de l&#8217;\u00e9cole \u00e9l\u00e9mentaire St-Patrick. Nous essayons toujours d&#8217;organiser une vari\u00e9t\u00e9 d&#8217;activit\u00e9s \u00e9ducatives pour nos \u00e9l\u00e8ves et beaucoup de ces activit\u00e9s auront lieu dans notre communaut\u00e9 ou \u00e0 l&#8217;\u00e9cole. Nos \u00e9l\u00e8ves ont la possibilit\u00e9 de participer \u00e0 de nombreuses activit\u00e9s telles que la natation, le ski alpin, le patinage, les raquettes, la glissade, les promenades dans la nature, nous pensons qu&#8217;il est important d&#8217;adopter un mode de vie sain \u00e0 cet \u00e2ge. Nous organisons des activit\u00e9s pour nos \u00e9l\u00e8ves mais nous leur apprenons aussi le r\u00f4le de l&#8217;activit\u00e9 physique dans leur vie et l&#8217;importance de bouger et de manger sainement.<\/p>\n<p><em><strong>Aper\u00e7u du <a href=\"https:\/\/www.youtube.com\/watch?v=PEkXrpIRL9w\">pr\u00e9scolaire<\/a> et du <a href=\"https:\/\/www.youtube.com\/watch?v=PSb1p_WVnwA\">primaire<\/a> de l&#8217;\u00e9cole St-Patrick<\/strong><\/em><div class='es_text_image-container'><div class='es_text_image al-center' data-src='https:\/\/www.essb.qc.ca\/wp-content\/uploads\/2025\/06\/St-Patricks-02.jpg'><\/div><\/div><\/div>[vc_row_inner][vc_column_inner width=&#8221;1\/3&#8243;][vc_column_text]<b>Notre \u00e9quipe<\/b><\/p>\n<p>Directrice :<br \/>\n<span style=\"font-size: 10pt;\"><a href=\"mailto:nadine.savage@essb.qc.ca\">Nadine Savage<\/a><\/span><br \/>\nResponsable d&#8217;\u00e9cole:<br \/>\n<span style=\"font-size: 10pt;\"><a href=\"mailto:sharon.chedore@essb.qc.ca\">Sharon Chedore<\/a><br \/>\n<\/span>Secr\u00e9taire :<br \/>\n<span style=\"font-size: 10pt;\"><a href=\"mailto:stpatadmin@essb.qc.ca\">Julie Boutin<\/a><\/span>[\/vc_column_text][\/vc_column_inner][vc_column_inner width=&#8221;1\/3&#8243; css=&#8221;.vc_custom_1650402421955{padding-top: 55px !important;}&#8221;][vc_column_text]183, rue Commerciale,<br \/>\nCP 3058<br \/>\nChandler (QC)<br \/>\nG0C 1K0[\/vc_column_text][\/vc_column_inner][vc_column_inner width=&#8221;1\/3&#8243; css=&#8221;.vc_custom_1650402426237{padding-top: 55px !important;}&#8221;][vc_column_text]T\u00e9l\u00e9phone: <span style=\"font-size: 10pt;\"><a href=\"tel:14186895905\">418-689-5905<\/a><\/span><br \/>\nT\u00e9l\u00e9copieur: <span style=\"font-size: 10pt;\"><a href=\"tel:14186891995\">418-689-1995<\/a><\/span><br \/>\nCourriel: <span style=\"font-size: 10pt;\"><a href=\"mailto:stpatadmin@essb.qc.ca\">stpatadmin@essb.qc.ca<\/a><\/span>[\/vc_column_text][\/vc_column_inner][\/vc_row_inner]<div class=\"es_btn-container es_container-center  \"><a href=\"https:\/\/www.essb.qc.ca\/wp-content\/uploads\/2025\/08\/St.-Pats-EVHS.pdf\" class=\"es_btn\"  target=\"_blank\">Calendrier scolaire 2025-26<\/a><\/div>[\/vc_column][vc_column width=&#8221;1\/3&#8243; css=&#8221;.vc_custom_1643307697934{padding-top: 37px !important;padding-bottom: 65px !important;padding-left: 30px !important;}&#8221; el_class=&#8221;sidebar-primary&#8221;]    <div class=\"es_quick-links \">\n        <h2 class=\"es_quick-links-title\">Acc\u00e8s rapide<\/h2>\n        <div class=\"menu-quick-links-french-container\"><ul id=\"menu-quick-links-french\" class=\"menu-quick-links\"><li id=\"menu-item-1262\" class=\"menu-item menu-item-type-post_type menu-item-object-page menu-item-1262\"><a href=\"https:\/\/www.essb.qc.ca\/fr\/informations-parent\/\" class=\"menu-link\">Information parents<\/a><\/li>\n<li id=\"menu-item-30856\" class=\"menu-item menu-item-type-post_type menu-item-object-post menu-item-30856\"><a href=\"https:\/\/www.essb.qc.ca\/fr\/processus-de-traitement-des-plaintes\/\" class=\"menu-link\">Traitement des plaintes<\/a><\/li>\n<li id=\"menu-item-1263\" class=\"menu-item menu-item-type-post_type menu-item-object-page menu-item-1263\"><a href=\"https:\/\/www.essb.qc.ca\/fr\/carrieres\/\" class=\"menu-link\">Carri\u00e8res \/ Stages<\/a><\/li>\n<li id=\"menu-item-1806\" class=\"menu-item menu-item-type-post_type menu-item-object-page menu-item-1806\"><a href=\"https:\/\/www.essb.qc.ca\/fr\/taxe-scolaire\/\" class=\"menu-link\">Taxe scolaire<\/a><\/li>\n<li id=\"menu-item-21482\" class=\"menu-item menu-item-type-custom menu-item-object-custom menu-item-21482\"><a href=\"https:\/\/www.essb.qc.ca\/adult-and-vocational-education\/service-to-business\" class=\"menu-link\">Service aux entreprises<\/a><\/li>\n<\/ul><\/div>    <\/div>\n    [\/vc_column][\/vc_row]<\/p>\n<\/div>","protected":false},"excerpt":{"rendered":"<p>[vc_row][vc_column width=&#8221;2\/3&#8243; css=&#8221;.vc_custom_1646194825181{margin-bottom: 80px !important;padding-top: 37px !important;padding-right: 50px !important;}&#8221;][vc_row_inner][vc_column_inner width=&#8221;1\/3&#8243;][vc_column_text]Notre \u00e9quipe Directrice : Nadine Savage Responsable d&#8217;\u00e9cole: Sharon Chedore Secr\u00e9taire : Julie Boutin[\/vc_column_text][\/vc_column_inner][vc_column_inner width=&#8221;1\/3&#8243; css=&#8221;.vc_custom_1650402421955{padding-top: 55px !important;}&#8221;][vc_column_text]183, rue Commerciale, CP<\/p>\n<p class=\"read-more\"> <a class=\"\" href=\"https:\/\/easternshore.rm.jolistage.com\/news-title-3\/\"> <span class=\"screen-reader-text\">News title<\/span> Read More ><\/a><\/p>\n","protected":false},"author":1,"featured_media":0,"parent":1099,"menu_order":0,"comment_status":"closed","ping_status":"closed","template":"","meta":{"_acf_changed":false,"site-sidebar-layout":"no-sidebar","site-content-layout":"plain-container","ast-site-content-layout":"normal-width-container","site-content-style":"unboxed","site-sidebar-style":"unboxed","ast-global-header-display":"","ast-banner-title-visibility":"","ast-main-header-display":"","ast-hfb-above-header-display":"","ast-hfb-below-header-display":"","ast-hfb-mobile-header-display":"","site-post-title":"","ast-breadcrumbs-content":"","ast-featured-img":"disabled","footer-sml-layout":"","ast-disable-related-posts":"","theme-transparent-header-meta":"default","adv-header-id-meta":"","stick-header-meta":"","header-above-stick-meta":"","header-main-stick-meta":"","header-below-stick-meta":"","astra-migrate-meta-layouts":"set","ast-page-background-enabled":"default","ast-page-background-meta":{"desktop":{"background-color":"var(--ast-global-color-4)","background-image":"","background-repeat":"repeat","background-position":"center center","background-size":"auto","background-attachment":"scroll","background-type":"","background-media":"","overlay-type":"","overlay-color":"","overlay-opacity":"","overlay-gradient":""},"tablet":{"background-color":"","background-image":"","background-repeat":"repeat","background-position":"center center","background-size":"auto","background-attachment":"scroll","background-type":"","background-media":"","overlay-type":"","overlay-color":"","overlay-opacity":"","overlay-gradient":""},"mobile":{"background-color":"","background-image":"","background-repeat":"repeat","background-position":"center center","background-size":"auto","background-attachment":"scroll","background-type":"","background-media":"","overlay-type":"","overlay-color":"","overlay-opacity":"","overlay-gradient":""}},"ast-content-background-meta":{"desktop":{"background-color":"var(--ast-global-color-5)","background-image":"","background-repeat":"repeat","background-position":"center center","background-size":"auto","background-attachment":"scroll","background-type":"","background-media":"","overlay-type":"","overlay-color":"","overlay-opacity":"","overlay-gradient":""},"tablet":{"background-color":"var(--ast-global-color-5)","background-image":"","background-repeat":"repeat","background-position":"center center","background-size":"auto","background-attachment":"scroll","background-type":"","background-media":"","overlay-type":"","overlay-color":"","overlay-opacity":"","overlay-gradient":""},"mobile":{"background-color":"var(--ast-global-color-5)","background-image":"","background-repeat":"repeat","background-position":"center center","background-size":"auto","background-attachment":"scroll","background-type":"","background-media":"","overlay-type":"","overlay-color":"","overlay-opacity":"","overlay-gradient":""}},"footnotes":""},"class_list":["post-1154","page","type-page","status-publish","hentry"],"acf":[],"yoast_head":"<!-- This site is optimized with the Yoast SEO plugin v26.8 - https:\/\/yoast.com\/product\/yoast-seo-wordpress\/ -->\n<title>\u00c9cole primaire St-Patrick - Eastern Shores<\/title>\n<meta name=\"robots\" content=\"index, follow, max-snippet:-1, max-image-preview:large, max-video-preview:-1\" \/>\n<link rel=\"canonical\" href=\"https:\/\/www.essb.qc.ca\/fr\/ecoles\/ecole-elementaire-st-patrick\/\" \/>\n<meta property=\"og:locale\" content=\"fr_FR\" \/>\n<meta property=\"og:type\" content=\"article\" \/>\n<meta property=\"og:title\" content=\"\u00c9cole primaire St-Patrick - Eastern Shores\" \/>\n<meta property=\"og:description\" content=\"[vc_row][vc_column width=&#8221;2\/3&#8243; css=&#8221;.vc_custom_1646194825181{margin-bottom: 80px !important;padding-top: 37px !important;padding-right: 50px !important;}&#8221;][vc_row_inner][vc_column_inner width=&#8221;1\/3&#8243;][vc_column_text]Notre \u00e9quipe Directrice : Nadine Savage Responsable d&#8217;\u00e9cole: Sharon Chedore Secr\u00e9taire : Julie Boutin[\/vc_column_text][\/vc_column_inner][vc_column_inner width=&#8221;1\/3&#8243; css=&#8221;.vc_custom_1650402421955{padding-top: 55px !important;}&#8221;][vc_column_text]183, rue Commerciale, CP News title Read More &gt;\" \/>\n<meta property=\"og:url\" content=\"https:\/\/www.essb.qc.ca\/fr\/ecoles\/ecole-elementaire-st-patrick\/\" \/>\n<meta property=\"og:site_name\" content=\"Eastern Shores\" \/>\n<meta property=\"article:modified_time\" content=\"2026-02-12T19:12:52+00:00\" \/>\n<meta property=\"og:image\" content=\"https:\/\/www.essb.qc.ca\/wp-content\/uploads\/2022\/10\/easternshores.jpg\" \/>\n\t<meta property=\"og:image:width\" content=\"1439\" \/>\n\t<meta property=\"og:image:height\" content=\"1080\" \/>\n\t<meta property=\"og:image:type\" content=\"image\/jpeg\" \/>\n<meta name=\"twitter:card\" content=\"summary_large_image\" \/>\n<meta name=\"twitter:label1\" content=\"Dur\u00e9e de lecture estim\u00e9e\" \/>\n\t<meta name=\"twitter:data1\" content=\"2 minutes\" \/>\n<script type=\"application\/ld+json\" class=\"yoast-schema-graph\">{\"@context\":\"https:\/\/schema.org\",\"@graph\":[{\"@type\":\"WebPage\",\"@id\":\"https:\/\/www.essb.qc.ca\/fr\/ecoles\/ecole-elementaire-st-patrick\/\",\"url\":\"https:\/\/www.essb.qc.ca\/fr\/ecoles\/ecole-elementaire-st-patrick\/\",\"name\":\"\u00c9cole primaire St-Patrick - Eastern Shores\",\"isPartOf\":{\"@id\":\"https:\/\/www.essb.qc.ca\/fr\/#website\"},\"datePublished\":\"2022-03-13T21:37:12+00:00\",\"dateModified\":\"2026-02-12T19:12:52+00:00\",\"breadcrumb\":{\"@id\":\"https:\/\/www.essb.qc.ca\/fr\/ecoles\/ecole-elementaire-st-patrick\/#breadcrumb\"},\"inLanguage\":\"fr-FR\",\"potentialAction\":[{\"@type\":\"ReadAction\",\"target\":[\"https:\/\/www.essb.qc.ca\/fr\/ecoles\/ecole-elementaire-st-patrick\/\"]}]},{\"@type\":\"BreadcrumbList\",\"@id\":\"https:\/\/www.essb.qc.ca\/fr\/ecoles\/ecole-elementaire-st-patrick\/#breadcrumb\",\"itemListElement\":[{\"@type\":\"ListItem\",\"position\":1,\"name\":\"Home\",\"item\":\"https:\/\/www.essb.qc.ca\/fr\/\"},{\"@type\":\"ListItem\",\"position\":2,\"name\":\"\u00c9coles\",\"item\":\"https:\/\/www.essb.qc.ca\/fr\/ecoles\/\"},{\"@type\":\"ListItem\",\"position\":3,\"name\":\"\u00c9cole primaire St-Patrick\"}]},{\"@type\":\"WebSite\",\"@id\":\"https:\/\/www.essb.qc.ca\/fr\/#website\",\"url\":\"https:\/\/www.essb.qc.ca\/fr\/\",\"name\":\"Eastern Shores\",\"description\":\"\",\"publisher\":{\"@id\":\"https:\/\/www.essb.qc.ca\/fr\/#organization\"},\"potentialAction\":[{\"@type\":\"SearchAction\",\"target\":{\"@type\":\"EntryPoint\",\"urlTemplate\":\"https:\/\/www.essb.qc.ca\/fr\/?s={search_term_string}\"},\"query-input\":{\"@type\":\"PropertyValueSpecification\",\"valueRequired\":true,\"valueName\":\"search_term_string\"}}],\"inLanguage\":\"fr-FR\"},{\"@type\":\"Organization\",\"@id\":\"https:\/\/www.essb.qc.ca\/fr\/#organization\",\"name\":\"Eastern Shores\",\"url\":\"https:\/\/www.essb.qc.ca\/fr\/\",\"logo\":{\"@type\":\"ImageObject\",\"inLanguage\":\"fr-FR\",\"@id\":\"https:\/\/www.essb.qc.ca\/fr\/#\/schema\/logo\/image\/\",\"url\":\"https:\/\/www.essb.qc.ca\/wp-content\/uploads\/2022\/10\/easternshores.jpg\",\"contentUrl\":\"https:\/\/www.essb.qc.ca\/wp-content\/uploads\/2022\/10\/easternshores.jpg\",\"width\":1439,\"height\":1080,\"caption\":\"Eastern Shores\"},\"image\":{\"@id\":\"https:\/\/www.essb.qc.ca\/fr\/#\/schema\/logo\/image\/\"}}]}<\/script>\n<!-- \/ Yoast SEO plugin. -->","yoast_head_json":{"title":"\u00c9cole primaire St-Patrick - Eastern Shores","robots":{"index":"index","follow":"follow","max-snippet":"max-snippet:-1","max-image-preview":"max-image-preview:large","max-video-preview":"max-video-preview:-1"},"canonical":"https:\/\/www.essb.qc.ca\/fr\/ecoles\/ecole-elementaire-st-patrick\/","og_locale":"fr_FR","og_type":"article","og_title":"\u00c9cole primaire St-Patrick - Eastern Shores","og_description":"[vc_row][vc_column width=&#8221;2\/3&#8243; css=&#8221;.vc_custom_1646194825181{margin-bottom: 80px !important;padding-top: 37px !important;padding-right: 50px !important;}&#8221;][vc_row_inner][vc_column_inner width=&#8221;1\/3&#8243;][vc_column_text]Notre \u00e9quipe Directrice : Nadine Savage Responsable d&#8217;\u00e9cole: Sharon Chedore Secr\u00e9taire : Julie Boutin[\/vc_column_text][\/vc_column_inner][vc_column_inner width=&#8221;1\/3&#8243; css=&#8221;.vc_custom_1650402421955{padding-top: 55px !important;}&#8221;][vc_column_text]183, rue Commerciale, CP News title Read More >","og_url":"https:\/\/www.essb.qc.ca\/fr\/ecoles\/ecole-elementaire-st-patrick\/","og_site_name":"Eastern Shores","article_modified_time":"2026-02-12T19:12:52+00:00","og_image":[{"width":1439,"height":1080,"url":"https:\/\/www.essb.qc.ca\/wp-content\/uploads\/2022\/10\/easternshores.jpg","type":"image\/jpeg"}],"twitter_card":"summary_large_image","twitter_misc":{"Dur\u00e9e de lecture estim\u00e9e":"2 minutes"},"schema":{"@context":"https:\/\/schema.org","@graph":[{"@type":"WebPage","@id":"https:\/\/www.essb.qc.ca\/fr\/ecoles\/ecole-elementaire-st-patrick\/","url":"https:\/\/www.essb.qc.ca\/fr\/ecoles\/ecole-elementaire-st-patrick\/","name":"\u00c9cole primaire St-Patrick - Eastern Shores","isPartOf":{"@id":"https:\/\/www.essb.qc.ca\/fr\/#website"},"datePublished":"2022-03-13T21:37:12+00:00","dateModified":"2026-02-12T19:12:52+00:00","breadcrumb":{"@id":"https:\/\/www.essb.qc.ca\/fr\/ecoles\/ecole-elementaire-st-patrick\/#breadcrumb"},"inLanguage":"fr-FR","potentialAction":[{"@type":"ReadAction","target":["https:\/\/www.essb.qc.ca\/fr\/ecoles\/ecole-elementaire-st-patrick\/"]}]},{"@type":"BreadcrumbList","@id":"https:\/\/www.essb.qc.ca\/fr\/ecoles\/ecole-elementaire-st-patrick\/#breadcrumb","itemListElement":[{"@type":"ListItem","position":1,"name":"Home","item":"https:\/\/www.essb.qc.ca\/fr\/"},{"@type":"ListItem","position":2,"name":"\u00c9coles","item":"https:\/\/www.essb.qc.ca\/fr\/ecoles\/"},{"@type":"ListItem","position":3,"name":"\u00c9cole primaire St-Patrick"}]},{"@type":"WebSite","@id":"https:\/\/www.essb.qc.ca\/fr\/#website","url":"https:\/\/www.essb.qc.ca\/fr\/","name":"Eastern Shores","description":"","publisher":{"@id":"https:\/\/www.essb.qc.ca\/fr\/#organization"},"potentialAction":[{"@type":"SearchAction","target":{"@type":"EntryPoint","urlTemplate":"https:\/\/www.essb.qc.ca\/fr\/?s={search_term_string}"},"query-input":{"@type":"PropertyValueSpecification","valueRequired":true,"valueName":"search_term_string"}}],"inLanguage":"fr-FR"},{"@type":"Organization","@id":"https:\/\/www.essb.qc.ca\/fr\/#organization","name":"Eastern Shores","url":"https:\/\/www.essb.qc.ca\/fr\/","logo":{"@type":"ImageObject","inLanguage":"fr-FR","@id":"https:\/\/www.essb.qc.ca\/fr\/#\/schema\/logo\/image\/","url":"https:\/\/www.essb.qc.ca\/wp-content\/uploads\/2022\/10\/easternshores.jpg","contentUrl":"https:\/\/www.essb.qc.ca\/wp-content\/uploads\/2022\/10\/easternshores.jpg","width":1439,"height":1080,"caption":"Eastern Shores"},"image":{"@id":"https:\/\/www.essb.qc.ca\/fr\/#\/schema\/logo\/image\/"}}]}},"_links":{"self":[{"href":"https:\/\/www.essb.qc.ca\/fr\/wp-json\/wp\/v2\/pages\/1154","targetHints":{"allow":["GET"]}}],"collection":[{"href":"https:\/\/www.essb.qc.ca\/fr\/wp-json\/wp\/v2\/pages"}],"about":[{"href":"https:\/\/www.essb.qc.ca\/fr\/wp-json\/wp\/v2\/types\/page"}],"author":[{"embeddable":true,"href":"https:\/\/www.essb.qc.ca\/fr\/wp-json\/wp\/v2\/users\/1"}],"replies":[{"embeddable":true,"href":"https:\/\/www.essb.qc.ca\/fr\/wp-json\/wp\/v2\/comments?post=1154"}],"version-history":[{"count":22,"href":"https:\/\/www.essb.qc.ca\/fr\/wp-json\/wp\/v2\/pages\/1154\/revisions"}],"predecessor-version":[{"id":77063,"href":"https:\/\/www.essb.qc.ca\/fr\/wp-json\/wp\/v2\/pages\/1154\/revisions\/77063"}],"up":[{"embeddable":true,"href":"https:\/\/www.essb.qc.ca\/fr\/wp-json\/wp\/v2\/pages\/1099"}],"wp:attachment":[{"href":"https:\/\/www.essb.qc.ca\/fr\/wp-json\/wp\/v2\/media?parent=1154"}],"curies":[{"name":"wp","href":"https:\/\/api.w.org\/{rel}","templated":true}]}}