{"id":1147,"date":"2022-03-13T17:36:00","date_gmt":"2022-03-13T21:36:00","guid":{"rendered":"https:\/\/essb.jolistage.com\/schools\/riverview-school\/"},"modified":"2025-08-18T08:59:06","modified_gmt":"2025-08-18T12:59:06","slug":"ecole-riverview","status":"publish","type":"page","link":"https:\/\/www.essb.qc.ca\/fr\/ecoles\/ecole-riverview\/","title":{"rendered":"\u00c9cole Riverview"},"content":{"rendered":"<div class=\"wpb-content-wrapper\"><p>[vc_row][vc_column width=&#8221;2\/3&#8243; css=&#8221;.vc_custom_1646194755394{margin-bottom: 80px !important;padding-top: 37px !important;padding-right: 50px !important;}&#8221;]<div class='es_text_container es_font-regular '>L&#8217;\u00e9cole Riverview est la seule \u00e9cole anglaise de Port-Cartier. Nous offrir nos services de la pre-maternelle au sixi\u00e8me ann\u00e9e, Riverview n&#8217;accueille que des \u00e9l\u00e8ves de maternelle et de primaire. L&#8217;\u00e9cole Riverview profite de son emplacement pr\u00e8s de l&#8217;eau et de nombreux espaces verts pour les activit\u00e9s de plein air et l&#8217;apprentissage. Le fait d&#8217;avoir un petit nombre d&#8217;\u00e9l\u00e8ves nous permet d&#8217;avoir une communaut\u00e9 de type familial o\u00f9 les enseignants d\u00e9veloppent des relations \u00e9troites avec leurs \u00e9l\u00e8ves. Les enseignants collaborent \u00e9galement \u00e9troitement avec les familles pour mieux soutenir l&#8217;apprentissage et les activit\u00e9s des \u00e9l\u00e8ves. L&#8217;engagement des \u00e9l\u00e8ves est tr\u00e8s \u00e9lev\u00e9 \u00e0 Riverview. De nombreuses activit\u00e9s sont propos\u00e9es pendant le l&#8217;heure du midi et apr\u00e8s l&#8217;\u00e9cole, o\u00f9 les \u00e9l\u00e8ves peuvent exp\u00e9rimenter diff\u00e9rentes activit\u00e9s sportives, culinaires et artistiques.<div class='es_text_image-container'><div class='es_text_image al-center' data-src='https:\/\/www.essb.qc.ca\/wp-content\/uploads\/2022\/02\/rs.jpeg'><\/div><div class='es_text_image al-center' data-src='https:\/\/www.essb.qc.ca\/wp-content\/uploads\/2022\/02\/RiverviewPic1.jpeg'><\/div><\/div><\/div>[vc_row_inner][vc_column_inner width=&#8221;1\/3&#8243;][vc_column_text]<b>Notre \u00e9quipe<\/b><\/p>\n<p>Directeur :<br \/>\n<span style=\"font-size: 10pt;\"><a href=\"mailto:eric.couture@essb.qc.ca\">Eric Couture<\/a><\/span><br \/>\nResponsable d&#8217;\u00e9cole:<br \/>\n<span style=\"font-size: 13.3333px;\">Vacant<\/span><br \/>\nSecr\u00e9taire :<br \/>\n<span style=\"font-size: 10pt;\"><a href=\"mailto:riverview.admin@essb.qc.ca\">Julie Hartt<\/a><\/span>[\/vc_column_text][\/vc_column_inner][vc_column_inner width=&#8221;1\/3&#8243;][vc_column_text css=&#8221;.vc_custom_1649605641934{padding-top: 55px !important;}&#8221;]67, rue Audubon<br \/>\nPort-Cartier (QC) G5B 1M7[\/vc_column_text][\/vc_column_inner][vc_column_inner width=&#8221;1\/3&#8243;][vc_column_text css=&#8221;.vc_custom_1666295316687{padding-top: 55px !important;}&#8221;]T\u00e9l\u00e9phone: <span style=\"font-size: 10pt;\"><a href=\"tel:14187662665\">418-766-2665<\/a><\/span><br \/>\nT\u00e9l\u00e9copieur: <span style=\"font-size: 10pt;\"><a href=\"tel:14187662654\">418-766-2654<\/a><\/span><br \/>\nCourriel: <span style=\"font-size: 10pt;\"><a href=\"mailto:riverview.admin@essb.qc.ca\">riverview.admin@essb.qc.ca<\/a><\/span>[\/vc_column_text][\/vc_column_inner][\/vc_row_inner]<div class=\"es_btn-container es_container-center  \"><a href=\"https:\/\/www.essb.qc.ca\/wp-content\/uploads\/2025\/08\/Riverview.pdf\" class=\"es_btn\"  target=\"_blank\">Calendrier scolaire 2025-26<\/a><\/div>[\/vc_column][vc_column width=&#8221;1\/3&#8243; css=&#8221;.vc_custom_1643307697934{padding-top: 37px !important;padding-bottom: 65px !important;padding-left: 30px !important;}&#8221; el_class=&#8221;sidebar-primary&#8221;]    <div class=\"es_quick-links \">\n        <h2 class=\"es_quick-links-title\">Acc\u00e8s rapide<\/h2>\n        <div class=\"menu-quick-links-french-container\"><ul id=\"menu-quick-links-french\" class=\"menu-quick-links\"><li id=\"menu-item-1262\" class=\"menu-item menu-item-type-post_type menu-item-object-page menu-item-1262\"><a href=\"https:\/\/www.essb.qc.ca\/fr\/informations-parent\/\" class=\"menu-link\">Information parents<\/a><\/li>\n<li id=\"menu-item-30856\" class=\"menu-item menu-item-type-post_type menu-item-object-post menu-item-30856\"><a href=\"https:\/\/www.essb.qc.ca\/fr\/processus-de-traitement-des-plaintes\/\" class=\"menu-link\">Traitement des plaintes<\/a><\/li>\n<li id=\"menu-item-1263\" class=\"menu-item menu-item-type-post_type menu-item-object-page menu-item-1263\"><a href=\"https:\/\/www.essb.qc.ca\/fr\/carrieres\/\" class=\"menu-link\">Carri\u00e8res \/ Stages<\/a><\/li>\n<li id=\"menu-item-1806\" class=\"menu-item menu-item-type-post_type menu-item-object-page menu-item-1806\"><a href=\"https:\/\/www.essb.qc.ca\/fr\/taxe-scolaire\/\" class=\"menu-link\">Taxe scolaire<\/a><\/li>\n<li id=\"menu-item-21482\" class=\"menu-item menu-item-type-custom menu-item-object-custom menu-item-21482\"><a href=\"https:\/\/www.essb.qc.ca\/adult-and-vocational-education\/service-to-business\" class=\"menu-link\">Service aux entreprises<\/a><\/li>\n<\/ul><\/div>    <\/div>\n    [\/vc_column][\/vc_row]<\/p>\n<\/div>","protected":false},"excerpt":{"rendered":"<p>[vc_row][vc_column width=&#8221;2\/3&#8243; css=&#8221;.vc_custom_1646194755394{margin-bottom: 80px !important;padding-top: 37px !important;padding-right: 50px !important;}&#8221;][vc_row_inner][vc_column_inner width=&#8221;1\/3&#8243;][vc_column_text]Notre \u00e9quipe Directeur : Eric Couture Responsable d&#8217;\u00e9cole: Vacant Secr\u00e9taire : Julie Hartt[\/vc_column_text][\/vc_column_inner][vc_column_inner width=&#8221;1\/3&#8243;][vc_column_text css=&#8221;.vc_custom_1649605641934{padding-top: 55px !important;}&#8221;]67, rue Audubon Port-Cartier (QC)<\/p>\n<p class=\"read-more\"> <a class=\"\" href=\"https:\/\/easternshore.rm.jolistage.com\/news-title-3\/\"> <span class=\"screen-reader-text\">News title<\/span> Read More ><\/a><\/p>\n","protected":false},"author":1,"featured_media":0,"parent":1099,"menu_order":0,"comment_status":"closed","ping_status":"closed","template":"","meta":{"_acf_changed":false,"site-sidebar-layout":"no-sidebar","site-content-layout":"plain-container","ast-site-content-layout":"normal-width-container","site-content-style":"unboxed","site-sidebar-style":"unboxed","ast-global-header-display":"","ast-banner-title-visibility":"","ast-main-header-display":"","ast-hfb-above-header-display":"","ast-hfb-below-header-display":"","ast-hfb-mobile-header-display":"","site-post-title":"","ast-breadcrumbs-content":"","ast-featured-img":"disabled","footer-sml-layout":"","ast-disable-related-posts":"","theme-transparent-header-meta":"default","adv-header-id-meta":"","stick-header-meta":"","header-above-stick-meta":"","header-main-stick-meta":"","header-below-stick-meta":"","astra-migrate-meta-layouts":"set","ast-page-background-enabled":"default","ast-page-background-meta":{"desktop":{"background-color":"var(--ast-global-color-4)","background-image":"","background-repeat":"repeat","background-position":"center center","background-size":"auto","background-attachment":"scroll","background-type":"","background-media":"","overlay-type":"","overlay-color":"","overlay-opacity":"","overlay-gradient":""},"tablet":{"background-color":"","background-image":"","background-repeat":"repeat","background-position":"center center","background-size":"auto","background-attachment":"scroll","background-type":"","background-media":"","overlay-type":"","overlay-color":"","overlay-opacity":"","overlay-gradient":""},"mobile":{"background-color":"","background-image":"","background-repeat":"repeat","background-position":"center center","background-size":"auto","background-attachment":"scroll","background-type":"","background-media":"","overlay-type":"","overlay-color":"","overlay-opacity":"","overlay-gradient":""}},"ast-content-background-meta":{"desktop":{"background-color":"var(--ast-global-color-5)","background-image":"","background-repeat":"repeat","background-position":"center center","background-size":"auto","background-attachment":"scroll","background-type":"","background-media":"","overlay-type":"","overlay-color":"","overlay-opacity":"","overlay-gradient":""},"tablet":{"background-color":"var(--ast-global-color-5)","background-image":"","background-repeat":"repeat","background-position":"center center","background-size":"auto","background-attachment":"scroll","background-type":"","background-media":"","overlay-type":"","overlay-color":"","overlay-opacity":"","overlay-gradient":""},"mobile":{"background-color":"var(--ast-global-color-5)","background-image":"","background-repeat":"repeat","background-position":"center center","background-size":"auto","background-attachment":"scroll","background-type":"","background-media":"","overlay-type":"","overlay-color":"","overlay-opacity":"","overlay-gradient":""}},"footnotes":""},"class_list":["post-1147","page","type-page","status-publish","hentry"],"acf":[],"yoast_head":"<!-- This site is optimized with the Yoast SEO plugin v26.8 - https:\/\/yoast.com\/product\/yoast-seo-wordpress\/ -->\n<title>\u00c9cole Riverview - Eastern Shores<\/title>\n<meta name=\"robots\" content=\"index, follow, max-snippet:-1, max-image-preview:large, max-video-preview:-1\" \/>\n<link rel=\"canonical\" href=\"https:\/\/www.essb.qc.ca\/fr\/ecoles\/ecole-riverview\/\" \/>\n<meta property=\"og:locale\" content=\"fr_FR\" \/>\n<meta property=\"og:type\" content=\"article\" \/>\n<meta property=\"og:title\" content=\"\u00c9cole Riverview - Eastern Shores\" \/>\n<meta property=\"og:description\" content=\"[vc_row][vc_column width=&#8221;2\/3&#8243; css=&#8221;.vc_custom_1646194755394{margin-bottom: 80px !important;padding-top: 37px !important;padding-right: 50px !important;}&#8221;][vc_row_inner][vc_column_inner width=&#8221;1\/3&#8243;][vc_column_text]Notre \u00e9quipe Directeur : Eric Couture Responsable d&#8217;\u00e9cole: Vacant Secr\u00e9taire : Julie Hartt[\/vc_column_text][\/vc_column_inner][vc_column_inner width=&#8221;1\/3&#8243;][vc_column_text css=&#8221;.vc_custom_1649605641934{padding-top: 55px !important;}&#8221;]67, rue Audubon Port-Cartier (QC) News title Read More &gt;\" \/>\n<meta property=\"og:url\" content=\"https:\/\/www.essb.qc.ca\/fr\/ecoles\/ecole-riverview\/\" \/>\n<meta property=\"og:site_name\" content=\"Eastern Shores\" \/>\n<meta property=\"article:modified_time\" content=\"2025-08-18T12:59:06+00:00\" \/>\n<meta property=\"og:image\" content=\"https:\/\/www.essb.qc.ca\/wp-content\/uploads\/2022\/10\/easternshores.jpg\" \/>\n\t<meta property=\"og:image:width\" content=\"1439\" \/>\n\t<meta property=\"og:image:height\" content=\"1080\" \/>\n\t<meta property=\"og:image:type\" content=\"image\/jpeg\" \/>\n<meta name=\"twitter:card\" content=\"summary_large_image\" \/>\n<meta name=\"twitter:label1\" content=\"Dur\u00e9e de lecture estim\u00e9e\" \/>\n\t<meta name=\"twitter:data1\" content=\"1 minute\" \/>\n<script type=\"application\/ld+json\" class=\"yoast-schema-graph\">{\"@context\":\"https:\/\/schema.org\",\"@graph\":[{\"@type\":\"WebPage\",\"@id\":\"https:\/\/www.essb.qc.ca\/fr\/ecoles\/ecole-riverview\/\",\"url\":\"https:\/\/www.essb.qc.ca\/fr\/ecoles\/ecole-riverview\/\",\"name\":\"\u00c9cole Riverview - Eastern Shores\",\"isPartOf\":{\"@id\":\"https:\/\/www.essb.qc.ca\/fr\/#website\"},\"datePublished\":\"2022-03-13T21:36:00+00:00\",\"dateModified\":\"2025-08-18T12:59:06+00:00\",\"breadcrumb\":{\"@id\":\"https:\/\/www.essb.qc.ca\/fr\/ecoles\/ecole-riverview\/#breadcrumb\"},\"inLanguage\":\"fr-FR\",\"potentialAction\":[{\"@type\":\"ReadAction\",\"target\":[\"https:\/\/www.essb.qc.ca\/fr\/ecoles\/ecole-riverview\/\"]}]},{\"@type\":\"BreadcrumbList\",\"@id\":\"https:\/\/www.essb.qc.ca\/fr\/ecoles\/ecole-riverview\/#breadcrumb\",\"itemListElement\":[{\"@type\":\"ListItem\",\"position\":1,\"name\":\"Home\",\"item\":\"https:\/\/www.essb.qc.ca\/fr\/\"},{\"@type\":\"ListItem\",\"position\":2,\"name\":\"\u00c9coles\",\"item\":\"https:\/\/www.essb.qc.ca\/fr\/ecoles\/\"},{\"@type\":\"ListItem\",\"position\":3,\"name\":\"\u00c9cole Riverview\"}]},{\"@type\":\"WebSite\",\"@id\":\"https:\/\/www.essb.qc.ca\/fr\/#website\",\"url\":\"https:\/\/www.essb.qc.ca\/fr\/\",\"name\":\"Eastern Shores\",\"description\":\"\",\"publisher\":{\"@id\":\"https:\/\/www.essb.qc.ca\/fr\/#organization\"},\"potentialAction\":[{\"@type\":\"SearchAction\",\"target\":{\"@type\":\"EntryPoint\",\"urlTemplate\":\"https:\/\/www.essb.qc.ca\/fr\/?s={search_term_string}\"},\"query-input\":{\"@type\":\"PropertyValueSpecification\",\"valueRequired\":true,\"valueName\":\"search_term_string\"}}],\"inLanguage\":\"fr-FR\"},{\"@type\":\"Organization\",\"@id\":\"https:\/\/www.essb.qc.ca\/fr\/#organization\",\"name\":\"Eastern Shores\",\"url\":\"https:\/\/www.essb.qc.ca\/fr\/\",\"logo\":{\"@type\":\"ImageObject\",\"inLanguage\":\"fr-FR\",\"@id\":\"https:\/\/www.essb.qc.ca\/fr\/#\/schema\/logo\/image\/\",\"url\":\"https:\/\/www.essb.qc.ca\/wp-content\/uploads\/2022\/10\/easternshores.jpg\",\"contentUrl\":\"https:\/\/www.essb.qc.ca\/wp-content\/uploads\/2022\/10\/easternshores.jpg\",\"width\":1439,\"height\":1080,\"caption\":\"Eastern Shores\"},\"image\":{\"@id\":\"https:\/\/www.essb.qc.ca\/fr\/#\/schema\/logo\/image\/\"}}]}<\/script>\n<!-- \/ Yoast SEO plugin. -->","yoast_head_json":{"title":"\u00c9cole Riverview - Eastern Shores","robots":{"index":"index","follow":"follow","max-snippet":"max-snippet:-1","max-image-preview":"max-image-preview:large","max-video-preview":"max-video-preview:-1"},"canonical":"https:\/\/www.essb.qc.ca\/fr\/ecoles\/ecole-riverview\/","og_locale":"fr_FR","og_type":"article","og_title":"\u00c9cole Riverview - Eastern Shores","og_description":"[vc_row][vc_column width=&#8221;2\/3&#8243; css=&#8221;.vc_custom_1646194755394{margin-bottom: 80px !important;padding-top: 37px !important;padding-right: 50px !important;}&#8221;][vc_row_inner][vc_column_inner width=&#8221;1\/3&#8243;][vc_column_text]Notre \u00e9quipe Directeur : Eric Couture Responsable d&#8217;\u00e9cole: Vacant Secr\u00e9taire : Julie Hartt[\/vc_column_text][\/vc_column_inner][vc_column_inner width=&#8221;1\/3&#8243;][vc_column_text css=&#8221;.vc_custom_1649605641934{padding-top: 55px !important;}&#8221;]67, rue Audubon Port-Cartier (QC) News title Read More >","og_url":"https:\/\/www.essb.qc.ca\/fr\/ecoles\/ecole-riverview\/","og_site_name":"Eastern Shores","article_modified_time":"2025-08-18T12:59:06+00:00","og_image":[{"width":1439,"height":1080,"url":"https:\/\/www.essb.qc.ca\/wp-content\/uploads\/2022\/10\/easternshores.jpg","type":"image\/jpeg"}],"twitter_card":"summary_large_image","twitter_misc":{"Dur\u00e9e de lecture estim\u00e9e":"1 minute"},"schema":{"@context":"https:\/\/schema.org","@graph":[{"@type":"WebPage","@id":"https:\/\/www.essb.qc.ca\/fr\/ecoles\/ecole-riverview\/","url":"https:\/\/www.essb.qc.ca\/fr\/ecoles\/ecole-riverview\/","name":"\u00c9cole Riverview - Eastern Shores","isPartOf":{"@id":"https:\/\/www.essb.qc.ca\/fr\/#website"},"datePublished":"2022-03-13T21:36:00+00:00","dateModified":"2025-08-18T12:59:06+00:00","breadcrumb":{"@id":"https:\/\/www.essb.qc.ca\/fr\/ecoles\/ecole-riverview\/#breadcrumb"},"inLanguage":"fr-FR","potentialAction":[{"@type":"ReadAction","target":["https:\/\/www.essb.qc.ca\/fr\/ecoles\/ecole-riverview\/"]}]},{"@type":"BreadcrumbList","@id":"https:\/\/www.essb.qc.ca\/fr\/ecoles\/ecole-riverview\/#breadcrumb","itemListElement":[{"@type":"ListItem","position":1,"name":"Home","item":"https:\/\/www.essb.qc.ca\/fr\/"},{"@type":"ListItem","position":2,"name":"\u00c9coles","item":"https:\/\/www.essb.qc.ca\/fr\/ecoles\/"},{"@type":"ListItem","position":3,"name":"\u00c9cole Riverview"}]},{"@type":"WebSite","@id":"https:\/\/www.essb.qc.ca\/fr\/#website","url":"https:\/\/www.essb.qc.ca\/fr\/","name":"Eastern Shores","description":"","publisher":{"@id":"https:\/\/www.essb.qc.ca\/fr\/#organization"},"potentialAction":[{"@type":"SearchAction","target":{"@type":"EntryPoint","urlTemplate":"https:\/\/www.essb.qc.ca\/fr\/?s={search_term_string}"},"query-input":{"@type":"PropertyValueSpecification","valueRequired":true,"valueName":"search_term_string"}}],"inLanguage":"fr-FR"},{"@type":"Organization","@id":"https:\/\/www.essb.qc.ca\/fr\/#organization","name":"Eastern Shores","url":"https:\/\/www.essb.qc.ca\/fr\/","logo":{"@type":"ImageObject","inLanguage":"fr-FR","@id":"https:\/\/www.essb.qc.ca\/fr\/#\/schema\/logo\/image\/","url":"https:\/\/www.essb.qc.ca\/wp-content\/uploads\/2022\/10\/easternshores.jpg","contentUrl":"https:\/\/www.essb.qc.ca\/wp-content\/uploads\/2022\/10\/easternshores.jpg","width":1439,"height":1080,"caption":"Eastern Shores"},"image":{"@id":"https:\/\/www.essb.qc.ca\/fr\/#\/schema\/logo\/image\/"}}]}},"_links":{"self":[{"href":"https:\/\/www.essb.qc.ca\/fr\/wp-json\/wp\/v2\/pages\/1147","targetHints":{"allow":["GET"]}}],"collection":[{"href":"https:\/\/www.essb.qc.ca\/fr\/wp-json\/wp\/v2\/pages"}],"about":[{"href":"https:\/\/www.essb.qc.ca\/fr\/wp-json\/wp\/v2\/types\/page"}],"author":[{"embeddable":true,"href":"https:\/\/www.essb.qc.ca\/fr\/wp-json\/wp\/v2\/users\/1"}],"replies":[{"embeddable":true,"href":"https:\/\/www.essb.qc.ca\/fr\/wp-json\/wp\/v2\/comments?post=1147"}],"version-history":[{"count":18,"href":"https:\/\/www.essb.qc.ca\/fr\/wp-json\/wp\/v2\/pages\/1147\/revisions"}],"predecessor-version":[{"id":61999,"href":"https:\/\/www.essb.qc.ca\/fr\/wp-json\/wp\/v2\/pages\/1147\/revisions\/61999"}],"up":[{"embeddable":true,"href":"https:\/\/www.essb.qc.ca\/fr\/wp-json\/wp\/v2\/pages\/1099"}],"wp:attachment":[{"href":"https:\/\/www.essb.qc.ca\/fr\/wp-json\/wp\/v2\/media?parent=1147"}],"curies":[{"name":"wp","href":"https:\/\/api.w.org\/{rel}","templated":true}]}}