{"id":1137,"date":"2022-03-13T17:34:14","date_gmt":"2022-03-13T21:34:14","guid":{"rendered":"https:\/\/essb.jolistage.com\/schools\/new-carlisle-high-school\/"},"modified":"2025-08-18T08:39:04","modified_gmt":"2025-08-18T12:39:04","slug":"ecole-secondaire-de-new-carlisle","status":"publish","type":"page","link":"https:\/\/www.essb.qc.ca\/fr\/ecoles\/ecole-secondaire-de-new-carlisle\/","title":{"rendered":"\u00c9cole secondaire de New Carlisle"},"content":{"rendered":"<div class=\"wpb-content-wrapper\"><p>[vc_row][vc_column width=&#8221;2\/3&#8243; css=&#8221;.vc_custom_1646194695329{margin-bottom: 80px !important;padding-top: 37px !important;padding-right: 50px !important;}&#8221;]<div class='es_text_container es_font-regular '>Construite au centre de New Carlisle en 1914, cette \u00e9cole centenaire reste un lieu o\u00f9 les \u00e9l\u00e8ves et le personnel sont encourag\u00e9s \u00e0 atteindre leur plus haut potentiel. L&#8217; \u00e9cole secondaire de New Carlisle favorise les environnements o\u00f9 les \u00e9l\u00e8ves peuvent vivre des exp\u00e9riences qui les aident \u00e0 atteindre leur niveau de r\u00e9ussite sur le plan scolaire, artistique et sportif. Le NCHS encourage la collaboration entre le personnel, les \u00e9l\u00e8ves, les familles et nos communaut\u00e9s dans le but d&#8217;atteindre l&#8217;excellence pour chaque membre de notre famille scolaire. Nous croyons que chacun a le pouvoir de faire la diff\u00e9rence.<div class='es_text_image-container'><div class='es_text_image al-center' data-src='https:\/\/www.essb.qc.ca\/wp-content\/uploads\/2022\/02\/nchs.jpeg'><\/div><\/div><\/div>[vc_row_inner][vc_column_inner width=&#8221;1\/3&#8243;][vc_column_text]<b>Notre \u00e9quipe<\/b><\/p>\n<p>Directrice :<br \/>\n<span style=\"font-size: 10pt;\"><a href=\"mailto:shea.mcguinness@essb.qc.ca\">Shea McGuinness<\/a><\/span><br \/>\nResponsable d&#8217;\u00e9cole:<br \/>\n<span style=\"font-size: 10pt;\">Vacant<\/span><br \/>\nSecr\u00e9taire :<br \/>\n<span style=\"font-size: 10pt;\"><a href=\"mailto:nchs.admin@essb.qc.ca\">Kelly Main<\/a><\/span>[\/vc_column_text][\/vc_column_inner][vc_column_inner width=&#8221;1\/3&#8243;][vc_column_text css=&#8221;.vc_custom_1649604332689{padding-top: 55px !important;}&#8221;]177, G\u00e9rard-D-L\u00e9vesque Boulevard<br \/>\nNew Carlisle (QC) G0C 1Z0[\/vc_column_text][\/vc_column_inner][vc_column_inner width=&#8221;1\/3&#8243;][vc_column_text css=&#8221;.vc_custom_1666295593257{padding-top: 55px !important;}&#8221;]T\u00e9l\u00e9phone:<span style=\"font-size: 10pt;\"> <a href=\"tel:14187523316\">418-752-3316<\/a><\/span><br \/>\nT\u00e9l\u00e9copieur:<span style=\"font-size: 10pt;\"> <a href=\"tel:14187522130\">418-752-2130<\/a><\/span><br \/>\nCourriel: <span style=\"font-size: 10pt;\"><a href=\"mailto:nchs.admin@essb.qc.ca\">nchs.admin@essb.qc.ca<\/a><\/span>[\/vc_column_text][\/vc_column_inner][\/vc_row_inner]<div class=\"es_btn-container es_container-center  \"><a href=\"https:\/\/www.essb.qc.ca\/wp-content\/uploads\/2025\/06\/EIS-NRHS-NCHS-SPDS-GIS-1.pdf\" class=\"es_btn\"  target=\"_blank\">Calendrier scolaire 2025-26<\/a><\/div>[\/vc_column][vc_column width=&#8221;1\/3&#8243; css=&#8221;.vc_custom_1643307697934{padding-top: 37px !important;padding-bottom: 65px !important;padding-left: 30px !important;}&#8221; el_class=&#8221;sidebar-primary&#8221;]    <div class=\"es_quick-links \">\n        <h2 class=\"es_quick-links-title\">Acc\u00e8s rapide<\/h2>\n        <div class=\"menu-quick-links-french-container\"><ul id=\"menu-quick-links-french\" class=\"menu-quick-links\"><li id=\"menu-item-1262\" class=\"menu-item menu-item-type-post_type menu-item-object-page menu-item-1262\"><a href=\"https:\/\/www.essb.qc.ca\/fr\/informations-parent\/\" class=\"menu-link\">Information parents<\/a><\/li>\n<li id=\"menu-item-30856\" class=\"menu-item menu-item-type-post_type menu-item-object-post menu-item-30856\"><a href=\"https:\/\/www.essb.qc.ca\/fr\/processus-de-traitement-des-plaintes\/\" class=\"menu-link\">Traitement des plaintes<\/a><\/li>\n<li id=\"menu-item-1263\" class=\"menu-item menu-item-type-post_type menu-item-object-page menu-item-1263\"><a href=\"https:\/\/www.essb.qc.ca\/fr\/carrieres\/\" class=\"menu-link\">Carri\u00e8res \/ Stages<\/a><\/li>\n<li id=\"menu-item-1806\" class=\"menu-item menu-item-type-post_type menu-item-object-page menu-item-1806\"><a href=\"https:\/\/www.essb.qc.ca\/fr\/taxe-scolaire\/\" class=\"menu-link\">Taxe scolaire<\/a><\/li>\n<li id=\"menu-item-21482\" class=\"menu-item menu-item-type-custom menu-item-object-custom menu-item-21482\"><a href=\"https:\/\/www.essb.qc.ca\/adult-and-vocational-education\/service-to-business\" class=\"menu-link\">Service aux entreprises<\/a><\/li>\n<\/ul><\/div>    <\/div>\n    [\/vc_column][\/vc_row]<\/p>\n<\/div>","protected":false},"excerpt":{"rendered":"<p>[vc_row][vc_column width=&#8221;2\/3&#8243; css=&#8221;.vc_custom_1646194695329{margin-bottom: 80px !important;padding-top: 37px !important;padding-right: 50px !important;}&#8221;][vc_row_inner][vc_column_inner width=&#8221;1\/3&#8243;][vc_column_text]Notre \u00e9quipe Directrice : Shea McGuinness Responsable d&#8217;\u00e9cole: Vacant Secr\u00e9taire : Kelly Main[\/vc_column_text][\/vc_column_inner][vc_column_inner width=&#8221;1\/3&#8243;][vc_column_text css=&#8221;.vc_custom_1649604332689{padding-top: 55px !important;}&#8221;]177, G\u00e9rard-D-L\u00e9vesque Boulevard New Carlisle<\/p>\n<p class=\"read-more\"> <a class=\"\" href=\"https:\/\/easternshore.rm.jolistage.com\/news-title-3\/\"> <span class=\"screen-reader-text\">News title<\/span> Read More ><\/a><\/p>\n","protected":false},"author":1,"featured_media":0,"parent":1099,"menu_order":0,"comment_status":"closed","ping_status":"closed","template":"","meta":{"_acf_changed":false,"site-sidebar-layout":"no-sidebar","site-content-layout":"plain-container","ast-site-content-layout":"normal-width-container","site-content-style":"unboxed","site-sidebar-style":"unboxed","ast-global-header-display":"","ast-banner-title-visibility":"","ast-main-header-display":"","ast-hfb-above-header-display":"","ast-hfb-below-header-display":"","ast-hfb-mobile-header-display":"","site-post-title":"","ast-breadcrumbs-content":"","ast-featured-img":"disabled","footer-sml-layout":"","ast-disable-related-posts":"","theme-transparent-header-meta":"default","adv-header-id-meta":"","stick-header-meta":"","header-above-stick-meta":"","header-main-stick-meta":"","header-below-stick-meta":"","astra-migrate-meta-layouts":"set","ast-page-background-enabled":"default","ast-page-background-meta":{"desktop":{"background-color":"var(--ast-global-color-4)","background-image":"","background-repeat":"repeat","background-position":"center center","background-size":"auto","background-attachment":"scroll","background-type":"","background-media":"","overlay-type":"","overlay-color":"","overlay-opacity":"","overlay-gradient":""},"tablet":{"background-color":"","background-image":"","background-repeat":"repeat","background-position":"center center","background-size":"auto","background-attachment":"scroll","background-type":"","background-media":"","overlay-type":"","overlay-color":"","overlay-opacity":"","overlay-gradient":""},"mobile":{"background-color":"","background-image":"","background-repeat":"repeat","background-position":"center center","background-size":"auto","background-attachment":"scroll","background-type":"","background-media":"","overlay-type":"","overlay-color":"","overlay-opacity":"","overlay-gradient":""}},"ast-content-background-meta":{"desktop":{"background-color":"var(--ast-global-color-5)","background-image":"","background-repeat":"repeat","background-position":"center center","background-size":"auto","background-attachment":"scroll","background-type":"","background-media":"","overlay-type":"","overlay-color":"","overlay-opacity":"","overlay-gradient":""},"tablet":{"background-color":"var(--ast-global-color-5)","background-image":"","background-repeat":"repeat","background-position":"center center","background-size":"auto","background-attachment":"scroll","background-type":"","background-media":"","overlay-type":"","overlay-color":"","overlay-opacity":"","overlay-gradient":""},"mobile":{"background-color":"var(--ast-global-color-5)","background-image":"","background-repeat":"repeat","background-position":"center center","background-size":"auto","background-attachment":"scroll","background-type":"","background-media":"","overlay-type":"","overlay-color":"","overlay-opacity":"","overlay-gradient":""}},"footnotes":""},"class_list":["post-1137","page","type-page","status-publish","hentry"],"acf":[],"yoast_head":"<!-- This site is optimized with the Yoast SEO plugin v26.8 - https:\/\/yoast.com\/product\/yoast-seo-wordpress\/ -->\n<title>\u00c9cole secondaire de New Carlisle - Eastern Shores<\/title>\n<meta name=\"robots\" content=\"index, follow, max-snippet:-1, max-image-preview:large, max-video-preview:-1\" \/>\n<link rel=\"canonical\" href=\"https:\/\/www.essb.qc.ca\/fr\/ecoles\/ecole-secondaire-de-new-carlisle\/\" \/>\n<meta property=\"og:locale\" content=\"fr_FR\" \/>\n<meta property=\"og:type\" content=\"article\" \/>\n<meta property=\"og:title\" content=\"\u00c9cole secondaire de New Carlisle - Eastern Shores\" \/>\n<meta property=\"og:description\" content=\"[vc_row][vc_column width=&#8221;2\/3&#8243; css=&#8221;.vc_custom_1646194695329{margin-bottom: 80px !important;padding-top: 37px !important;padding-right: 50px !important;}&#8221;][vc_row_inner][vc_column_inner width=&#8221;1\/3&#8243;][vc_column_text]Notre \u00e9quipe Directrice : Shea McGuinness Responsable d&#8217;\u00e9cole: Vacant Secr\u00e9taire : Kelly Main[\/vc_column_text][\/vc_column_inner][vc_column_inner width=&#8221;1\/3&#8243;][vc_column_text css=&#8221;.vc_custom_1649604332689{padding-top: 55px !important;}&#8221;]177, G\u00e9rard-D-L\u00e9vesque Boulevard New Carlisle News title Read More &gt;\" \/>\n<meta property=\"og:url\" content=\"https:\/\/www.essb.qc.ca\/fr\/ecoles\/ecole-secondaire-de-new-carlisle\/\" \/>\n<meta property=\"og:site_name\" content=\"Eastern Shores\" \/>\n<meta property=\"article:modified_time\" content=\"2025-08-18T12:39:04+00:00\" \/>\n<meta property=\"og:image\" content=\"https:\/\/www.essb.qc.ca\/wp-content\/uploads\/2022\/10\/easternshores.jpg\" \/>\n\t<meta property=\"og:image:width\" content=\"1439\" \/>\n\t<meta property=\"og:image:height\" content=\"1080\" \/>\n\t<meta property=\"og:image:type\" content=\"image\/jpeg\" \/>\n<meta name=\"twitter:card\" content=\"summary_large_image\" \/>\n<meta name=\"twitter:label1\" content=\"Dur\u00e9e de lecture estim\u00e9e\" \/>\n\t<meta name=\"twitter:data1\" content=\"1 minute\" \/>\n<script type=\"application\/ld+json\" class=\"yoast-schema-graph\">{\"@context\":\"https:\/\/schema.org\",\"@graph\":[{\"@type\":\"WebPage\",\"@id\":\"https:\/\/www.essb.qc.ca\/fr\/ecoles\/ecole-secondaire-de-new-carlisle\/\",\"url\":\"https:\/\/www.essb.qc.ca\/fr\/ecoles\/ecole-secondaire-de-new-carlisle\/\",\"name\":\"\u00c9cole secondaire de New Carlisle - Eastern Shores\",\"isPartOf\":{\"@id\":\"https:\/\/www.essb.qc.ca\/fr\/#website\"},\"datePublished\":\"2022-03-13T21:34:14+00:00\",\"dateModified\":\"2025-08-18T12:39:04+00:00\",\"breadcrumb\":{\"@id\":\"https:\/\/www.essb.qc.ca\/fr\/ecoles\/ecole-secondaire-de-new-carlisle\/#breadcrumb\"},\"inLanguage\":\"fr-FR\",\"potentialAction\":[{\"@type\":\"ReadAction\",\"target\":[\"https:\/\/www.essb.qc.ca\/fr\/ecoles\/ecole-secondaire-de-new-carlisle\/\"]}]},{\"@type\":\"BreadcrumbList\",\"@id\":\"https:\/\/www.essb.qc.ca\/fr\/ecoles\/ecole-secondaire-de-new-carlisle\/#breadcrumb\",\"itemListElement\":[{\"@type\":\"ListItem\",\"position\":1,\"name\":\"Home\",\"item\":\"https:\/\/www.essb.qc.ca\/fr\/\"},{\"@type\":\"ListItem\",\"position\":2,\"name\":\"\u00c9coles\",\"item\":\"https:\/\/www.essb.qc.ca\/fr\/ecoles\/\"},{\"@type\":\"ListItem\",\"position\":3,\"name\":\"\u00c9cole secondaire de New Carlisle\"}]},{\"@type\":\"WebSite\",\"@id\":\"https:\/\/www.essb.qc.ca\/fr\/#website\",\"url\":\"https:\/\/www.essb.qc.ca\/fr\/\",\"name\":\"Eastern Shores\",\"description\":\"\",\"publisher\":{\"@id\":\"https:\/\/www.essb.qc.ca\/fr\/#organization\"},\"potentialAction\":[{\"@type\":\"SearchAction\",\"target\":{\"@type\":\"EntryPoint\",\"urlTemplate\":\"https:\/\/www.essb.qc.ca\/fr\/?s={search_term_string}\"},\"query-input\":{\"@type\":\"PropertyValueSpecification\",\"valueRequired\":true,\"valueName\":\"search_term_string\"}}],\"inLanguage\":\"fr-FR\"},{\"@type\":\"Organization\",\"@id\":\"https:\/\/www.essb.qc.ca\/fr\/#organization\",\"name\":\"Eastern Shores\",\"url\":\"https:\/\/www.essb.qc.ca\/fr\/\",\"logo\":{\"@type\":\"ImageObject\",\"inLanguage\":\"fr-FR\",\"@id\":\"https:\/\/www.essb.qc.ca\/fr\/#\/schema\/logo\/image\/\",\"url\":\"https:\/\/www.essb.qc.ca\/wp-content\/uploads\/2022\/10\/easternshores.jpg\",\"contentUrl\":\"https:\/\/www.essb.qc.ca\/wp-content\/uploads\/2022\/10\/easternshores.jpg\",\"width\":1439,\"height\":1080,\"caption\":\"Eastern Shores\"},\"image\":{\"@id\":\"https:\/\/www.essb.qc.ca\/fr\/#\/schema\/logo\/image\/\"}}]}<\/script>\n<!-- \/ Yoast SEO plugin. -->","yoast_head_json":{"title":"\u00c9cole secondaire de New Carlisle - Eastern Shores","robots":{"index":"index","follow":"follow","max-snippet":"max-snippet:-1","max-image-preview":"max-image-preview:large","max-video-preview":"max-video-preview:-1"},"canonical":"https:\/\/www.essb.qc.ca\/fr\/ecoles\/ecole-secondaire-de-new-carlisle\/","og_locale":"fr_FR","og_type":"article","og_title":"\u00c9cole secondaire de New Carlisle - Eastern Shores","og_description":"[vc_row][vc_column width=&#8221;2\/3&#8243; css=&#8221;.vc_custom_1646194695329{margin-bottom: 80px !important;padding-top: 37px !important;padding-right: 50px !important;}&#8221;][vc_row_inner][vc_column_inner width=&#8221;1\/3&#8243;][vc_column_text]Notre \u00e9quipe Directrice : Shea McGuinness Responsable d&#8217;\u00e9cole: Vacant Secr\u00e9taire : Kelly Main[\/vc_column_text][\/vc_column_inner][vc_column_inner width=&#8221;1\/3&#8243;][vc_column_text css=&#8221;.vc_custom_1649604332689{padding-top: 55px !important;}&#8221;]177, G\u00e9rard-D-L\u00e9vesque Boulevard New Carlisle News title Read More >","og_url":"https:\/\/www.essb.qc.ca\/fr\/ecoles\/ecole-secondaire-de-new-carlisle\/","og_site_name":"Eastern Shores","article_modified_time":"2025-08-18T12:39:04+00:00","og_image":[{"width":1439,"height":1080,"url":"https:\/\/www.essb.qc.ca\/wp-content\/uploads\/2022\/10\/easternshores.jpg","type":"image\/jpeg"}],"twitter_card":"summary_large_image","twitter_misc":{"Dur\u00e9e de lecture estim\u00e9e":"1 minute"},"schema":{"@context":"https:\/\/schema.org","@graph":[{"@type":"WebPage","@id":"https:\/\/www.essb.qc.ca\/fr\/ecoles\/ecole-secondaire-de-new-carlisle\/","url":"https:\/\/www.essb.qc.ca\/fr\/ecoles\/ecole-secondaire-de-new-carlisle\/","name":"\u00c9cole secondaire de New Carlisle - Eastern Shores","isPartOf":{"@id":"https:\/\/www.essb.qc.ca\/fr\/#website"},"datePublished":"2022-03-13T21:34:14+00:00","dateModified":"2025-08-18T12:39:04+00:00","breadcrumb":{"@id":"https:\/\/www.essb.qc.ca\/fr\/ecoles\/ecole-secondaire-de-new-carlisle\/#breadcrumb"},"inLanguage":"fr-FR","potentialAction":[{"@type":"ReadAction","target":["https:\/\/www.essb.qc.ca\/fr\/ecoles\/ecole-secondaire-de-new-carlisle\/"]}]},{"@type":"BreadcrumbList","@id":"https:\/\/www.essb.qc.ca\/fr\/ecoles\/ecole-secondaire-de-new-carlisle\/#breadcrumb","itemListElement":[{"@type":"ListItem","position":1,"name":"Home","item":"https:\/\/www.essb.qc.ca\/fr\/"},{"@type":"ListItem","position":2,"name":"\u00c9coles","item":"https:\/\/www.essb.qc.ca\/fr\/ecoles\/"},{"@type":"ListItem","position":3,"name":"\u00c9cole secondaire de New Carlisle"}]},{"@type":"WebSite","@id":"https:\/\/www.essb.qc.ca\/fr\/#website","url":"https:\/\/www.essb.qc.ca\/fr\/","name":"Eastern Shores","description":"","publisher":{"@id":"https:\/\/www.essb.qc.ca\/fr\/#organization"},"potentialAction":[{"@type":"SearchAction","target":{"@type":"EntryPoint","urlTemplate":"https:\/\/www.essb.qc.ca\/fr\/?s={search_term_string}"},"query-input":{"@type":"PropertyValueSpecification","valueRequired":true,"valueName":"search_term_string"}}],"inLanguage":"fr-FR"},{"@type":"Organization","@id":"https:\/\/www.essb.qc.ca\/fr\/#organization","name":"Eastern Shores","url":"https:\/\/www.essb.qc.ca\/fr\/","logo":{"@type":"ImageObject","inLanguage":"fr-FR","@id":"https:\/\/www.essb.qc.ca\/fr\/#\/schema\/logo\/image\/","url":"https:\/\/www.essb.qc.ca\/wp-content\/uploads\/2022\/10\/easternshores.jpg","contentUrl":"https:\/\/www.essb.qc.ca\/wp-content\/uploads\/2022\/10\/easternshores.jpg","width":1439,"height":1080,"caption":"Eastern Shores"},"image":{"@id":"https:\/\/www.essb.qc.ca\/fr\/#\/schema\/logo\/image\/"}}]}},"_links":{"self":[{"href":"https:\/\/www.essb.qc.ca\/fr\/wp-json\/wp\/v2\/pages\/1137","targetHints":{"allow":["GET"]}}],"collection":[{"href":"https:\/\/www.essb.qc.ca\/fr\/wp-json\/wp\/v2\/pages"}],"about":[{"href":"https:\/\/www.essb.qc.ca\/fr\/wp-json\/wp\/v2\/types\/page"}],"author":[{"embeddable":true,"href":"https:\/\/www.essb.qc.ca\/fr\/wp-json\/wp\/v2\/users\/1"}],"replies":[{"embeddable":true,"href":"https:\/\/www.essb.qc.ca\/fr\/wp-json\/wp\/v2\/comments?post=1137"}],"version-history":[{"count":18,"href":"https:\/\/www.essb.qc.ca\/fr\/wp-json\/wp\/v2\/pages\/1137\/revisions"}],"predecessor-version":[{"id":61993,"href":"https:\/\/www.essb.qc.ca\/fr\/wp-json\/wp\/v2\/pages\/1137\/revisions\/61993"}],"up":[{"embeddable":true,"href":"https:\/\/www.essb.qc.ca\/fr\/wp-json\/wp\/v2\/pages\/1099"}],"wp:attachment":[{"href":"https:\/\/www.essb.qc.ca\/fr\/wp-json\/wp\/v2\/media?parent=1137"}],"curies":[{"name":"wp","href":"https:\/\/api.w.org\/{rel}","templated":true}]}}