{"id":1120,"date":"2022-03-13T17:31:04","date_gmt":"2022-03-13T21:31:04","guid":{"rendered":"https:\/\/essb.jolistage.com\/schools\/fermont-school\/"},"modified":"2025-08-15T09:56:52","modified_gmt":"2025-08-15T13:56:52","slug":"ecole-fermont","status":"publish","type":"page","link":"https:\/\/www.essb.qc.ca\/fr\/ecoles\/ecole-fermont\/","title":{"rendered":"\u00c9cole Fermont"},"content":{"rendered":"<div class=\"wpb-content-wrapper\"><p>[vc_row][vc_column width=&#8221;2\/3&#8243; css=&#8221;.vc_custom_1642549408860{padding-top: 37px !important;padding-right: 50px !important;}&#8221;]<div class='es_text_container es_font-regular '>L&#8217;\u00e9cole Fermont est peut-\u00eatre la plus petite \u00e9cole de la pr\u00e9maternelle \u00e0 la 6e ann\u00e9e sur le territoire de la Commission scolaire Eastern Shores, mais nous sommes tr\u00e8s fiers de notre \u00e9cole qui a un esprit d&#8217;\u00e9cole tr\u00e8s fort. Nous sommes situ\u00e9s dans une ville mini\u00e8re du nord-est du Qu\u00e9bec, le long de la fronti\u00e8re avec Terre-Neuve et le Labrador. Notre \u00e9cole est unique parce que nous sommes situ\u00e9s dans un complexe d&#8217;un kilom\u00e8tre qui abrite \u00e9galement la grande \u00e9cole fran\u00e7aise, le centre de sant\u00e9, le poste de police, l&#8217;h\u00f4tel de ville, la piscine, les appartements, les magasins et la patinoire. Nos salles de classe sont situ\u00e9es dans l&#8217;\u00e9cole fran\u00e7aise, ce qui nous permet de partager les services et de participer occasionnellement \u00e0 des activit\u00e9s ensemble. La ville de Fermont, qui compte environ 2500 habitants, est tr\u00e8s solidaire et nos \u00e9l\u00e8ves ont acc\u00e8s \u00e0 de nombreux services. Le personnel propose \u00e9galement des activit\u00e9s parascolaires \u00e0 la fois acad\u00e9miques et r\u00e9cr\u00e9atives. Notre petit nombre d&#8217;\u00e9l\u00e8ves nous permet de r\u00e9pondre aux besoins de chacun d&#8217;entre eux et l&#8217;atmosph\u00e8re de l&#8217;\u00e9cole est familiale. Lorsque nos \u00e9l\u00e8ves terminent la 6e ann\u00e9e, ils voyagent 30 minutes pour aller a l&#8221;\u00e9cole secondaire \u00e0 Wabush et Labrador City, dans la province de Terre-Neuve-et-Labrador. L&#8217;\u00e9cole de Fermont est une petite \u00e9cole au c\u0153ur chaleureux.<div class='es_text_image-container'><div class='es_text_image al-center' data-src='https:\/\/www.essb.qc.ca\/wp-content\/uploads\/2022\/02\/Fermont1.jpeg'><\/div><\/div><\/div>[vc_row_inner][vc_column_inner width=&#8221;1\/3&#8243;][vc_column_text css=&#8221;&#8221;]<b>Notre \u00e9quipe<\/b><\/p>\n<p>Directrice:<span style=\"font-size: 10pt;\"> <a href=\"mailto:karen.kean@essb.qc.ca\">Karen Kean<\/a><\/span><br \/>\nResponsable d&#8217;\u00e9cole: <span style=\"font-size: 10pt;\">Courtney Stamp<\/span><br \/>\nSecr\u00e9taire: <span style=\"font-size: 10pt;\"><a href=\"mailto:fermont.admin@essb.qc.ca\">Lynn Savoie<\/a><\/span><\/p>\n<p>[\/vc_column_text][\/vc_column_inner][vc_column_inner width=&#8221;1\/3&#8243;][vc_column_text css=&#8221;.vc_custom_1731610148592{padding-top: 55px !important;}&#8221;]130, rue Le Carrefour,<br \/>\nAR-35<br \/>\nFermont (QC) G0G 1J0[\/vc_column_text][\/vc_column_inner][vc_column_inner width=&#8221;1\/3&#8243;][vc_column_text css=&#8221;.vc_custom_1731610177653{padding-top: 55px !important;}&#8221;]T\u00e9l\u00e9phone:<span style=\"font-size: 10pt;\"> 418-287-5497<\/span><br \/>\nT\u00e9l\u00e9copieur: <span style=\"font-size: 10pt;\">418-287-5497<\/span><br \/>\nCourriel: <span style=\"font-size: 10pt;\">fermont.admin@essb.qc.ca<\/span>[\/vc_column_text][\/vc_column_inner][\/vc_row_inner]<div class=\"es_btn-container es_container-center  \"><a href=\"https:\/\/www.essb.qc.ca\/wp-content\/uploads\/2025\/08\/Fermont.pdf\" class=\"es_btn\" >Calendrier scolaire 2025-26<\/a><\/div>[vc_empty_space height=&#8221;40px&#8221;][\/vc_column][vc_column width=&#8221;1\/3&#8243; css=&#8221;.vc_custom_1643307697934{padding-top: 37px !important;padding-bottom: 65px !important;padding-left: 30px !important;}&#8221; el_class=&#8221;sidebar-primary&#8221;]    <div class=\"es_quick-links \">\n        <h2 class=\"es_quick-links-title\">Acc\u00e8s rapide<\/h2>\n        <div class=\"menu-quick-links-french-container\"><ul id=\"menu-quick-links-french\" class=\"menu-quick-links\"><li id=\"menu-item-1262\" class=\"menu-item menu-item-type-post_type menu-item-object-page menu-item-1262\"><a href=\"https:\/\/www.essb.qc.ca\/fr\/informations-parent\/\" class=\"menu-link\">Information parents<\/a><\/li>\n<li id=\"menu-item-30856\" class=\"menu-item menu-item-type-post_type menu-item-object-post menu-item-30856\"><a href=\"https:\/\/www.essb.qc.ca\/fr\/processus-de-traitement-des-plaintes\/\" class=\"menu-link\">Traitement des plaintes<\/a><\/li>\n<li id=\"menu-item-1263\" class=\"menu-item menu-item-type-post_type menu-item-object-page menu-item-1263\"><a href=\"https:\/\/www.essb.qc.ca\/fr\/carrieres\/\" class=\"menu-link\">Carri\u00e8res \/ Stages<\/a><\/li>\n<li id=\"menu-item-1806\" class=\"menu-item menu-item-type-post_type menu-item-object-page menu-item-1806\"><a href=\"https:\/\/www.essb.qc.ca\/fr\/taxe-scolaire\/\" class=\"menu-link\">Taxe scolaire<\/a><\/li>\n<li id=\"menu-item-21482\" class=\"menu-item menu-item-type-custom menu-item-object-custom menu-item-21482\"><a href=\"https:\/\/www.essb.qc.ca\/adult-and-vocational-education\/service-to-business\" class=\"menu-link\">Service aux entreprises<\/a><\/li>\n<\/ul><\/div>    <\/div>\n    [\/vc_column][\/vc_row]<\/p>\n<\/div>","protected":false},"excerpt":{"rendered":"<p>[vc_row][vc_column width=&#8221;2\/3&#8243; css=&#8221;.vc_custom_1642549408860{padding-top: 37px !important;padding-right: 50px !important;}&#8221;][vc_row_inner][vc_column_inner width=&#8221;1\/3&#8243;][vc_column_text css=&#8221;&#8221;]Notre \u00e9quipe Directrice: Karen Kean Responsable d&#8217;\u00e9cole: Courtney Stamp Secr\u00e9taire: Lynn Savoie [\/vc_column_text][\/vc_column_inner][vc_column_inner width=&#8221;1\/3&#8243;][vc_column_text css=&#8221;.vc_custom_1731610148592{padding-top: 55px !important;}&#8221;]130, rue Le Carrefour, AR-35 Fermont<\/p>\n<p class=\"read-more\"> <a class=\"\" href=\"https:\/\/easternshore.rm.jolistage.com\/news-title-3\/\"> <span class=\"screen-reader-text\">News title<\/span> Read More ><\/a><\/p>\n","protected":false},"author":1,"featured_media":0,"parent":1099,"menu_order":0,"comment_status":"closed","ping_status":"closed","template":"","meta":{"_acf_changed":false,"site-sidebar-layout":"no-sidebar","site-content-layout":"plain-container","ast-site-content-layout":"normal-width-container","site-content-style":"unboxed","site-sidebar-style":"unboxed","ast-global-header-display":"","ast-banner-title-visibility":"","ast-main-header-display":"","ast-hfb-above-header-display":"","ast-hfb-below-header-display":"","ast-hfb-mobile-header-display":"","site-post-title":"","ast-breadcrumbs-content":"","ast-featured-img":"disabled","footer-sml-layout":"","ast-disable-related-posts":"","theme-transparent-header-meta":"default","adv-header-id-meta":"","stick-header-meta":"","header-above-stick-meta":"","header-main-stick-meta":"","header-below-stick-meta":"","astra-migrate-meta-layouts":"set","ast-page-background-enabled":"default","ast-page-background-meta":{"desktop":{"background-color":"var(--ast-global-color-4)","background-image":"","background-repeat":"repeat","background-position":"center center","background-size":"auto","background-attachment":"scroll","background-type":"","background-media":"","overlay-type":"","overlay-color":"","overlay-opacity":"","overlay-gradient":""},"tablet":{"background-color":"","background-image":"","background-repeat":"repeat","background-position":"center center","background-size":"auto","background-attachment":"scroll","background-type":"","background-media":"","overlay-type":"","overlay-color":"","overlay-opacity":"","overlay-gradient":""},"mobile":{"background-color":"","background-image":"","background-repeat":"repeat","background-position":"center center","background-size":"auto","background-attachment":"scroll","background-type":"","background-media":"","overlay-type":"","overlay-color":"","overlay-opacity":"","overlay-gradient":""}},"ast-content-background-meta":{"desktop":{"background-color":"var(--ast-global-color-5)","background-image":"","background-repeat":"repeat","background-position":"center center","background-size":"auto","background-attachment":"scroll","background-type":"","background-media":"","overlay-type":"","overlay-color":"","overlay-opacity":"","overlay-gradient":""},"tablet":{"background-color":"var(--ast-global-color-5)","background-image":"","background-repeat":"repeat","background-position":"center center","background-size":"auto","background-attachment":"scroll","background-type":"","background-media":"","overlay-type":"","overlay-color":"","overlay-opacity":"","overlay-gradient":""},"mobile":{"background-color":"var(--ast-global-color-5)","background-image":"","background-repeat":"repeat","background-position":"center center","background-size":"auto","background-attachment":"scroll","background-type":"","background-media":"","overlay-type":"","overlay-color":"","overlay-opacity":"","overlay-gradient":""}},"footnotes":""},"class_list":["post-1120","page","type-page","status-publish","hentry"],"acf":[],"yoast_head":"<!-- This site is optimized with the Yoast SEO plugin v26.8 - https:\/\/yoast.com\/product\/yoast-seo-wordpress\/ -->\n<title>\u00c9cole Fermont - Eastern Shores<\/title>\n<meta name=\"robots\" content=\"index, follow, max-snippet:-1, max-image-preview:large, max-video-preview:-1\" \/>\n<link rel=\"canonical\" href=\"https:\/\/www.essb.qc.ca\/fr\/ecoles\/ecole-fermont\/\" \/>\n<meta property=\"og:locale\" content=\"fr_FR\" \/>\n<meta property=\"og:type\" content=\"article\" \/>\n<meta property=\"og:title\" content=\"\u00c9cole Fermont - Eastern Shores\" \/>\n<meta property=\"og:description\" content=\"[vc_row][vc_column width=&#8221;2\/3&#8243; css=&#8221;.vc_custom_1642549408860{padding-top: 37px !important;padding-right: 50px !important;}&#8221;][vc_row_inner][vc_column_inner width=&#8221;1\/3&#8243;][vc_column_text css=&#8221;&#8221;]Notre \u00e9quipe Directrice: Karen Kean Responsable d&#8217;\u00e9cole: Courtney Stamp Secr\u00e9taire: Lynn Savoie [\/vc_column_text][\/vc_column_inner][vc_column_inner width=&#8221;1\/3&#8243;][vc_column_text css=&#8221;.vc_custom_1731610148592{padding-top: 55px !important;}&#8221;]130, rue Le Carrefour, AR-35 Fermont News title Read More &gt;\" \/>\n<meta property=\"og:url\" content=\"https:\/\/www.essb.qc.ca\/fr\/ecoles\/ecole-fermont\/\" \/>\n<meta property=\"og:site_name\" content=\"Eastern Shores\" \/>\n<meta property=\"article:modified_time\" content=\"2025-08-15T13:56:52+00:00\" \/>\n<meta property=\"og:image\" content=\"https:\/\/www.essb.qc.ca\/wp-content\/uploads\/2022\/10\/easternshores.jpg\" \/>\n\t<meta property=\"og:image:width\" content=\"1439\" \/>\n\t<meta property=\"og:image:height\" content=\"1080\" \/>\n\t<meta property=\"og:image:type\" content=\"image\/jpeg\" \/>\n<meta name=\"twitter:card\" content=\"summary_large_image\" \/>\n<meta name=\"twitter:label1\" content=\"Dur\u00e9e de lecture estim\u00e9e\" \/>\n\t<meta name=\"twitter:data1\" content=\"2 minutes\" \/>\n<script type=\"application\/ld+json\" class=\"yoast-schema-graph\">{\"@context\":\"https:\/\/schema.org\",\"@graph\":[{\"@type\":\"WebPage\",\"@id\":\"https:\/\/www.essb.qc.ca\/fr\/ecoles\/ecole-fermont\/\",\"url\":\"https:\/\/www.essb.qc.ca\/fr\/ecoles\/ecole-fermont\/\",\"name\":\"\u00c9cole Fermont - Eastern Shores\",\"isPartOf\":{\"@id\":\"https:\/\/www.essb.qc.ca\/fr\/#website\"},\"datePublished\":\"2022-03-13T21:31:04+00:00\",\"dateModified\":\"2025-08-15T13:56:52+00:00\",\"breadcrumb\":{\"@id\":\"https:\/\/www.essb.qc.ca\/fr\/ecoles\/ecole-fermont\/#breadcrumb\"},\"inLanguage\":\"fr-FR\",\"potentialAction\":[{\"@type\":\"ReadAction\",\"target\":[\"https:\/\/www.essb.qc.ca\/fr\/ecoles\/ecole-fermont\/\"]}]},{\"@type\":\"BreadcrumbList\",\"@id\":\"https:\/\/www.essb.qc.ca\/fr\/ecoles\/ecole-fermont\/#breadcrumb\",\"itemListElement\":[{\"@type\":\"ListItem\",\"position\":1,\"name\":\"Home\",\"item\":\"https:\/\/www.essb.qc.ca\/fr\/\"},{\"@type\":\"ListItem\",\"position\":2,\"name\":\"\u00c9coles\",\"item\":\"https:\/\/www.essb.qc.ca\/fr\/ecoles\/\"},{\"@type\":\"ListItem\",\"position\":3,\"name\":\"\u00c9cole Fermont\"}]},{\"@type\":\"WebSite\",\"@id\":\"https:\/\/www.essb.qc.ca\/fr\/#website\",\"url\":\"https:\/\/www.essb.qc.ca\/fr\/\",\"name\":\"Eastern Shores\",\"description\":\"\",\"publisher\":{\"@id\":\"https:\/\/www.essb.qc.ca\/fr\/#organization\"},\"potentialAction\":[{\"@type\":\"SearchAction\",\"target\":{\"@type\":\"EntryPoint\",\"urlTemplate\":\"https:\/\/www.essb.qc.ca\/fr\/?s={search_term_string}\"},\"query-input\":{\"@type\":\"PropertyValueSpecification\",\"valueRequired\":true,\"valueName\":\"search_term_string\"}}],\"inLanguage\":\"fr-FR\"},{\"@type\":\"Organization\",\"@id\":\"https:\/\/www.essb.qc.ca\/fr\/#organization\",\"name\":\"Eastern Shores\",\"url\":\"https:\/\/www.essb.qc.ca\/fr\/\",\"logo\":{\"@type\":\"ImageObject\",\"inLanguage\":\"fr-FR\",\"@id\":\"https:\/\/www.essb.qc.ca\/fr\/#\/schema\/logo\/image\/\",\"url\":\"https:\/\/www.essb.qc.ca\/wp-content\/uploads\/2022\/10\/easternshores.jpg\",\"contentUrl\":\"https:\/\/www.essb.qc.ca\/wp-content\/uploads\/2022\/10\/easternshores.jpg\",\"width\":1439,\"height\":1080,\"caption\":\"Eastern Shores\"},\"image\":{\"@id\":\"https:\/\/www.essb.qc.ca\/fr\/#\/schema\/logo\/image\/\"}}]}<\/script>\n<!-- \/ Yoast SEO plugin. -->","yoast_head_json":{"title":"\u00c9cole Fermont - Eastern Shores","robots":{"index":"index","follow":"follow","max-snippet":"max-snippet:-1","max-image-preview":"max-image-preview:large","max-video-preview":"max-video-preview:-1"},"canonical":"https:\/\/www.essb.qc.ca\/fr\/ecoles\/ecole-fermont\/","og_locale":"fr_FR","og_type":"article","og_title":"\u00c9cole Fermont - Eastern Shores","og_description":"[vc_row][vc_column width=&#8221;2\/3&#8243; css=&#8221;.vc_custom_1642549408860{padding-top: 37px !important;padding-right: 50px !important;}&#8221;][vc_row_inner][vc_column_inner width=&#8221;1\/3&#8243;][vc_column_text css=&#8221;&#8221;]Notre \u00e9quipe Directrice: Karen Kean Responsable d&#8217;\u00e9cole: Courtney Stamp Secr\u00e9taire: Lynn Savoie [\/vc_column_text][\/vc_column_inner][vc_column_inner width=&#8221;1\/3&#8243;][vc_column_text css=&#8221;.vc_custom_1731610148592{padding-top: 55px !important;}&#8221;]130, rue Le Carrefour, AR-35 Fermont News title Read More >","og_url":"https:\/\/www.essb.qc.ca\/fr\/ecoles\/ecole-fermont\/","og_site_name":"Eastern Shores","article_modified_time":"2025-08-15T13:56:52+00:00","og_image":[{"width":1439,"height":1080,"url":"https:\/\/www.essb.qc.ca\/wp-content\/uploads\/2022\/10\/easternshores.jpg","type":"image\/jpeg"}],"twitter_card":"summary_large_image","twitter_misc":{"Dur\u00e9e de lecture estim\u00e9e":"2 minutes"},"schema":{"@context":"https:\/\/schema.org","@graph":[{"@type":"WebPage","@id":"https:\/\/www.essb.qc.ca\/fr\/ecoles\/ecole-fermont\/","url":"https:\/\/www.essb.qc.ca\/fr\/ecoles\/ecole-fermont\/","name":"\u00c9cole Fermont - Eastern Shores","isPartOf":{"@id":"https:\/\/www.essb.qc.ca\/fr\/#website"},"datePublished":"2022-03-13T21:31:04+00:00","dateModified":"2025-08-15T13:56:52+00:00","breadcrumb":{"@id":"https:\/\/www.essb.qc.ca\/fr\/ecoles\/ecole-fermont\/#breadcrumb"},"inLanguage":"fr-FR","potentialAction":[{"@type":"ReadAction","target":["https:\/\/www.essb.qc.ca\/fr\/ecoles\/ecole-fermont\/"]}]},{"@type":"BreadcrumbList","@id":"https:\/\/www.essb.qc.ca\/fr\/ecoles\/ecole-fermont\/#breadcrumb","itemListElement":[{"@type":"ListItem","position":1,"name":"Home","item":"https:\/\/www.essb.qc.ca\/fr\/"},{"@type":"ListItem","position":2,"name":"\u00c9coles","item":"https:\/\/www.essb.qc.ca\/fr\/ecoles\/"},{"@type":"ListItem","position":3,"name":"\u00c9cole Fermont"}]},{"@type":"WebSite","@id":"https:\/\/www.essb.qc.ca\/fr\/#website","url":"https:\/\/www.essb.qc.ca\/fr\/","name":"Eastern Shores","description":"","publisher":{"@id":"https:\/\/www.essb.qc.ca\/fr\/#organization"},"potentialAction":[{"@type":"SearchAction","target":{"@type":"EntryPoint","urlTemplate":"https:\/\/www.essb.qc.ca\/fr\/?s={search_term_string}"},"query-input":{"@type":"PropertyValueSpecification","valueRequired":true,"valueName":"search_term_string"}}],"inLanguage":"fr-FR"},{"@type":"Organization","@id":"https:\/\/www.essb.qc.ca\/fr\/#organization","name":"Eastern Shores","url":"https:\/\/www.essb.qc.ca\/fr\/","logo":{"@type":"ImageObject","inLanguage":"fr-FR","@id":"https:\/\/www.essb.qc.ca\/fr\/#\/schema\/logo\/image\/","url":"https:\/\/www.essb.qc.ca\/wp-content\/uploads\/2022\/10\/easternshores.jpg","contentUrl":"https:\/\/www.essb.qc.ca\/wp-content\/uploads\/2022\/10\/easternshores.jpg","width":1439,"height":1080,"caption":"Eastern Shores"},"image":{"@id":"https:\/\/www.essb.qc.ca\/fr\/#\/schema\/logo\/image\/"}}]}},"_links":{"self":[{"href":"https:\/\/www.essb.qc.ca\/fr\/wp-json\/wp\/v2\/pages\/1120","targetHints":{"allow":["GET"]}}],"collection":[{"href":"https:\/\/www.essb.qc.ca\/fr\/wp-json\/wp\/v2\/pages"}],"about":[{"href":"https:\/\/www.essb.qc.ca\/fr\/wp-json\/wp\/v2\/types\/page"}],"author":[{"embeddable":true,"href":"https:\/\/www.essb.qc.ca\/fr\/wp-json\/wp\/v2\/users\/1"}],"replies":[{"embeddable":true,"href":"https:\/\/www.essb.qc.ca\/fr\/wp-json\/wp\/v2\/comments?post=1120"}],"version-history":[{"count":25,"href":"https:\/\/www.essb.qc.ca\/fr\/wp-json\/wp\/v2\/pages\/1120\/revisions"}],"predecessor-version":[{"id":61751,"href":"https:\/\/www.essb.qc.ca\/fr\/wp-json\/wp\/v2\/pages\/1120\/revisions\/61751"}],"up":[{"embeddable":true,"href":"https:\/\/www.essb.qc.ca\/fr\/wp-json\/wp\/v2\/pages\/1099"}],"wp:attachment":[{"href":"https:\/\/www.essb.qc.ca\/fr\/wp-json\/wp\/v2\/media?parent=1120"}],"curies":[{"name":"wp","href":"https:\/\/api.w.org\/{rel}","templated":true}]}}