{"id":1108,"date":"2022-03-13T17:01:55","date_gmt":"2022-03-13T21:01:55","guid":{"rendered":"https:\/\/essb.jolistage.com\/schools\/belle-anse-school\/"},"modified":"2026-05-13T15:28:02","modified_gmt":"2026-05-13T19:28:02","slug":"ecole-belle-anse","status":"publish","type":"page","link":"https:\/\/www.essb.qc.ca\/fr\/ecoles\/ecole-belle-anse\/","title":{"rendered":"\u00c9cole Belle Anse"},"content":{"rendered":"<div class=\"wpb-content-wrapper\"><p>[vc_row][vc_column width=&#8221;2\/3&#8243; css=&#8221;.vc_custom_1646192005543{margin-bottom: 80px !important;padding-top: 37px !important;padding-right: 50px !important;}&#8221;]<div class='es_text_container es_font-regular '>L&#8217;\u00e9cole Belle Anse est une petite \u00e9cole communautaire tr\u00e8s soud\u00e9e. Avec un effectif de 33 \u00e9l\u00e8ves, la vie scolaire ressemble souvent \u00e0 une atmosph\u00e8re familiale. Notre proximit\u00e9 de la c\u00f4te nous permet d&#8217;offrir l&#8217;une des plus belles vues sur le roch\u00e9 Perc\u00e9 . De notre cour de r\u00e9cr\u00e9ation nos \u00e9l\u00e8ves observent la beaut\u00e9 du cadre naturel, notre philosophie \u00e9ducative utilise l&#8217;environnement de mani\u00e8re beaucoup plus riche pour promouvoir l&#8217;apprentissage, l&#8217;exploration et la curiosit\u00e9. Entre la plage du quartier et une zone bois\u00e9e derri\u00e8re notre \u00e9cole, notre emplacement est id\u00e9al pour l&#8217;apprentissage acad\u00e9mique en plein air, le d\u00e9veloppement de la r\u00e9silience et de la confiance, ainsi que l&#8217;acquisition d&#8217;habitudes de vie saines et durables. Nos \u00e9l\u00e8ves de maternelle apprennent par la nature, apprennent dans la nature et, souvent, transportent simplement la classe \u00e0 l&#8217;ext\u00e9rieur. Avec des \u00e9quipements adapt\u00e9s aux intemp\u00e9ries et des sacs \u00e0 dos d&#8217;exp\u00e9dition, ces petits apprenants sont pr\u00eats \u00e0 affronter les \u00e9l\u00e9ments et \u00e0 d\u00e9velopper leur endurance. En fait, nous encourageons tous nos \u00e9l\u00e8ves \u00e0 profiter de notre environnement naturel en toute saison. En donnant la priorit\u00e9 \u00e0 l&#8217;achat de mat\u00e9riel et d&#8217;\u00e9quipement appropri\u00e9s, les \u00e9l\u00e8ves peuvent d\u00e9velopper des comp\u00e9tences et apprendre \u00e0 pratiquer des activit\u00e9s physiques qu&#8217;ils n&#8217;auraient peut-\u00eatre pas eu l&#8217;occasion de faire. Nous avons \u00e9galement un projet de jardinage durable qui s&#8217;est d\u00e9velopp\u00e9 au fil du temps avec l&#8217;aide de plusieurs partenaires communautaires.<\/div><div class='es_text_container es_font-regular '><div class='es_text_image-container'><div class='es_text_image al-center' data-src='https:\/\/www.essb.qc.ca\/wp-content\/uploads\/2022\/02\/BAS.jpg'><\/div><\/div><\/div>[vc_row_inner][vc_column_inner width=&#8221;1\/3&#8243;][vc_column_text]<b>Notre \u00e9quipe<\/b><\/p>\n<p>Directrice :<br \/>\n<span style=\"font-size: 10pt;\"><a href=\"mailto:beryl.boyle@essb.qc.ca\">Beryl Boyle<\/a><\/span><br \/>\nResponsable d&#8217;\u00e9cole:<br \/>\n<span style=\"font-size: 13.3333px;\">Marie Claude Brulotte<\/span><br \/>\nSecr\u00e9taire :<br \/>\n<a href=\"mailto:bas.admin@essb.qc.ca\"><span style=\"font-size: 10pt;\">Helen Lucas<\/span><\/a>[\/vc_column_text][\/vc_column_inner][vc_column_inner width=&#8221;1\/3&#8243;][vc_column_text css=&#8221;.vc_custom_1649563912830{padding-top: 55px !important;}&#8221;]1298, Route 132, Bo\u00eete 28<br \/>\nBarachois (QC) G0C 1A0[\/vc_column_text][\/vc_column_inner][vc_column_inner width=&#8221;1\/3&#8243;][vc_column_text css=&#8221;.vc_custom_1666294048518{padding-top: 55px !important;}&#8221;]T\u00e9l\u00e9phone :<span style=\"font-size: 10pt;\"> <a href=\"tel:14186452236\">418-645-2236<\/a><\/span><br \/>\nT\u00e9l\u00e9copieur : <span style=\"font-size: 10pt;\"><a href=\"tel:14186453824\">418-645-3824<\/a><\/span><br \/>\nCourriel: <span style=\"font-size: 10pt;\"><a href=\"mailto:bas.admin@essb.qc.ca\">bas.admin@essb.qc.ca<\/a><\/span>[\/vc_column_text][\/vc_column_inner][\/vc_row_inner]<div class=\"es_btn-container es_container-center  \"><a href=\"https:\/\/www.essb.qc.ca\/wp-content\/uploads\/2025\/08\/BAS-GES-GPS.pdf\" class=\"es_btn\"  target=\"_blank\">Calendrier scolaire 2025-26<\/a><\/div><div class=\"es_btn-container es_container-center  \"><a href=\"https:\/\/www.essb.qc.ca\/wp-content\/uploads\/2026\/05\/Belle-Anse-Gaspe-Elementary-Gaspe-Polyvalent-.pdf\" class=\"es_btn\"  target=\"_blank\">Calendrier scolaire 2026-27<\/a><\/div>[\/vc_column][vc_column width=&#8221;1\/3&#8243; css=&#8221;.vc_custom_1643307697934{padding-top: 37px !important;padding-bottom: 65px !important;padding-left: 30px !important;}&#8221; el_class=&#8221;sidebar-primary&#8221;]    <div class=\"es_quick-links \">\n        <h2 class=\"es_quick-links-title\">Acc\u00e8s rapide<\/h2>\n        <div class=\"menu-quick-links-french-container\"><ul id=\"menu-quick-links-french\" class=\"menu-quick-links\"><li id=\"menu-item-1262\" class=\"menu-item menu-item-type-post_type menu-item-object-page menu-item-1262\"><a href=\"https:\/\/www.essb.qc.ca\/fr\/informations-parent\/\" class=\"menu-link\">Information parents<\/a><\/li>\n<li id=\"menu-item-30856\" class=\"menu-item menu-item-type-post_type menu-item-object-post menu-item-30856\"><a href=\"https:\/\/www.essb.qc.ca\/fr\/processus-de-traitement-des-plaintes\/\" class=\"menu-link\">Traitement des plaintes<\/a><\/li>\n<li id=\"menu-item-1263\" class=\"menu-item menu-item-type-post_type menu-item-object-page menu-item-1263\"><a href=\"https:\/\/www.essb.qc.ca\/fr\/carrieres\/\" class=\"menu-link\">Carri\u00e8res \/ Stages<\/a><\/li>\n<li id=\"menu-item-1806\" class=\"menu-item menu-item-type-post_type menu-item-object-page menu-item-1806\"><a href=\"https:\/\/www.essb.qc.ca\/fr\/taxe-scolaire\/\" class=\"menu-link\">Taxe scolaire<\/a><\/li>\n<li id=\"menu-item-21482\" class=\"menu-item menu-item-type-custom menu-item-object-custom menu-item-21482\"><a href=\"https:\/\/www.essb.qc.ca\/adult-and-vocational-education\/service-to-business\" class=\"menu-link\">Service aux entreprises<\/a><\/li>\n<\/ul><\/div>    <\/div>\n    [\/vc_column][\/vc_row]<\/p>\n<\/div>","protected":false},"excerpt":{"rendered":"<p>[vc_row][vc_column width=&#8221;2\/3&#8243; css=&#8221;.vc_custom_1646192005543{margin-bottom: 80px !important;padding-top: 37px !important;padding-right: 50px !important;}&#8221;][vc_row_inner][vc_column_inner width=&#8221;1\/3&#8243;][vc_column_text]Notre \u00e9quipe Directrice : Beryl Boyle Responsable d&#8217;\u00e9cole: Marie Claude Brulotte Secr\u00e9taire : Helen Lucas[\/vc_column_text][\/vc_column_inner][vc_column_inner width=&#8221;1\/3&#8243;][vc_column_text css=&#8221;.vc_custom_1649563912830{padding-top: 55px !important;}&#8221;]1298, Route 132,<\/p>\n<p class=\"read-more\"> <a class=\"\" href=\"https:\/\/easternshore.rm.jolistage.com\/news-title-3\/\"> <span class=\"screen-reader-text\">News title<\/span> Read More ><\/a><\/p>\n","protected":false},"author":1,"featured_media":0,"parent":1099,"menu_order":0,"comment_status":"closed","ping_status":"closed","template":"","meta":{"_acf_changed":false,"site-sidebar-layout":"no-sidebar","site-content-layout":"plain-container","ast-site-content-layout":"normal-width-container","site-content-style":"unboxed","site-sidebar-style":"unboxed","ast-global-header-display":"","ast-banner-title-visibility":"","ast-main-header-display":"","ast-hfb-above-header-display":"","ast-hfb-below-header-display":"","ast-hfb-mobile-header-display":"","site-post-title":"","ast-breadcrumbs-content":"","ast-featured-img":"disabled","footer-sml-layout":"","ast-disable-related-posts":"","theme-transparent-header-meta":"default","adv-header-id-meta":"","stick-header-meta":"","header-above-stick-meta":"","header-main-stick-meta":"","header-below-stick-meta":"","astra-migrate-meta-layouts":"set","ast-page-background-enabled":"default","ast-page-background-meta":{"desktop":{"background-color":"var(--ast-global-color-4)","background-image":"","background-repeat":"repeat","background-position":"center center","background-size":"auto","background-attachment":"scroll","background-type":"","background-media":"","overlay-type":"","overlay-color":"","overlay-opacity":"","overlay-gradient":""},"tablet":{"background-color":"","background-image":"","background-repeat":"repeat","background-position":"center center","background-size":"auto","background-attachment":"scroll","background-type":"","background-media":"","overlay-type":"","overlay-color":"","overlay-opacity":"","overlay-gradient":""},"mobile":{"background-color":"","background-image":"","background-repeat":"repeat","background-position":"center center","background-size":"auto","background-attachment":"scroll","background-type":"","background-media":"","overlay-type":"","overlay-color":"","overlay-opacity":"","overlay-gradient":""}},"ast-content-background-meta":{"desktop":{"background-color":"var(--ast-global-color-5)","background-image":"","background-repeat":"repeat","background-position":"center center","background-size":"auto","background-attachment":"scroll","background-type":"","background-media":"","overlay-type":"","overlay-color":"","overlay-opacity":"","overlay-gradient":""},"tablet":{"background-color":"var(--ast-global-color-5)","background-image":"","background-repeat":"repeat","background-position":"center center","background-size":"auto","background-attachment":"scroll","background-type":"","background-media":"","overlay-type":"","overlay-color":"","overlay-opacity":"","overlay-gradient":""},"mobile":{"background-color":"var(--ast-global-color-5)","background-image":"","background-repeat":"repeat","background-position":"center center","background-size":"auto","background-attachment":"scroll","background-type":"","background-media":"","overlay-type":"","overlay-color":"","overlay-opacity":"","overlay-gradient":""}},"footnotes":""},"class_list":["post-1108","page","type-page","status-publish","hentry"],"acf":[],"yoast_head":"<!-- This site is optimized with the Yoast SEO plugin v26.8 - https:\/\/yoast.com\/product\/yoast-seo-wordpress\/ -->\n<title>\u00c9cole Belle Anse - Eastern Shores<\/title>\n<meta name=\"robots\" content=\"index, follow, max-snippet:-1, max-image-preview:large, max-video-preview:-1\" \/>\n<link rel=\"canonical\" href=\"https:\/\/www.essb.qc.ca\/fr\/ecoles\/ecole-belle-anse\/\" \/>\n<meta property=\"og:locale\" content=\"fr_FR\" \/>\n<meta property=\"og:type\" content=\"article\" \/>\n<meta property=\"og:title\" content=\"\u00c9cole Belle Anse - Eastern Shores\" \/>\n<meta property=\"og:description\" content=\"[vc_row][vc_column width=&#8221;2\/3&#8243; css=&#8221;.vc_custom_1646192005543{margin-bottom: 80px !important;padding-top: 37px !important;padding-right: 50px !important;}&#8221;][vc_row_inner][vc_column_inner width=&#8221;1\/3&#8243;][vc_column_text]Notre \u00e9quipe Directrice : Beryl Boyle Responsable d&#8217;\u00e9cole: Marie Claude Brulotte Secr\u00e9taire : Helen Lucas[\/vc_column_text][\/vc_column_inner][vc_column_inner width=&#8221;1\/3&#8243;][vc_column_text css=&#8221;.vc_custom_1649563912830{padding-top: 55px !important;}&#8221;]1298, Route 132, News title Read More &gt;\" \/>\n<meta property=\"og:url\" content=\"https:\/\/www.essb.qc.ca\/fr\/ecoles\/ecole-belle-anse\/\" \/>\n<meta property=\"og:site_name\" content=\"Eastern Shores\" \/>\n<meta property=\"article:modified_time\" content=\"2026-05-13T19:28:02+00:00\" \/>\n<meta property=\"og:image\" content=\"https:\/\/www.essb.qc.ca\/wp-content\/uploads\/2022\/10\/easternshores.jpg\" \/>\n\t<meta property=\"og:image:width\" content=\"1439\" \/>\n\t<meta property=\"og:image:height\" content=\"1080\" \/>\n\t<meta property=\"og:image:type\" content=\"image\/jpeg\" \/>\n<meta name=\"twitter:card\" content=\"summary_large_image\" \/>\n<meta name=\"twitter:label1\" content=\"Dur\u00e9e de lecture estim\u00e9e\" \/>\n\t<meta name=\"twitter:data1\" content=\"2 minutes\" \/>\n<script type=\"application\/ld+json\" class=\"yoast-schema-graph\">{\"@context\":\"https:\/\/schema.org\",\"@graph\":[{\"@type\":\"WebPage\",\"@id\":\"https:\/\/www.essb.qc.ca\/fr\/ecoles\/ecole-belle-anse\/\",\"url\":\"https:\/\/www.essb.qc.ca\/fr\/ecoles\/ecole-belle-anse\/\",\"name\":\"\u00c9cole Belle Anse - Eastern Shores\",\"isPartOf\":{\"@id\":\"https:\/\/www.essb.qc.ca\/fr\/#website\"},\"datePublished\":\"2022-03-13T21:01:55+00:00\",\"dateModified\":\"2026-05-13T19:28:02+00:00\",\"breadcrumb\":{\"@id\":\"https:\/\/www.essb.qc.ca\/fr\/ecoles\/ecole-belle-anse\/#breadcrumb\"},\"inLanguage\":\"fr-FR\",\"potentialAction\":[{\"@type\":\"ReadAction\",\"target\":[\"https:\/\/www.essb.qc.ca\/fr\/ecoles\/ecole-belle-anse\/\"]}]},{\"@type\":\"BreadcrumbList\",\"@id\":\"https:\/\/www.essb.qc.ca\/fr\/ecoles\/ecole-belle-anse\/#breadcrumb\",\"itemListElement\":[{\"@type\":\"ListItem\",\"position\":1,\"name\":\"Home\",\"item\":\"https:\/\/www.essb.qc.ca\/fr\/\"},{\"@type\":\"ListItem\",\"position\":2,\"name\":\"\u00c9coles\",\"item\":\"https:\/\/www.essb.qc.ca\/fr\/ecoles\/\"},{\"@type\":\"ListItem\",\"position\":3,\"name\":\"\u00c9cole Belle Anse\"}]},{\"@type\":\"WebSite\",\"@id\":\"https:\/\/www.essb.qc.ca\/fr\/#website\",\"url\":\"https:\/\/www.essb.qc.ca\/fr\/\",\"name\":\"Eastern Shores\",\"description\":\"\",\"publisher\":{\"@id\":\"https:\/\/www.essb.qc.ca\/fr\/#organization\"},\"potentialAction\":[{\"@type\":\"SearchAction\",\"target\":{\"@type\":\"EntryPoint\",\"urlTemplate\":\"https:\/\/www.essb.qc.ca\/fr\/?s={search_term_string}\"},\"query-input\":{\"@type\":\"PropertyValueSpecification\",\"valueRequired\":true,\"valueName\":\"search_term_string\"}}],\"inLanguage\":\"fr-FR\"},{\"@type\":\"Organization\",\"@id\":\"https:\/\/www.essb.qc.ca\/fr\/#organization\",\"name\":\"Eastern Shores\",\"url\":\"https:\/\/www.essb.qc.ca\/fr\/\",\"logo\":{\"@type\":\"ImageObject\",\"inLanguage\":\"fr-FR\",\"@id\":\"https:\/\/www.essb.qc.ca\/fr\/#\/schema\/logo\/image\/\",\"url\":\"https:\/\/www.essb.qc.ca\/wp-content\/uploads\/2022\/10\/easternshores.jpg\",\"contentUrl\":\"https:\/\/www.essb.qc.ca\/wp-content\/uploads\/2022\/10\/easternshores.jpg\",\"width\":1439,\"height\":1080,\"caption\":\"Eastern Shores\"},\"image\":{\"@id\":\"https:\/\/www.essb.qc.ca\/fr\/#\/schema\/logo\/image\/\"}}]}<\/script>\n<!-- \/ Yoast SEO plugin. -->","yoast_head_json":{"title":"\u00c9cole Belle Anse - Eastern Shores","robots":{"index":"index","follow":"follow","max-snippet":"max-snippet:-1","max-image-preview":"max-image-preview:large","max-video-preview":"max-video-preview:-1"},"canonical":"https:\/\/www.essb.qc.ca\/fr\/ecoles\/ecole-belle-anse\/","og_locale":"fr_FR","og_type":"article","og_title":"\u00c9cole Belle Anse - Eastern Shores","og_description":"[vc_row][vc_column width=&#8221;2\/3&#8243; css=&#8221;.vc_custom_1646192005543{margin-bottom: 80px !important;padding-top: 37px !important;padding-right: 50px !important;}&#8221;][vc_row_inner][vc_column_inner width=&#8221;1\/3&#8243;][vc_column_text]Notre \u00e9quipe Directrice : Beryl Boyle Responsable d&#8217;\u00e9cole: Marie Claude Brulotte Secr\u00e9taire : Helen Lucas[\/vc_column_text][\/vc_column_inner][vc_column_inner width=&#8221;1\/3&#8243;][vc_column_text css=&#8221;.vc_custom_1649563912830{padding-top: 55px !important;}&#8221;]1298, Route 132, News title Read More >","og_url":"https:\/\/www.essb.qc.ca\/fr\/ecoles\/ecole-belle-anse\/","og_site_name":"Eastern Shores","article_modified_time":"2026-05-13T19:28:02+00:00","og_image":[{"width":1439,"height":1080,"url":"https:\/\/www.essb.qc.ca\/wp-content\/uploads\/2022\/10\/easternshores.jpg","type":"image\/jpeg"}],"twitter_card":"summary_large_image","twitter_misc":{"Dur\u00e9e de lecture estim\u00e9e":"2 minutes"},"schema":{"@context":"https:\/\/schema.org","@graph":[{"@type":"WebPage","@id":"https:\/\/www.essb.qc.ca\/fr\/ecoles\/ecole-belle-anse\/","url":"https:\/\/www.essb.qc.ca\/fr\/ecoles\/ecole-belle-anse\/","name":"\u00c9cole Belle Anse - Eastern Shores","isPartOf":{"@id":"https:\/\/www.essb.qc.ca\/fr\/#website"},"datePublished":"2022-03-13T21:01:55+00:00","dateModified":"2026-05-13T19:28:02+00:00","breadcrumb":{"@id":"https:\/\/www.essb.qc.ca\/fr\/ecoles\/ecole-belle-anse\/#breadcrumb"},"inLanguage":"fr-FR","potentialAction":[{"@type":"ReadAction","target":["https:\/\/www.essb.qc.ca\/fr\/ecoles\/ecole-belle-anse\/"]}]},{"@type":"BreadcrumbList","@id":"https:\/\/www.essb.qc.ca\/fr\/ecoles\/ecole-belle-anse\/#breadcrumb","itemListElement":[{"@type":"ListItem","position":1,"name":"Home","item":"https:\/\/www.essb.qc.ca\/fr\/"},{"@type":"ListItem","position":2,"name":"\u00c9coles","item":"https:\/\/www.essb.qc.ca\/fr\/ecoles\/"},{"@type":"ListItem","position":3,"name":"\u00c9cole Belle Anse"}]},{"@type":"WebSite","@id":"https:\/\/www.essb.qc.ca\/fr\/#website","url":"https:\/\/www.essb.qc.ca\/fr\/","name":"Eastern Shores","description":"","publisher":{"@id":"https:\/\/www.essb.qc.ca\/fr\/#organization"},"potentialAction":[{"@type":"SearchAction","target":{"@type":"EntryPoint","urlTemplate":"https:\/\/www.essb.qc.ca\/fr\/?s={search_term_string}"},"query-input":{"@type":"PropertyValueSpecification","valueRequired":true,"valueName":"search_term_string"}}],"inLanguage":"fr-FR"},{"@type":"Organization","@id":"https:\/\/www.essb.qc.ca\/fr\/#organization","name":"Eastern Shores","url":"https:\/\/www.essb.qc.ca\/fr\/","logo":{"@type":"ImageObject","inLanguage":"fr-FR","@id":"https:\/\/www.essb.qc.ca\/fr\/#\/schema\/logo\/image\/","url":"https:\/\/www.essb.qc.ca\/wp-content\/uploads\/2022\/10\/easternshores.jpg","contentUrl":"https:\/\/www.essb.qc.ca\/wp-content\/uploads\/2022\/10\/easternshores.jpg","width":1439,"height":1080,"caption":"Eastern Shores"},"image":{"@id":"https:\/\/www.essb.qc.ca\/fr\/#\/schema\/logo\/image\/"}}]}},"_links":{"self":[{"href":"https:\/\/www.essb.qc.ca\/fr\/wp-json\/wp\/v2\/pages\/1108","targetHints":{"allow":["GET"]}}],"collection":[{"href":"https:\/\/www.essb.qc.ca\/fr\/wp-json\/wp\/v2\/pages"}],"about":[{"href":"https:\/\/www.essb.qc.ca\/fr\/wp-json\/wp\/v2\/types\/page"}],"author":[{"embeddable":true,"href":"https:\/\/www.essb.qc.ca\/fr\/wp-json\/wp\/v2\/users\/1"}],"replies":[{"embeddable":true,"href":"https:\/\/www.essb.qc.ca\/fr\/wp-json\/wp\/v2\/comments?post=1108"}],"version-history":[{"count":22,"href":"https:\/\/www.essb.qc.ca\/fr\/wp-json\/wp\/v2\/pages\/1108\/revisions"}],"predecessor-version":[{"id":84594,"href":"https:\/\/www.essb.qc.ca\/fr\/wp-json\/wp\/v2\/pages\/1108\/revisions\/84594"}],"up":[{"embeddable":true,"href":"https:\/\/www.essb.qc.ca\/fr\/wp-json\/wp\/v2\/pages\/1099"}],"wp:attachment":[{"href":"https:\/\/www.essb.qc.ca\/fr\/wp-json\/wp\/v2\/media?parent=1108"}],"curies":[{"name":"wp","href":"https:\/\/api.w.org\/{rel}","templated":true}]}}