{"id":1048,"date":"2022-03-12T16:02:27","date_gmt":"2022-03-12T21:02:27","guid":{"rendered":"https:\/\/essb.jolistage.com\/poliques\/"},"modified":"2026-02-18T15:15:14","modified_gmt":"2026-02-18T20:15:14","slug":"poliques","status":"publish","type":"page","link":"https:\/\/www.essb.qc.ca\/fr\/notre-organisation\/gouvernance\/poliques\/","title":{"rendered":"Politiques"},"content":{"rendered":"<div class=\"wpb-content-wrapper\"><p>[vc_row][vc_column width=&#8221;2\/3&#8243; css=&#8221;.vc_custom_1642549408860{padding-top: 37px !important;padding-right: 50px !important;}&#8221;]<div class='es_text_container es_font-regular '>Toutes les informations n\u00e9cessaires au bon fonctionnement de la Commission scolaire Eastern Shores (CSES) sont facilement accessibles. Des lignes directrices ont \u00e9t\u00e9 \u00e9labor\u00e9es pour le fonctionnement administratif et p\u00e9dagogique de notre commission scolaire. Ces lignes directrices sont communiqu\u00e9es au moyen de r\u00e8glements, ainsi qu\u2019un ensemble de politiques administratives et \u00e9ducatives, accompagn\u00e9es de proc\u00e9dures connexes. Ils seront publi\u00e9s d\u00e8s leur approbation par le Conseil des commissaires et r\u00e9vis\u00e9s au besoin. Des copies sont disponibles en fran\u00e7ais et en anglais sur notre site Web.<\/p>\n<h1>R\u00e8glements<\/h1>\n<p><a href=\"https:\/\/www.essb.qc.ca\/wp-content\/uploads\/2025\/06\/By-Law-8-2025-2026-C25-06-260.pdf\" target=\"_blank\" rel=\"noopener\">R\u00e8glement 08 &#8211; Jour, Heure et Lieu des s\u00e9ances du Comit\u00e9 Ex\u00e9cutif et du Conseil des Commissaires<\/a><br \/>\n<a href=\"https:\/\/www.essb.qc.ca\/wp-content\/uploads\/2022\/10\/Reglement-no-9-Code-de-deontologie-et-de-conduite-professionnelle-des-commissaires.pdf\" target=\"_blank\" rel=\"noopener\">R\u00e8glement 09 &#8211; Code de D\u00e9ontologie du Conseil des Commissaires<\/a><br \/>\n<a href=\"https:\/\/www.essb.qc.ca\/wp-content\/uploads\/2022\/10\/Reglement-no-10-Participation-virtuelle.pdf\" target=\"_blank\" rel=\"noopener\">R\u00e8glement 10 &#8211; Participation virtuelle<\/a><br \/>\n<a href=\"https:\/\/www.essb.qc.ca\/wp-content\/uploads\/2025\/05\/Reglement-11-Resolution-des-plaintes.pdf\" target=\"_blank\" rel=\"noopener\">R\u00e8glement 11 &#8211; R\u00e9solution des plaintes<\/a><br \/>\n<a href=\"https:\/\/www.essb.qc.ca\/wp-content\/uploads\/2025\/06\/Reglement-no-14-Delegation-de-fonctions-et-de-pouvoirs-C25-06-261.pdf\" target=\"_blank\" rel=\"noopener\">R\u00e8glement 14 &#8211; D\u00e9l\u00e9gation de fonctions et de Pouvoirs<\/a><\/div><div class='es_text_container es_font-regular '><\/p>\n<h1>Politiques<\/h1>\n<p><a href=\"https:\/\/www.essb.qc.ca\/wp-content\/uploads\/2025\/11\/CS-104-Services-de-Garde-en-Milieu-Scolaire_-C25-11-313.pdf\">CS-104 &#8211; Politique Service de Garde en Milieu Scolaire<\/a><br \/>\n<a href=\"https:\/\/www.essb.qc.ca\/wp-content\/uploads\/2025\/11\/CS-104_P.01-Services-de-Garde-en-Milieu-Scolaire-C25-11-313.pdf\">CS-104 P.01 &#8211; Proc\u00e9dure Service de Garde en Milieu Scolaire<\/a><br \/>\n<a href=\"https:\/\/www.essb.qc.ca\/wp-content\/uploads\/2022\/02\/ES-103.pdf\" target=\"_blank\" rel=\"noopener\">ES-103 &#8211; Gestion de Dossier de l\u2019\u00e9l\u00e8ve<\/a><br \/>\n<a href=\"https:\/\/www.essb.qc.ca\/wp-content\/uploads\/2022\/12\/ES-106-Maintien-Modification-et-Fermeture-des-ecoles-et-des-centres-C22-02-830.pdf\" target=\"_blank\" rel=\"noopener\">ES-106 &#8211; Mantien, Modifications \u00e0 l\u2019acte d\u2019\u00c9tablissement et Fermure des \u00c9coles Sous l`Autorit\u00e9 de la Commission Scolaire Eastern Shores<\/a><br \/>\n<a href=\"https:\/\/www.essb.qc.ca\/wp-content\/uploads\/2022\/10\/ES-107-Evaluation-des-Apprensissages.pdf\" target=\"_blank\" rel=\"noopener\">ES-107 &#8211; \u00c9valuation des Apprentissages de L`\u00e9l\u00e8ve<\/a><br \/>\n<a href=\"https:\/\/www.essb.qc.ca\/wp-content\/uploads\/2022\/11\/ES-151-Policy-Special-Needs-f.pdf\" target=\"_blank\" rel=\"noopener\">ES-151 &#8211; Politique relative \u00e0 l&#8217;organization des services \u00e9ducatifs aux \u00e9l\u00e8ves handicap\u00e9s et aux \u00e9l\u00e8ves en difficult\u00e9 d&#8217;adaptation ou d&#8217;apprentissage<\/a><br \/>\n<a href=\"https:\/\/www.essb.qc.ca\/wp-content\/uploads\/2022\/11\/ES-164-Substance-Abuse-French.pdf\" target=\"_blank\" rel=\"noopener\">ES-164 &#8211; Politique Sur Les Substances Ill\u00e9gales<\/a><br \/>\n<a href=\"https:\/\/www.essb.qc.ca\/wp-content\/uploads\/2022\/10\/ES-165-Un-milieu-scolaire-securitaire-et-bienveillant.pdf\" target=\"_blank\" rel=\"noopener\">ES-165 &#8211; Un milieu scolaire s\u00e9curitaire et bienveillant<\/a><br \/>\n<a href=\"https:\/\/www.essb.qc.ca\/wp-content\/uploads\/2022\/10\/ES-174-bilingual-Adm.-de-medicament-Adm.-Meds-at-school.pdf\" target=\"_blank\" rel=\"noopener\">ES-174 &#8211; Politique sur L\u2019administration de M\u00e9dicaments en Milieu Scolaire, sure les Directives de Premiers Soins et sur les Accidents<\/a><br \/>\n<a href=\"https:\/\/www.essb.qc.ca\/wp-content\/uploads\/2022\/10\/ES-177-Sante-et-securite-au-travail.pdf\" target=\"_blank\" rel=\"noopener\">ES-177 &#8211; Sant\u00e9 et s\u00e9curit\u00e9 au travail<\/a><br \/>\n<a href=\"https:\/\/www.essb.qc.ca\/wp-content\/uploads\/2022\/02\/ES-184.pdf\" target=\"_blank\" rel=\"noopener\">ES-184 &#8211; Politique relative au droit d&#8217;auteur<\/a><br \/>\n<a href=\"https:\/\/www.essb.qc.ca\/wp-content\/uploads\/2022\/10\/ES-185-DISCRIMINATION-HARCELEMENT-ORIENTATION-SEXUELLE-ET-IDENTITE-DE-GENRE-DANS-LES-ETABLISSEMENTS-SCOLAIRES.pdf\" target=\"_blank\" rel=\"noopener\">ES-185 &#8211; Discrimination, Harc\u00e8lement, Orientation Sexuelle et Identit\u00e9 de Genre dans les \u00c9tablissements Scolaires<\/a><br \/>\n<a href=\"https:\/\/www.essb.qc.ca\/wp-content\/uploads\/2024\/01\/ES-186-Politique-sur-le-tabac-les-drogues-et-lalcool.pdf\">ES-186 &#8211; Politique sur le tabac, les drogues et l&#8217;alcool<\/a><br \/>\n<a href=\"https:\/\/www.essb.qc.ca\/wp-content\/uploads\/2022\/10\/ES-187-PROMOTION-DES-ARTS-ET-DE-LA-CULTURE.pdf\" target=\"_blank\" rel=\"noopener\">ES-187 &#8211; Promotion des arts et de la culture<\/a><br \/>\n<a href=\"https:\/\/www.essb.qc.ca\/wp-content\/uploads\/2022\/10\/ES-188-Politique-Linguistique.pdf\" target=\"_blank\" rel=\"noopener\">ES-188 &#8211; Politique Linguistique<\/a><br \/>\n<a href=\"https:\/\/www.essb.qc.ca\/wp-content\/uploads\/2025\/04\/ES-209-Prevenir-le-harcelement-la-violence-et-de-promouvoir-la-civilite.pdf\">ES-209 &#8211; Politique de harc\u00e8lement<\/a><br \/>\n<a href=\"https:\/\/www.essb.qc.ca\/wp-content\/uploads\/2022\/10\/ES-221-FR.pdf\" target=\"_blank\" rel=\"noopener\">ES-221 &#8211; Politique sur le transport<\/a><br \/>\n<a href=\"https:\/\/www.essb.qc.ca\/wp-content\/uploads\/2025\/05\/ES-243-Politique-dachat.pdf\" target=\"_blank\" rel=\"noopener\">ES-243 &#8211; Politique d&#8217;achat des biens et des services<\/a><br \/>\n<a href=\"https:\/\/www.essb.qc.ca\/wp-content\/uploads\/2024\/02\/ES-244-Alientation-des-biens.pdf\">ES-244 &#8211; Alimentation des biens<\/a><br \/>\n<a href=\"https:\/\/www.essb.qc.ca\/wp-content\/uploads\/2022\/10\/ES-245-Politique-relative-a-la-gestion-des-risques-en-matiere-de-corruption-et-de-collusion-dans-les-processus-de-gestion-contractuelle.pdf\" target=\"_blank\" rel=\"noopener\">ES-245 &#8211; Politique relative \u00e0 la gestion des risques de corruption et de collusion dans les processus de gestion contractuelle<\/a><br \/>\n<a href=\"https:\/\/www.essb.qc.ca\/wp-content\/uploads\/2022\/10\/ES-246-La-Securite-de-l-information-FR.pdf\" target=\"_blank\" rel=\"noopener\">ES-246 &#8211; Politique sur la s\u00e9curit\u00e9 de l&#8217;Information<\/a><br \/>\n<a href=\"https:\/\/www.essb.qc.ca\/wp-content\/uploads\/2022\/10\/ES-250-Access-and-Acceptable-Use-French.pdf\" target=\"_blank\" rel=\"noopener\">ES-250 &#8211;\u00a0Acc\u00e8s aux technologies de l\u2019information et des communications et utilisation acceptable<\/a><br \/>\n<a href=\"https:\/\/www.essb.qc.ca\/wp-content\/uploads\/2025\/11\/FS-233_Remboursement-des-frais-de-deplacement-et-dhebergement_C25-11-213-1.pdf\" target=\"_blank\" rel=\"noopener\">FS-233 &#8211; Politique de Frais de D\u00e9placements et de S\u00e9jours<\/a><br \/>\n<a href=\"https:\/\/www.essb.qc.ca\/wp-content\/uploads\/2025\/11\/FS-233_P.01-Remboursement-des-frais-de-deplacement-et-dhebergement_C25-11-312.pdf\">FS-233 P.01 &#8211; Proc\u00e9dure de Frais de D\u00e9placements et de S\u00e9jours<\/a><\/div>[\/vc_column][vc_column width=&#8221;1\/3&#8243; css=&#8221;.vc_custom_1643307697934{padding-top: 37px !important;padding-bottom: 65px !important;padding-left: 30px !important;}&#8221; el_class=&#8221;sidebar-primary&#8221;]    <div class=\"es_quick-links \">\n        <h2 class=\"es_quick-links-title\">Acc\u00e8s rapide<\/h2>\n        <div class=\"menu-quick-links-french-container\"><ul id=\"menu-quick-links-french\" class=\"menu-quick-links\"><li id=\"menu-item-1262\" class=\"menu-item menu-item-type-post_type menu-item-object-page menu-item-1262\"><a href=\"https:\/\/www.essb.qc.ca\/fr\/informations-parent\/\" class=\"menu-link\">Information parents<\/a><\/li>\n<li id=\"menu-item-30856\" class=\"menu-item menu-item-type-post_type menu-item-object-post menu-item-30856\"><a href=\"https:\/\/www.essb.qc.ca\/fr\/processus-de-traitement-des-plaintes\/\" class=\"menu-link\">Traitement des plaintes<\/a><\/li>\n<li id=\"menu-item-1263\" class=\"menu-item menu-item-type-post_type menu-item-object-page menu-item-1263\"><a href=\"https:\/\/www.essb.qc.ca\/fr\/carrieres\/\" class=\"menu-link\">Carri\u00e8res \/ Stages<\/a><\/li>\n<li id=\"menu-item-1806\" class=\"menu-item menu-item-type-post_type menu-item-object-page menu-item-1806\"><a href=\"https:\/\/www.essb.qc.ca\/fr\/taxe-scolaire\/\" class=\"menu-link\">Taxe scolaire<\/a><\/li>\n<li id=\"menu-item-21482\" class=\"menu-item menu-item-type-custom menu-item-object-custom menu-item-21482\"><a href=\"https:\/\/www.essb.qc.ca\/adult-and-vocational-education\/service-to-business\" class=\"menu-link\">Service aux entreprises<\/a><\/li>\n<\/ul><\/div>    <\/div>\n    [\/vc_column][\/vc_row]<\/p>\n<\/div>","protected":false},"excerpt":{"rendered":"<p>[vc_row][vc_column width=&#8221;2\/3&#8243; css=&#8221;.vc_custom_1642549408860{padding-top: 37px !important;padding-right: 50px !important;}&#8221;][\/vc_column][vc_column width=&#8221;1\/3&#8243; css=&#8221;.vc_custom_1643307697934{padding-top: 37px !important;padding-bottom: 65px !important;padding-left: 30px !important;}&#8221; el_class=&#8221;sidebar-primary&#8221;][\/vc_column][\/vc_row]<\/p>\n","protected":false},"author":1,"featured_media":0,"parent":982,"menu_order":0,"comment_status":"closed","ping_status":"closed","template":"","meta":{"_acf_changed":false,"site-sidebar-layout":"no-sidebar","site-content-layout":"plain-container","ast-site-content-layout":"normal-width-container","site-content-style":"unboxed","site-sidebar-style":"unboxed","ast-global-header-display":"","ast-banner-title-visibility":"","ast-main-header-display":"","ast-hfb-above-header-display":"","ast-hfb-below-header-display":"","ast-hfb-mobile-header-display":"","site-post-title":"","ast-breadcrumbs-content":"","ast-featured-img":"disabled","footer-sml-layout":"","ast-disable-related-posts":"","theme-transparent-header-meta":"default","adv-header-id-meta":"","stick-header-meta":"","header-above-stick-meta":"","header-main-stick-meta":"","header-below-stick-meta":"","astra-migrate-meta-layouts":"set","ast-page-background-enabled":"default","ast-page-background-meta":{"desktop":{"background-color":"var(--ast-global-color-4)","background-image":"","background-repeat":"repeat","background-position":"center center","background-size":"auto","background-attachment":"scroll","background-type":"","background-media":"","overlay-type":"","overlay-color":"","overlay-opacity":"","overlay-gradient":""},"tablet":{"background-color":"","background-image":"","background-repeat":"repeat","background-position":"center center","background-size":"auto","background-attachment":"scroll","background-type":"","background-media":"","overlay-type":"","overlay-color":"","overlay-opacity":"","overlay-gradient":""},"mobile":{"background-color":"","background-image":"","background-repeat":"repeat","background-position":"center center","background-size":"auto","background-attachment":"scroll","background-type":"","background-media":"","overlay-type":"","overlay-color":"","overlay-opacity":"","overlay-gradient":""}},"ast-content-background-meta":{"desktop":{"background-color":"var(--ast-global-color-5)","background-image":"","background-repeat":"repeat","background-position":"center center","background-size":"auto","background-attachment":"scroll","background-type":"","background-media":"","overlay-type":"","overlay-color":"","overlay-opacity":"","overlay-gradient":""},"tablet":{"background-color":"var(--ast-global-color-5)","background-image":"","background-repeat":"repeat","background-position":"center center","background-size":"auto","background-attachment":"scroll","background-type":"","background-media":"","overlay-type":"","overlay-color":"","overlay-opacity":"","overlay-gradient":""},"mobile":{"background-color":"var(--ast-global-color-5)","background-image":"","background-repeat":"repeat","background-position":"center center","background-size":"auto","background-attachment":"scroll","background-type":"","background-media":"","overlay-type":"","overlay-color":"","overlay-opacity":"","overlay-gradient":""}},"footnotes":""},"class_list":["post-1048","page","type-page","status-publish","hentry"],"acf":[],"yoast_head":"<!-- This site is optimized with the Yoast SEO plugin v26.8 - https:\/\/yoast.com\/product\/yoast-seo-wordpress\/ -->\n<title>Politiques - Eastern Shores<\/title>\n<meta name=\"robots\" content=\"index, follow, max-snippet:-1, max-image-preview:large, max-video-preview:-1\" \/>\n<link rel=\"canonical\" href=\"https:\/\/www.essb.qc.ca\/fr\/notre-organisation\/gouvernance\/poliques\/\" \/>\n<meta property=\"og:locale\" content=\"fr_FR\" \/>\n<meta property=\"og:type\" content=\"article\" \/>\n<meta property=\"og:title\" content=\"Politiques - Eastern Shores\" \/>\n<meta property=\"og:description\" content=\"[vc_row][vc_column width=&#8221;2\/3&#8243; css=&#8221;.vc_custom_1642549408860{padding-top: 37px !important;padding-right: 50px !important;}&#8221;][\/vc_column][vc_column width=&#8221;1\/3&#8243; css=&#8221;.vc_custom_1643307697934{padding-top: 37px !important;padding-bottom: 65px !important;padding-left: 30px !important;}&#8221; el_class=&#8221;sidebar-primary&#8221;][\/vc_column][\/vc_row]\" \/>\n<meta property=\"og:url\" content=\"https:\/\/www.essb.qc.ca\/fr\/notre-organisation\/gouvernance\/poliques\/\" \/>\n<meta property=\"og:site_name\" content=\"Eastern Shores\" \/>\n<meta property=\"article:modified_time\" content=\"2026-02-18T20:15:14+00:00\" \/>\n<meta property=\"og:image\" content=\"https:\/\/www.essb.qc.ca\/wp-content\/uploads\/2022\/10\/easternshores.jpg\" \/>\n\t<meta property=\"og:image:width\" content=\"1439\" \/>\n\t<meta property=\"og:image:height\" content=\"1080\" \/>\n\t<meta property=\"og:image:type\" content=\"image\/jpeg\" \/>\n<meta name=\"twitter:card\" content=\"summary_large_image\" \/>\n<meta name=\"twitter:label1\" content=\"Dur\u00e9e de lecture estim\u00e9e\" \/>\n\t<meta name=\"twitter:data1\" content=\"2 minutes\" \/>\n<script type=\"application\/ld+json\" class=\"yoast-schema-graph\">{\"@context\":\"https:\/\/schema.org\",\"@graph\":[{\"@type\":\"WebPage\",\"@id\":\"https:\/\/www.essb.qc.ca\/fr\/notre-organisation\/gouvernance\/poliques\/\",\"url\":\"https:\/\/www.essb.qc.ca\/fr\/notre-organisation\/gouvernance\/poliques\/\",\"name\":\"Politiques - Eastern Shores\",\"isPartOf\":{\"@id\":\"https:\/\/www.essb.qc.ca\/fr\/#website\"},\"datePublished\":\"2022-03-12T21:02:27+00:00\",\"dateModified\":\"2026-02-18T20:15:14+00:00\",\"breadcrumb\":{\"@id\":\"https:\/\/www.essb.qc.ca\/fr\/notre-organisation\/gouvernance\/poliques\/#breadcrumb\"},\"inLanguage\":\"fr-FR\",\"potentialAction\":[{\"@type\":\"ReadAction\",\"target\":[\"https:\/\/www.essb.qc.ca\/fr\/notre-organisation\/gouvernance\/poliques\/\"]}]},{\"@type\":\"BreadcrumbList\",\"@id\":\"https:\/\/www.essb.qc.ca\/fr\/notre-organisation\/gouvernance\/poliques\/#breadcrumb\",\"itemListElement\":[{\"@type\":\"ListItem\",\"position\":1,\"name\":\"Home\",\"item\":\"https:\/\/www.essb.qc.ca\/fr\/\"},{\"@type\":\"ListItem\",\"position\":2,\"name\":\"Notre organisation\",\"item\":\"https:\/\/www.essb.qc.ca\/fr\/notre-organisation\/\"},{\"@type\":\"ListItem\",\"position\":3,\"name\":\"Gouvernance\",\"item\":\"https:\/\/www.essb.qc.ca\/fr\/notre-organisation\/gouvernance\/\"},{\"@type\":\"ListItem\",\"position\":4,\"name\":\"Politiques\"}]},{\"@type\":\"WebSite\",\"@id\":\"https:\/\/www.essb.qc.ca\/fr\/#website\",\"url\":\"https:\/\/www.essb.qc.ca\/fr\/\",\"name\":\"Eastern Shores\",\"description\":\"\",\"publisher\":{\"@id\":\"https:\/\/www.essb.qc.ca\/fr\/#organization\"},\"potentialAction\":[{\"@type\":\"SearchAction\",\"target\":{\"@type\":\"EntryPoint\",\"urlTemplate\":\"https:\/\/www.essb.qc.ca\/fr\/?s={search_term_string}\"},\"query-input\":{\"@type\":\"PropertyValueSpecification\",\"valueRequired\":true,\"valueName\":\"search_term_string\"}}],\"inLanguage\":\"fr-FR\"},{\"@type\":\"Organization\",\"@id\":\"https:\/\/www.essb.qc.ca\/fr\/#organization\",\"name\":\"Eastern Shores\",\"url\":\"https:\/\/www.essb.qc.ca\/fr\/\",\"logo\":{\"@type\":\"ImageObject\",\"inLanguage\":\"fr-FR\",\"@id\":\"https:\/\/www.essb.qc.ca\/fr\/#\/schema\/logo\/image\/\",\"url\":\"https:\/\/www.essb.qc.ca\/wp-content\/uploads\/2022\/10\/easternshores.jpg\",\"contentUrl\":\"https:\/\/www.essb.qc.ca\/wp-content\/uploads\/2022\/10\/easternshores.jpg\",\"width\":1439,\"height\":1080,\"caption\":\"Eastern Shores\"},\"image\":{\"@id\":\"https:\/\/www.essb.qc.ca\/fr\/#\/schema\/logo\/image\/\"}}]}<\/script>\n<!-- \/ Yoast SEO plugin. -->","yoast_head_json":{"title":"Politiques - Eastern Shores","robots":{"index":"index","follow":"follow","max-snippet":"max-snippet:-1","max-image-preview":"max-image-preview:large","max-video-preview":"max-video-preview:-1"},"canonical":"https:\/\/www.essb.qc.ca\/fr\/notre-organisation\/gouvernance\/poliques\/","og_locale":"fr_FR","og_type":"article","og_title":"Politiques - Eastern Shores","og_description":"[vc_row][vc_column width=&#8221;2\/3&#8243; css=&#8221;.vc_custom_1642549408860{padding-top: 37px !important;padding-right: 50px !important;}&#8221;][\/vc_column][vc_column width=&#8221;1\/3&#8243; css=&#8221;.vc_custom_1643307697934{padding-top: 37px !important;padding-bottom: 65px !important;padding-left: 30px !important;}&#8221; el_class=&#8221;sidebar-primary&#8221;][\/vc_column][\/vc_row]","og_url":"https:\/\/www.essb.qc.ca\/fr\/notre-organisation\/gouvernance\/poliques\/","og_site_name":"Eastern Shores","article_modified_time":"2026-02-18T20:15:14+00:00","og_image":[{"width":1439,"height":1080,"url":"https:\/\/www.essb.qc.ca\/wp-content\/uploads\/2022\/10\/easternshores.jpg","type":"image\/jpeg"}],"twitter_card":"summary_large_image","twitter_misc":{"Dur\u00e9e de lecture estim\u00e9e":"2 minutes"},"schema":{"@context":"https:\/\/schema.org","@graph":[{"@type":"WebPage","@id":"https:\/\/www.essb.qc.ca\/fr\/notre-organisation\/gouvernance\/poliques\/","url":"https:\/\/www.essb.qc.ca\/fr\/notre-organisation\/gouvernance\/poliques\/","name":"Politiques - Eastern Shores","isPartOf":{"@id":"https:\/\/www.essb.qc.ca\/fr\/#website"},"datePublished":"2022-03-12T21:02:27+00:00","dateModified":"2026-02-18T20:15:14+00:00","breadcrumb":{"@id":"https:\/\/www.essb.qc.ca\/fr\/notre-organisation\/gouvernance\/poliques\/#breadcrumb"},"inLanguage":"fr-FR","potentialAction":[{"@type":"ReadAction","target":["https:\/\/www.essb.qc.ca\/fr\/notre-organisation\/gouvernance\/poliques\/"]}]},{"@type":"BreadcrumbList","@id":"https:\/\/www.essb.qc.ca\/fr\/notre-organisation\/gouvernance\/poliques\/#breadcrumb","itemListElement":[{"@type":"ListItem","position":1,"name":"Home","item":"https:\/\/www.essb.qc.ca\/fr\/"},{"@type":"ListItem","position":2,"name":"Notre organisation","item":"https:\/\/www.essb.qc.ca\/fr\/notre-organisation\/"},{"@type":"ListItem","position":3,"name":"Gouvernance","item":"https:\/\/www.essb.qc.ca\/fr\/notre-organisation\/gouvernance\/"},{"@type":"ListItem","position":4,"name":"Politiques"}]},{"@type":"WebSite","@id":"https:\/\/www.essb.qc.ca\/fr\/#website","url":"https:\/\/www.essb.qc.ca\/fr\/","name":"Eastern Shores","description":"","publisher":{"@id":"https:\/\/www.essb.qc.ca\/fr\/#organization"},"potentialAction":[{"@type":"SearchAction","target":{"@type":"EntryPoint","urlTemplate":"https:\/\/www.essb.qc.ca\/fr\/?s={search_term_string}"},"query-input":{"@type":"PropertyValueSpecification","valueRequired":true,"valueName":"search_term_string"}}],"inLanguage":"fr-FR"},{"@type":"Organization","@id":"https:\/\/www.essb.qc.ca\/fr\/#organization","name":"Eastern Shores","url":"https:\/\/www.essb.qc.ca\/fr\/","logo":{"@type":"ImageObject","inLanguage":"fr-FR","@id":"https:\/\/www.essb.qc.ca\/fr\/#\/schema\/logo\/image\/","url":"https:\/\/www.essb.qc.ca\/wp-content\/uploads\/2022\/10\/easternshores.jpg","contentUrl":"https:\/\/www.essb.qc.ca\/wp-content\/uploads\/2022\/10\/easternshores.jpg","width":1439,"height":1080,"caption":"Eastern Shores"},"image":{"@id":"https:\/\/www.essb.qc.ca\/fr\/#\/schema\/logo\/image\/"}}]}},"_links":{"self":[{"href":"https:\/\/www.essb.qc.ca\/fr\/wp-json\/wp\/v2\/pages\/1048","targetHints":{"allow":["GET"]}}],"collection":[{"href":"https:\/\/www.essb.qc.ca\/fr\/wp-json\/wp\/v2\/pages"}],"about":[{"href":"https:\/\/www.essb.qc.ca\/fr\/wp-json\/wp\/v2\/types\/page"}],"author":[{"embeddable":true,"href":"https:\/\/www.essb.qc.ca\/fr\/wp-json\/wp\/v2\/users\/1"}],"replies":[{"embeddable":true,"href":"https:\/\/www.essb.qc.ca\/fr\/wp-json\/wp\/v2\/comments?post=1048"}],"version-history":[{"count":63,"href":"https:\/\/www.essb.qc.ca\/fr\/wp-json\/wp\/v2\/pages\/1048\/revisions"}],"predecessor-version":[{"id":77566,"href":"https:\/\/www.essb.qc.ca\/fr\/wp-json\/wp\/v2\/pages\/1048\/revisions\/77566"}],"up":[{"embeddable":true,"href":"https:\/\/www.essb.qc.ca\/fr\/wp-json\/wp\/v2\/pages\/982"}],"wp:attachment":[{"href":"https:\/\/www.essb.qc.ca\/fr\/wp-json\/wp\/v2\/media?parent=1048"}],"curies":[{"name":"wp","href":"https:\/\/api.w.org\/{rel}","templated":true}]}}